{"id":102777,"date":"2022-06-28T12:43:37","date_gmt":"2022-06-28T10:43:37","guid":{"rendered":"https:\/\/sim-usa.mobi\/rueckgaberichtlinien\/"},"modified":"2024-05-17T08:16:53","modified_gmt":"2024-05-17T06:16:53","slug":"erstattungs-und-ruckgabebestimmungen","status":"publish","type":"page","link":"https:\/\/sim-usa.mobi\/de\/erstattungs-und-ruckgabebestimmungen\/","title":{"rendered":"R\u00fcckerstattung &amp; R\u00fcckgabebedingungen"},"content":{"rendered":"\t\t<div data-elementor-type=\"wp-page\" data-elementor-id=\"102777\" class=\"elementor elementor-102777 elementor-102769\" data-elementor-post-type=\"page\">\n\t\t\t\t\t\t<section class=\"elementor-section elementor-top-section elementor-element elementor-element-3c8fd9a elementor-section-boxed elementor-section-height-default elementor-section-height-default\" data-id=\"3c8fd9a\" data-element_type=\"section\" data-e-type=\"section\">\n\t\t\t\t\t\t<div class=\"elementor-container elementor-column-gap-default\">\n\t\t\t\t\t<div class=\"elementor-column elementor-col-100 elementor-top-column elementor-element elementor-element-9bbdd21\" data-id=\"9bbdd21\" data-element_type=\"column\" data-e-type=\"column\">\n\t\t\t<div class=\"elementor-widget-wrap elementor-element-populated\">\n\t\t\t\t\t\t<div class=\"elementor-element elementor-element-c092908 elementor-widget elementor-widget-heading\" data-id=\"c092908\" data-element_type=\"widget\" data-e-type=\"widget\" data-widget_type=\"heading.default\">\n\t\t\t\t<div class=\"elementor-widget-container\">\n\t\t\t\t\t<h2 class=\"elementor-heading-title elementor-size-default\">R\u00fcckerstattung &amp; R\u00fcckgabebedingungen<\/h2>\t\t\t\t<\/div>\n\t\t\t\t<\/div>\n\t\t\t\t\t<\/div>\n\t\t<\/div>\n\t\t\t\t\t<\/div>\n\t\t<\/section>\n\t\t\t\t<section class=\"elementor-section elementor-top-section elementor-element elementor-element-97add8d elementor-section-boxed elementor-section-height-default elementor-section-height-default\" data-id=\"97add8d\" data-element_type=\"section\" data-e-type=\"section\">\n\t\t\t\t\t\t<div class=\"elementor-container elementor-column-gap-default\">\n\t\t\t\t\t<div class=\"elementor-column elementor-col-50 elementor-top-column elementor-element elementor-element-52e71ff\" data-id=\"52e71ff\" data-element_type=\"column\" data-e-type=\"column\">\n\t\t\t<div class=\"elementor-widget-wrap elementor-element-populated\">\n\t\t\t\t\t\t<div class=\"elementor-element elementor-element-2aaf346 elementor-widget elementor-widget-heading\" data-id=\"2aaf346\" data-element_type=\"widget\" data-e-type=\"widget\" data-widget_type=\"heading.default\">\n\t\t\t\t<div class=\"elementor-widget-container\">\n\t\t\t\t\t<h3 class=\"elementor-heading-title elementor-size-default\">Sim-Karte<\/h3>\t\t\t\t<\/div>\n\t\t\t\t<\/div>\n\t\t\t\t<div class=\"elementor-element elementor-element-10701ef3 elementor-widget elementor-widget-text-editor\" data-id=\"10701ef3\" data-element_type=\"widget\" data-e-type=\"widget\" data-widget_type=\"text-editor.default\">\n\t\t\t\t<div class=\"elementor-widget-container\">\n\t\t\t\t\t\t\t\t\t<p>Sie k\u00f6nnen die SIM-Karte innerhalb von 1 Jahr nach dem Kaufdatum zur\u00fcckgeben.<\/p>\n<p>Die Sim-Karte darf nicht aktiviert worden sein und die Kosten f\u00fcr die R\u00fccksendung per Standardpost gehen zu Ihren Lasten. Bitte kontaktieren Sie uns <a href=\"https:\/\/sim-usa.mobi\/de\/kontakt\/\"><u>hier<\/u><\/a>, um mit Ihrer R\u00fccksendung fortzufahren.<\/p>\n\t\t\t\t\t\t\t\t<\/div>\n\t\t\t\t<\/div>\n\t\t\t\t<div class=\"elementor-element elementor-element-158f164 elementor-widget__width-auto elementor-widget elementor-widget-heading\" data-id=\"158f164\" data-element_type=\"widget\" data-e-type=\"widget\" data-widget_type=\"heading.default\">\n\t\t\t\t<div class=\"elementor-widget-container\">\n\t\t\t\t\t<h3 class=\"elementor-heading-title elementor-size-default\">Ihre Reisepl\u00e4ne haben sich ge\u00e4ndert?<\/h3>\t\t\t\t<\/div>\n\t\t\t\t<\/div>\n\t\t\t\t<div class=\"elementor-element elementor-element-33b58e5 elementor-widget elementor-widget-text-editor\" data-id=\"33b58e5\" data-element_type=\"widget\" data-e-type=\"widget\" data-widget_type=\"text-editor.default\">\n\t\t\t\t<div class=\"elementor-widget-container\">\n\t\t\t\t\t\t\t\t\t<\/p>\n<p>Wenn sich Ihre Reisepl\u00e4ne ge\u00e4ndert haben, k\u00f6nnen Sie Ihre Simkarte behalten und sp\u00e4ter jederzeit aktivieren &#8211; ohne Zeitlimit.<\/p>\n<p>Bitte \u00fcberpr\u00fcfen Sie das auf der Sim-Karte angegebene Ablaufdatum (falls vorhanden). Wir tauschen es kostenlos und ohne zeitliche Begrenzung f\u00fcr Sie um. In diesem Fall <a href=\"https:\/\/sim-usa.mobi\/de\/kontakt\/\">kontaktieren Sie uns<\/a> bitte mindestens 3 Wochen vor Ihrer n\u00e4chsten Abreise.<\/p>\n<p>Wenn Sie die Aktivierung bereits geplant haben, kontaktieren Sie uns bitte <a href=\"https:\/\/sim-usa.mobi\/de\/kontakt\/\"><u>hier<\/u><\/a>.<\/p>\n\t\t\t\t\t\t\t\t<\/div>\n\t\t\t\t<\/div>\n\t\t\t\t\t<\/div>\n\t\t<\/div>\n\t\t\t\t<div class=\"elementor-column elementor-col-50 elementor-top-column elementor-element elementor-element-7337eeb\" data-id=\"7337eeb\" data-element_type=\"column\" data-e-type=\"column\">\n\t\t\t<div class=\"elementor-widget-wrap elementor-element-populated\">\n\t\t\t\t\t\t<div class=\"elementor-element elementor-element-2bb52b7 elementor-widget elementor-widget-heading\" data-id=\"2bb52b7\" data-element_type=\"widget\" data-e-type=\"widget\" data-widget_type=\"heading.default\">\n\t\t\t\t<div class=\"elementor-widget-container\">\n\t\t\t\t\t<h3 class=\"elementor-heading-title elementor-size-default\">eSIM<\/h3>\t\t\t\t<\/div>\n\t\t\t\t<\/div>\n\t\t\t\t<div class=\"elementor-element elementor-element-2928e9c elementor-widget elementor-widget-text-editor\" data-id=\"2928e9c\" data-element_type=\"widget\" data-e-type=\"widget\" data-widget_type=\"text-editor.default\">\n\t\t\t\t<div class=\"elementor-widget-container\">\n\t\t\t\t\t\t\t\t\t<p>Wir k\u00f6nnen Ihre Bestellung zur\u00fcckerstatten, wenn die eSIM nicht innerhalb von 1 Jahr nach dem Kaufdatum aktiviert wurde.<\/p>\n<p>Ohne R\u00fcckfragen! Bitte&nbsp;<a href=\"https:\/\/sim-usa.mobi\/de\/kontakt\/\">\n  <u>kontaktieren Sie uns<\/u>\n<\/a> um mit der Erstattung fortzufahren.<\/p>\t\t\t\t\t\t\t\t<\/div>\n\t\t\t\t<\/div>\n\t\t\t\t<div class=\"elementor-element elementor-element-5fc1f66 elementor-widget__width-auto elementor-widget elementor-widget-heading\" data-id=\"5fc1f66\" data-element_type=\"widget\" data-e-type=\"widget\" data-widget_type=\"heading.default\">\n\t\t\t\t<div class=\"elementor-widget-container\">\n\t\t\t\t\t<h3 class=\"elementor-heading-title elementor-size-default\">Ihre Reisepl\u00e4ne haben sich ge\u00e4ndert?<\/h3>\t\t\t\t<\/div>\n\t\t\t\t<\/div>\n\t\t\t\t<div class=\"elementor-element elementor-element-f6ae7aa elementor-widget elementor-widget-text-editor\" data-id=\"f6ae7aa\" data-element_type=\"widget\" data-e-type=\"widget\" data-widget_type=\"text-editor.default\">\n\t\t\t\t<div class=\"elementor-widget-container\">\n\t\t\t\t\t\t\t\t\t<\/p>\n<p>Wenn sich Ihre Reisepl\u00e4ne ge\u00e4ndert haben, k\u00f6nnen Sie es sp\u00e4ter jederzeit aktivieren &#8211; ohne zeitliche Begrenzung.<\/p>\n<p>Wenn Sie die Aktivierung bereits geplant haben, kontaktieren Sie uns bitte <a href=\"https:\/\/sim-usa.mobi\/de\/kontakt\/\"><u>hier<\/u><\/a>.<\/p>\n\t\t\t\t\t\t\t\t<\/div>\n\t\t\t\t<\/div>\n\t\t\t\t\t<\/div>\n\t\t<\/div>\n\t\t\t\t\t<\/div>\n\t\t<\/section>\n\t\t\t\t<\/div>\n\t\t","protected":false},"excerpt":{"rendered":"<p>R\u00fcckerstattung &amp; R\u00fcckgabebedingungen Sim-Karte Sie k\u00f6nnen die SIM-Karte innerhalb von 1 Jahr nach dem Kaufdatum zur\u00fcckgeben. Die Sim-Karte darf nicht aktiviert worden sein und die Kosten f\u00fcr die R\u00fccksendung per Standardpost gehen zu Ihren Lasten. Bitte kontaktieren Sie uns hier, um mit Ihrer R\u00fccksendung fortzufahren. Ihre Reisepl\u00e4ne haben sich ge\u00e4ndert? Wenn sich Ihre Reisepl\u00e4ne ge\u00e4ndert [&hellip;]<\/p>\n","protected":false},"author":993,"featured_media":0,"parent":0,"menu_order":0,"comment_status":"closed","ping_status":"closed","template":"","meta":{"site-sidebar-layout":"default","site-content-layout":"plain-container","ast-site-content-layout":"normal-width-container","site-content-style":"unboxed","site-sidebar-style":"unboxed","ast-global-header-display":"","ast-banner-title-visibility":"","ast-main-header-display":"","ast-hfb-above-header-display":"","ast-hfb-below-header-display":"","ast-hfb-mobile-header-display":"","site-post-title":"disabled","ast-breadcrumbs-content":"","ast-featured-img":"","footer-sml-layout":"","ast-disable-related-posts":"","theme-transparent-header-meta":"","adv-header-id-meta":"","stick-header-meta":"","header-above-stick-meta":"","header-main-stick-meta":"","header-below-stick-meta":"","astra-migrate-meta-layouts":"set","ast-page-background-enabled":"default","ast-page-background-meta":{"desktop":{"background-color":"","background-image":"","background-repeat":"repeat","background-position":"center center","background-size":"auto","background-attachment":"scroll","background-type":"","background-media":"","overlay-type":"","overlay-color":"","overlay-opacity":"","overlay-gradient":""},"tablet":{"background-color":"","background-image":"","background-repeat":"repeat","background-position":"center center","background-size":"auto","background-attachment":"scroll","background-type":"","background-media":"","overlay-type":"","overlay-color":"","overlay-opacity":"","overlay-gradient":""},"mobile":{"background-color":"","background-image":"","background-repeat":"repeat","background-position":"center center","background-size":"auto","background-attachment":"scroll","background-type":"","background-media":"","overlay-type":"","overlay-color":"","overlay-opacity":"","overlay-gradient":""}},"ast-content-background-meta":{"desktop":{"background-color":"var(--ast-global-color-5)","background-image":"","background-repeat":"repeat","background-position":"center center","background-size":"auto","background-attachment":"scroll","background-type":"","background-media":"","overlay-type":"","overlay-color":"","overlay-opacity":"","overlay-gradient":""},"tablet":{"background-color":"var(--ast-global-color-5)","background-image":"","background-repeat":"repeat","background-position":"center center","background-size":"auto","background-attachment":"scroll","background-type":"","background-media":"","overlay-type":"","overlay-color":"","overlay-opacity":"","overlay-gradient":""},"mobile":{"background-color":"var(--ast-global-color-5)","background-image":"","background-repeat":"repeat","background-position":"center center","background-size":"auto","background-attachment":"scroll","background-type":"","background-media":"","overlay-type":"","overlay-color":"","overlay-opacity":"","overlay-gradient":""}},"footnotes":""},"class_list":["post-102777","page","type-page","status-publish","hentry"],"aioseo_notices":[],"_links":{"self":[{"href":"https:\/\/sim-usa.mobi\/de\/wp-json\/wp\/v2\/pages\/102777","targetHints":{"allow":["GET"]}}],"collection":[{"href":"https:\/\/sim-usa.mobi\/de\/wp-json\/wp\/v2\/pages"}],"about":[{"href":"https:\/\/sim-usa.mobi\/de\/wp-json\/wp\/v2\/types\/page"}],"author":[{"embeddable":true,"href":"https:\/\/sim-usa.mobi\/de\/wp-json\/wp\/v2\/users\/993"}],"replies":[{"embeddable":true,"href":"https:\/\/sim-usa.mobi\/de\/wp-json\/wp\/v2\/comments?post=102777"}],"version-history":[{"count":0,"href":"https:\/\/sim-usa.mobi\/de\/wp-json\/wp\/v2\/pages\/102777\/revisions"}],"wp:attachment":[{"href":"https:\/\/sim-usa.mobi\/de\/wp-json\/wp\/v2\/media?parent=102777"}],"curies":[{"name":"wp","href":"https:\/\/api.w.org\/{rel}","templated":true}]}}