{"id":69862,"date":"2021-08-11T08:31:57","date_gmt":"2021-08-11T06:31:57","guid":{"rendered":"https:\/\/sim-usa.mobi\/datenschutzrichtlinie\/"},"modified":"2021-08-11T08:32:04","modified_gmt":"2021-08-11T06:32:04","slug":"datenschutzrichtlinie","status":"publish","type":"page","link":"https:\/\/sim-usa.mobi\/de\/datenschutzrichtlinie\/","title":{"rendered":"Datenschutzerkl\u00e4rung (DSGVO)"},"content":{"rendered":"\n<p><strong>Begriffsbestimmungen :<\/strong><\/p>\n\n<p>Der Herausgeber : Die nat\u00fcrliche oder juristische Person, die \u00f6ffentliche Online-Kommunikationsdienste anbietet.<\/p>\n\n<p>Die Website:Alle vom Publisher angebotenen Seiten, Internetseiten und Online-Dienste.<\/p>\n\n<p>Der User: Die Person, die die Website und die Dienstleistungen nutzt.<\/p>\n\n<p><strong>Art der gesammelten Daten<\/strong><\/p>\n\n<p>Bei der Nutzung der Websites kann der Herausgeber die folgenden Kategorien von Daten \u00fcber seine Benutzer erfassen:<\/p>\n\n<p>Personenstand, Identit\u00e4t, Identifikationsdaten\u2026.<\/p>\n\n<p>Daten \u00fcber das Privatleben (Lebensstil, Familienstand, ausgenommen sensible oder gef\u00e4hrliche Daten)<\/p>\n\n<p>Login-Daten (IP-Adressen, Ereignisprotokolle, etc.)<\/p>\n\n<p>Standortdaten (Bewegungen, GPS-Daten, GSM\u2026.)<\/p>\n\n<p>Weitergabe personenbezogener Daten an Dritte<\/p>\n\n<p><strong>Keine Weitergabe an Dritte<\/strong><\/p>\n\n<p>Ihre Daten werden nicht an Dritte weitergegeben. Sie werden jedoch darauf hingewiesen, dass diese aufgrund von Gesetzen, Verordnungen oder aufgrund einer Entscheidung einer zust\u00e4ndigen Aufsichts- oder Justizbeh\u00f6rde offengelegt werden k\u00f6nnen.<\/p>\n\n<p><strong>Vorabinformationen f\u00fcr die \u00dcbermittlung personenbezogener Daten an Dritte im Falle einer Fusion \/ \u00dcbernahme<\/strong><\/p>\n\n<p><strong>Vorabinformationen und M\u00f6glichkeit eines Opt-out vor und nach der Fusion \/ \u00dcbernahme<\/strong><\/p>\n\n<p>Sollten wir an einer Fusion, \u00dcbernahme oder einer anderen Form der Ver\u00e4u\u00dferung von Verm\u00f6genswerten beteiligt sein, sind wir verpflichtet, den Schutz Ihrer personenbezogenen Daten zu gew\u00e4hrleisten und Sie vor der \u00dcbertragung oder nach neuen Datenschutzbestimmungen zu informieren.<\/p>\n\n<p><strong>Zweck der Weiterverwendung der erfassten personenbezogenen Daten<\/strong><\/p>\n\n<p><strong>Durchf\u00fchrung von T\u00e4tigkeiten im Zusammenhang mit dem Kundenmanagement in folgenden Bereichen<\/strong><\/p>\n\n<p>Vertr\u00e4ge; Bestellungen; Lieferungen; Rechnungen; Buchhaltung und insbesondere die Verwaltung von Kundenkonten<\/p>\n\n<p>ein Treueprogramm innerhalb einer oder mehrerer juristischer Personen;<\/p>\n\n<p>Kundenbeziehungsmanagement wie Zufriedenheitsbefragungen, Beschwerdemanagement und After-Sales-Service.<\/p>\n\n<p>Auswahl der Kunden f\u00fcr die Durchf\u00fchrung von Studien, Umfragen und Produkttests (es sei denn, die Zustimmung der betroffenen Personen wird unter den in Artikel 6 genannten Bedingungen eingeholt, diese Vorg\u00e4nge d\u00fcrfen nicht zu einer Profilerstellung f\u00fchren, die geeignet ist, sensible Daten \u2013 ethnische Herkunft, philosophische, politische, gewerkschaftliche, religi\u00f6se \u00dcberzeugungen, Sexualleben oder pers\u00f6nliche Gesundheit \u2013 preiszugeben).<\/p>\n\n<p>Die Entwicklung der Handelsstatistik<\/p>\n\n<p>Verwaltung der Meinungen von Personen zu Produkten, Dienstleistungen oder Inhalten<\/p>\n\n<p>Verwaltung der Meinungen von Personen zu Produkten, Dienstleistungen oder Inhalten<\/p>\n\n<p><strong>Datenaggregation<\/strong><\/p>\n\n<p><strong>Zusammenf\u00fchrung mit nicht personenbezogenen Daten<\/strong><\/p>\n\n<p>Wir k\u00f6nnen gesammelte Informationen (Informationen \u00fcber alle unsere Benutzer oder bestimmte Gruppen oder Kategorien von Benutzern, die wir so kombinieren, dass ein einzelner Benutzer nicht mehr identifiziert oder angegeben werden kann) und nicht-personenbezogene Informationen f\u00fcr Zwecke der Branchen- und Marktanalyse, des demografischen Profils, f\u00fcr Werbezwecke und anderer Gesch\u00e4ftszwecke ver\u00f6ffentlichen, offenlegen und verwenden.<\/p>\n\n<p><strong>Zusammenf\u00fchrung mit personenbezogenen Daten, die auf den Sozialkonten des Nutzers verf\u00fcgbar sind<\/strong><\/p>\n\n<p>Wenn Sie Ihr Konto mit einem Konto eines anderen Dienstes verbinden, um Cross-Sending durchzuf\u00fchren, kann dieser Dienst uns Ihre Profilinformationen, Anmeldeinformationen und alle anderen Informationen, die Sie zur Offenlegung autorisiert haben, zur Verf\u00fcgung stellen. Wir k\u00f6nnen Informationen \u00fcber alle unsere anderen Benutzer, Gruppen, Konten und pers\u00f6nlichen Daten, die \u00fcber den Benutzer verf\u00fcgbar sind, sammeln.<\/p>\n\n<p><strong>Erhebung von Identit\u00e4tsdaten<\/strong><\/p>\n\n<p><strong>Kostenlose Beratung<\/strong><\/p>\n\n<p>Die Nutzung der Website erfordert keine Registrierung oder vorherige Identifizierung. Sie kann ohne Angabe Ihrer pers\u00f6nlichen Daten (Name, Vorname, Adresse, etc.) durchgef\u00fchrt werden. Wir speichern keine personenbezogenen Daten nur f\u00fcr die Nutzung der Website.<\/p>\n\n<p><strong>Erhebung von Identifikationsdaten<\/strong><\/p>\n\n<p><strong>Verwendung der User-ID nur f\u00fcr den Zugriff auf Dienste<\/strong><\/p>\n\n<p>Wir verwenden Ihre elektronischen Zugangsdaten nur f\u00fcr und w\u00e4hrend der Vertragsabwicklung.<\/p>\n\n<p><strong>Geolokalisierung<\/strong><\/p>\n\n<p><strong>Geolokalisierung f\u00fcr die Leistungserbringung<\/strong><\/p>\n\n<p>Wir erheben und verarbeiten Ihre Geolokalisierungsdaten, um Ihnen unsere Dienstleistungen anbieten zu k\u00f6nnen. Wir k\u00f6nnen personenbezogene Daten verwenden, um Ihren geografischen Standort in Echtzeit zu ermitteln. Gem\u00e4\u00df Ihrem Widerspruchsrecht des franz\u00f6sischen Gesetzes Nr. 78-17 vom 6. Januar 1978 \u00fcber die Datenverarbeitung, Dateien und Freiheiten haben Sie jederzeit die M\u00f6glichkeit, die geolokalisierungsbezogenen Merkmale zu deaktivieren.<\/p>\n\n<p><strong>Geolokalisierung f\u00fcr \u00dcberschneidungszwecke<\/strong><\/p>\n\n<p>Wir erheben und verarbeiten Ihre Geolokalisierungsdaten, damit unsere Dienste zeitliche und r\u00e4umliche \u00dcberschneidungspunkte mit anderen Nutzern des Dienstes identifizieren k\u00f6nnen, um Ihnen Profile der \u00dcberschneidungs-Nutzer zur Verf\u00fcgung zu stellen. Gem\u00e4\u00df Ihrem Widerspruchsrecht des franz\u00f6sischen Gesetzes Nr. 78-17 vom 6. Januar 1978 \u00fcber die Datenverarbeitung, Dateien und Freiheiten haben Sie jederzeit die M\u00f6glichkeit, die geolokalisierungsbezogenen Merkmale zu deaktivieren. Sie stimmen dann zu, dass der Dienst Ihnen keine Profile anderer Benutzer mehr zur Verf\u00fcgung stellen kann.<\/p>\n\n<p><strong>Geolokalisierung mit Partnern zur Referenzierung und Aggregation (mit Opt-in)<\/strong><\/p>\n\n<p>Wir k\u00f6nnen Ihre Geolokalisierungsdaten mit unseren Partnern erheben und verarbeiten. Wir verpflichten uns, die verwendeten Daten zu anonymisieren. Gem\u00e4\u00df Ihrem Widerspruchsrecht des franz\u00f6sischen Gesetzes Nr. 78-17 vom 6. Januar 1978 \u00fcber die Datenverarbeitung, Dateien und Freiheiten haben Sie jederzeit die M\u00f6glichkeit, die geolokalisierungsbezogenen Merkmale zu deaktivieren.<\/p>\n\n<p><strong>Erhebung von Terminal-Daten<\/strong><\/p>\n\n<p><strong>Erhebung von Profilen und technischen Daten zum Zwecke der Erbringung der Dienstleistung<\/strong><\/p>\n\n<p>Einige der technischen Daten Ihres Ger\u00e4ts werden von der Website automatisch erfasst. Zu diesen Informationen geh\u00f6ren Ihre IP-Adresse, Ihr Internetdienstanbieter, die Hardwarekonfiguration, die Softwarekonfiguration, der Browsertyp und die Sprache, etc. Die Erhebung dieser Daten ist f\u00fcr die Erbringung von Dienstleistungen unerl\u00e4sslich.<\/p>\n\n<p><strong>Erhebung technischer Daten f\u00fcr werbliche, kommerzielle und statistische Zwecke<\/strong><\/p>\n\n<p>Die technischen Daten Ihres Ger\u00e4ts werden von der Website automatisch f\u00fcr Werbe-, Handels- und Statistikzwecke gesammelt und gespeichert. Diese Informationen helfen uns, Ihre Erfahrungen auf unserer Website zu personalisieren und kontinuierlich zu verbessern. Wir erheben oder speichern keine personenbezogenen Daten (Nachname, Vorname, Adresse, etc.), die mit den technischen Daten verkn\u00fcpft sein k\u00f6nnen. Die erhobenen Daten k\u00f6nnen an Dritte verkauft werden.<\/p>\n\n<p><strong>Cookies<\/strong><\/p>\n\n<p><strong>Wie lange werden Cookies gespeichert?<\/strong><\/p>\n\n<p>Gem\u00e4\u00df den Empfehlungen der franz\u00f6sischen Datenschutzbeh\u00f6rde (CNIL) betr\u00e4gt die maximale Speicherdauer f\u00fcr Cookies sowie die Dauer der G\u00fcltigkeit der Zustimmung des Nutzers zur Verwendung dieser Cookies 13 Monate nach ihrer ersten Platzierung im Terminal des Nutzers. Die Lebensdauer von Cookies wird nicht bei jedem Besuch verl\u00e4ngert. Die Zustimmung des Nutzers muss daher nach Ablauf dieser Frist erneuert werden.<\/p>\n\n<p><strong>Zweckbestimmung von Cookies<\/strong><\/p>\n\n<p>Cookies k\u00f6nnen f\u00fcr statistische Zwecke, insbesondere zur Optimierung der dem Nutzer angebotenen Dienste, durch die Verarbeitung von Informationen \u00fcber die H\u00e4ufigkeit des Zugriffs, die Anpassung der Seiten sowie die durchgef\u00fchrten Operationen und die abgerufenen Informationen verwendet werden. Sie werden dar\u00fcber informiert, dass der Editor m\u00f6glicherweise Cookies auf Ihrem Ger\u00e4t setzt. Der Cookie speichert Informationen \u00fcber das Surfen auf dem Dienst (die von Ihnen besuchten Seiten, Datum und Uhrzeit des Besuchs\u2026), die wir bei Ihren nachfolgenden Besuchen lesen k\u00f6nnen.<\/p>\n\n<p><strong>Recht des Benutzers, Cookies abzulehnen<\/strong><\/p>\n\n<p>Sie stimmen zu, dass Sie dar\u00fcber informiert wurden, dass der Editor Cookies verwenden darf. Wenn Sie nicht m\u00f6chten, dass Cookies auf Ihrem Ger\u00e4t verwendet werden, k\u00f6nnen Sie in den meisten Browsern die Cookies \u00fcber die Einstellungsm\u00f6glichkeiten deaktivieren.<\/p>\n\n<p><strong>Erhaltung der technischen Daten<\/strong><\/p>\n\n<p><strong>Aufbewahrungsfrist f\u00fcr technische Daten<\/strong><\/p>\n\n<p>Die technischen Daten werden f\u00fcr den Zeitraum aufbewahrt, der zur Erf\u00fcllung der oben genannten Zwecke unbedingt erforderlich ist.<\/p>\n\n<p>Frist f\u00fcr die Speicherung personenbezogener Daten und Anonymisierung<\/p>\n\n<p><strong>Datenspeicherung f\u00fcr die Dauer des Vertragsverh\u00e4ltnisses<\/strong><\/p>\n\n<p>Gem\u00e4\u00df Artikel 6-5\u00b0 des franz\u00f6sischen Gesetzes Nr. 78-17 vom 6. Januar 1978 \u00fcber die Datenverarbeitung d\u00fcrfen die verarbeiteten personenbezogenen Daten nicht \u00fcber die Zeit hinaus gespeichert werden, die zur Erf\u00fcllung der bei Vertragsabschluss festgelegten Verpflichtungen oder der vorgegebenen Dauer des Vertragsverh\u00e4ltnisses erforderlich ist<\/p>\n\n<p><strong>Speicherung von anonymisierten Daten \u00fcber das Vertragsverh\u00e4ltnis hinaus \/ nach Accountl\u00f6schung<\/strong><\/p>\n\n<p>Wir speichern personenbezogene Daten so lange, wie es f\u00fcr die Erf\u00fcllung der in diesen AGB beschriebenen Zwecke unbedingt erforderlich ist. Nach Ablauf dieser Frist werden sie anonymisiert und ausschlie\u00dflich zu statistischen Zwecken aufbewahrt und f\u00fchren zu keiner Auswertung, gleich welcher Art.<\/p>\n\n<p><strong>L\u00f6schung der Daten nach der Account-L\u00f6schung<\/strong><\/p>\n\n<p>Es sind Mittel zur Datenreinigung einzurichten, um deren wirksame L\u00f6schung zu erm\u00f6glichen, sobald die zur Erreichung der festgelegten oder auferlegten Zwecke erforderliche Speicher- oder Archivierungszeit erreicht ist. Gem\u00e4\u00df dem franz\u00f6sischen Gesetz Nr. 78-17 vom 6. Januar 1978 \u00fcber die Datenverarbeitung, Dateien und Freiheiten haben Sie auch das Recht, Ihre Daten von der Website zu l\u00f6schen, was Sie durch eine Kontaktaufnahme mit dem Redakteur jederzeit aus\u00fcben k\u00f6nnen.<\/p>\n\n<p><strong>Datenl\u00f6schung nach 3 Jahren Inaktivit\u00e4t<\/strong><\/p>\n\n<p>Wenn Sie sich seit mehr als drei Jahren nicht mehr auf der Website angemeldet haben, erhalten Sie aus Sicherheitsgr\u00fcnden eine E-Mail mit der Aufforderung, sich so schnell wie m\u00f6glich anzumelden, andernfalls werden Ihre Daten aus unseren Datenbanken gel\u00f6scht. data.<\/p>\n\n<p><strong>L\u00f6schung des Kontos<\/strong><\/p>\n\n<p><strong>L\u00f6schen des Kontos bei Bedarf<\/strong><\/p>\n\n<p>Der Nutzer hat die M\u00f6glichkeit, sein Konto jederzeit zu l\u00f6schen, indem er einfach eine Anfrage an den Herausgeber stellt ODER das Men\u00fc zum L\u00f6schen des in den Kontoeinstellungen befindlichen Kontos benutzt.<\/p>\n\n<p><strong>L\u00f6schung des Kontos bei Verletzung der AGB<\/strong><\/p>\n\n<p>Im Falle eines Versto\u00dfes gegen eine oder mehrere Bestimmungen der AGB oder eines anderen hierin durch Verweis aufgenommenen Dokuments beh\u00e4lt sich der Herausgeber das Recht vor, Ihre Nutzung und Ihren Zugriff auf die Dienste, Ihr Konto und alle Seiten ohne vorherige Ank\u00fcndigung und nach eigenem Ermessen zu beenden oder einzuschr\u00e4nken.<\/p>\n\n<p><strong>Hinweise im Falle einer vom Herausgeber festgestellten Sicherheitsverletzung<\/strong><\/p>\n\n<p><strong>Informationen an den Nutzer im Falle einer Sicherheitsverletzung<\/strong><\/p>\n\n<p>Wir verpflichten uns, alle geeigneten technischen und organisatorischen Ma\u00dfnahmen zu ergreifen, um ein angemessenes Sicherheitsniveau im Hinblick auf die Risiken des zuf\u00e4lligen, unbefugten oder illegalen Zugriffs, der Offenlegung, \u00c4nderung, des Verlusts oder der Zerst\u00f6rung Ihrer personenbezogenen Daten zu gew\u00e4hrleisten.<\/p>\n\n<p>F\u00fcr den Fall, dass wir Kenntnis von einem unrechtm\u00e4\u00dfigen Zugriff auf Ihre pers\u00f6nlichen Daten, die auf unseren Servern oder bei unseren Dienstanbietern gespeichert sind, oder von einem unberechtigten Zugriff erhalten, der zum Auftreten der oben genannten Risiken f\u00fchrt, verpflichten wir uns dazu:<\/p>\n\n<p>Informieren Sie sich so schnell wie m\u00f6glich \u00fcber den Vorfall;<\/p>\n\n<p>Untersuchen Sie die Ursachen des Vorfalls und informieren Sie sich;<\/p>\n\n<p>Ergreifen Sie die erforderlichen Ma\u00dfnahmen innerhalb angemessener Grenzen, um die negativen Auswirkungen und Sch\u00e4den, die sich aus dem Vorfall ergeben k\u00f6nnen, zu reduzieren.<\/p>\n\n<p><strong>Haftungsbeschr\u00e4nkung<\/strong><\/p>\n\n<p>Unter keinen Umst\u00e4nden d\u00fcrfen die in dem vorstehend genannten Punkt beschriebenen Verpflichtungen in Bezug auf die Benachrichtigung im Falle einer Sicherheitsverletzung als Anerkenntnis eines Fehlers oder einer Haftung in Bezug auf den Eintritt des betreffenden Vorfalls angesehen werden.<\/p>\n\n<p><strong>\u00dcbermittlung personenbezogener Daten ins Ausland<\/strong><\/p>\n\n<p><strong>Kein Transfer au\u00dferhalb der Europ\u00e4ischen Union<\/strong><\/p>\n\n<p>Der Herausgeber verpflichtet sich, die personenbezogenen Daten seiner Nutzer nicht aus der Europ\u00e4ischen Union heraus zu \u00fcbermitteln.<\/p>\n\n<p><strong>\u00c4nderung der AGB und der Datenschutzerkl\u00e4rung<\/strong><\/p>\n\n<p>Im Falle einer \u00c4nderung dieser AGB wird eine Vereinbarung getroffen, das Datenschutzniveau nicht ohne vorherige Ank\u00fcndigung an die betroffenen Personen erheblich zu reduzieren<\/p>\n\n<p>Wir verpflichten uns, Sie im Falle einer wesentlichen \u00c4nderung dieser AGB zu informieren und das Datenschutzniveau Ihrer Daten nicht wesentlich zu reduzieren, ohne Sie zu informieren und Ihre Zustimmung einzuholen.<\/p>\n\n<p><strong>Anwendbares Recht und Beschwerdeverfahren<\/strong><\/p>\n\n<p><strong>Anwendung des franz\u00f6sischen Rechts (CNIL-Rechtssetzung) und Gerichtsstand<\/strong><\/p>\n\n<p>Diese AGB und Ihre Nutzung der Website unterliegen den Gesetzen Frankreichs, insbesondere dem Gesetz Nr. 78-17 vom 6. Januar 1978 \u00fcber die Datenverarbeitung, Dateien und Freiheiten. Die Wahl des anwendbaren Rechts hat keinen Einfluss auf Ihre Rechte als Verbraucher nach dem geltenden Recht Ihres Standorts. Wenn Sie ein Verbraucher sind, erkl\u00e4ren wir uns beide damit einverstanden, der nicht ausschlie\u00dflichen Zust\u00e4ndigkeit der franz\u00f6sischen Gerichte zu unterliegen, was bedeutet, dass Sie eine Klage im Zusammenhang mit diesen AGB in Frankreich oder im EU-Land, in dem Sie leben, erheben k\u00f6nnen. . Wenn Sie gesch\u00e4ftlich t\u00e4tig sind, m\u00fcssen alle Klagen gegen uns vor einem Gericht in Frankreich erhoben werden.<\/p>\n\n<p>Im Streitfall werden die Parteien vor jedem Rechtsstreit eine einvernehmliche L\u00f6sung anstreben. Im Falle des Scheiterns dieser Versuche wird jeder Rechtsstreit \u00fcber die G\u00fcltigkeit, Auslegung und\/oder Ausf\u00fchrung dieser AGB vor die franz\u00f6sischen Gerichte gebracht, auch wenn es mehr als einen Beklagten gibt oder wenn die Garantie in Anspruch genommen wird.<\/p>\n\n<p><strong>Daten\u00fcbertragbarkeit<\/strong><\/p>\n\n<p>Der Herausgeber verpflichtet sich, Ihnen die M\u00f6glichkeit zu geben, alle Ihre personenbezogenen Daten auf Anfrage an Sie zur\u00fcckzusenden. Dem Nutzer wird so eine bessere Kontrolle seiner Daten garantiert und er hat die M\u00f6glichkeit, diese wiederzuverwenden. Diese Daten sollten in einem zug\u00e4nglichen und leicht wiederverwendbaren Format bereitgestellt werden.<\/p>\n","protected":false},"excerpt":{"rendered":"<p>Begriffsbestimmungen : Der Herausgeber : Die nat\u00fcrliche oder juristische Person, die \u00f6ffentliche Online-Kommunikationsdienste anbietet. Die Website:Alle vom Publisher angebotenen Seiten, Internetseiten und Online-Dienste. Der User: Die Person, die die Website und die Dienstleistungen nutzt. Art der gesammelten Daten Bei der Nutzung der Websites kann der Herausgeber die folgenden Kategorien von Daten \u00fcber seine Benutzer erfassen: [&hellip;]<\/p>\n","protected":false},"author":993,"featured_media":0,"parent":0,"menu_order":0,"comment_status":"closed","ping_status":"open","template":"","meta":{"site-sidebar-layout":"default","site-content-layout":"plain-container","ast-site-content-layout":"default","site-content-style":"default","site-sidebar-style":"default","ast-global-header-display":"","ast-banner-title-visibility":"","ast-main-header-display":"","ast-hfb-above-header-display":"","ast-hfb-below-header-display":"","ast-hfb-mobile-header-display":"","site-post-title":"","ast-breadcrumbs-content":"","ast-featured-img":"","footer-sml-layout":"","ast-disable-related-posts":"","theme-transparent-header-meta":"default","adv-header-id-meta":"","stick-header-meta":"","header-above-stick-meta":"","header-main-stick-meta":"","header-below-stick-meta":"","astra-migrate-meta-layouts":"default","ast-page-background-enabled":"default","ast-page-background-meta":{"desktop":{"background-color":"","background-image":"","background-repeat":"repeat","background-position":"center center","background-size":"auto","background-attachment":"scroll","background-type":"","background-media":"","overlay-type":"","overlay-color":"","overlay-opacity":"","overlay-gradient":""},"tablet":{"background-color":"","background-image":"","background-repeat":"repeat","background-position":"center center","background-size":"auto","background-attachment":"scroll","background-type":"","background-media":"","overlay-type":"","overlay-color":"","overlay-opacity":"","overlay-gradient":""},"mobile":{"background-color":"","background-image":"","background-repeat":"repeat","background-position":"center center","background-size":"auto","background-attachment":"scroll","background-type":"","background-media":"","overlay-type":"","overlay-color":"","overlay-opacity":"","overlay-gradient":""}},"ast-content-background-meta":{"desktop":{"background-color":"var(--ast-global-color-5)","background-image":"","background-repeat":"repeat","background-position":"center center","background-size":"auto","background-attachment":"scroll","background-type":"","background-media":"","overlay-type":"","overlay-color":"","overlay-opacity":"","overlay-gradient":""},"tablet":{"background-color":"var(--ast-global-color-5)","background-image":"","background-repeat":"repeat","background-position":"center center","background-size":"auto","background-attachment":"scroll","background-type":"","background-media":"","overlay-type":"","overlay-color":"","overlay-opacity":"","overlay-gradient":""},"mobile":{"background-color":"var(--ast-global-color-5)","background-image":"","background-repeat":"repeat","background-position":"center center","background-size":"auto","background-attachment":"scroll","background-type":"","background-media":"","overlay-type":"","overlay-color":"","overlay-opacity":"","overlay-gradient":""}},"footnotes":""},"class_list":["post-69862","page","type-page","status-publish","hentry"],"aioseo_notices":[],"_links":{"self":[{"href":"https:\/\/sim-usa.mobi\/de\/wp-json\/wp\/v2\/pages\/69862","targetHints":{"allow":["GET"]}}],"collection":[{"href":"https:\/\/sim-usa.mobi\/de\/wp-json\/wp\/v2\/pages"}],"about":[{"href":"https:\/\/sim-usa.mobi\/de\/wp-json\/wp\/v2\/types\/page"}],"author":[{"embeddable":true,"href":"https:\/\/sim-usa.mobi\/de\/wp-json\/wp\/v2\/users\/993"}],"replies":[{"embeddable":true,"href":"https:\/\/sim-usa.mobi\/de\/wp-json\/wp\/v2\/comments?post=69862"}],"version-history":[{"count":0,"href":"https:\/\/sim-usa.mobi\/de\/wp-json\/wp\/v2\/pages\/69862\/revisions"}],"wp:attachment":[{"href":"https:\/\/sim-usa.mobi\/de\/wp-json\/wp\/v2\/media?parent=69862"}],"curies":[{"name":"wp","href":"https:\/\/api.w.org\/{rel}","templated":true}]}}