{"id":97194,"date":"2022-02-16T13:40:15","date_gmt":"2022-02-16T12:40:15","guid":{"rendered":"https:\/\/sim-usa.mobi\/esim-kompatible-smartphones\/"},"modified":"2024-09-12T12:12:06","modified_gmt":"2024-09-12T10:12:06","slug":"esim-kompatible-smartphones","status":"publish","type":"page","link":"https:\/\/sim-usa.mobi\/de\/esim-kompatible-smartphones\/","title":{"rendered":"Liste der eSIM kompatiblen Ger\u00e4te"},"content":{"rendered":"\t\t<div data-elementor-type=\"wp-page\" data-elementor-id=\"97194\" class=\"elementor elementor-97194 elementor-69585\" data-elementor-post-type=\"page\">\n\t\t\t\t\t\t<section class=\"elementor-section elementor-top-section elementor-element elementor-element-131b6508 elementor-section-boxed elementor-section-height-default elementor-section-height-default\" data-id=\"131b6508\" data-element_type=\"section\" data-e-type=\"section\">\n\t\t\t\t\t\t<div class=\"elementor-container elementor-column-gap-default\">\n\t\t\t\t\t<div class=\"elementor-column elementor-col-100 elementor-top-column elementor-element elementor-element-12d0dca8\" data-id=\"12d0dca8\" data-element_type=\"column\" data-e-type=\"column\">\n\t\t\t<div class=\"elementor-widget-wrap elementor-element-populated\">\n\t\t\t\t\t\t<div class=\"elementor-element elementor-element-8de0907 elementor-widget elementor-widget-heading\" data-id=\"8de0907\" data-element_type=\"widget\" data-e-type=\"widget\" data-widget_type=\"heading.default\">\n\t\t\t\t<div class=\"elementor-widget-container\">\n\t\t\t\t\t<h2 class=\"elementor-heading-title elementor-size-default\">Liste der eSIM kompatiblen Ger\u00e4te<\/h2>\t\t\t\t<\/div>\n\t\t\t\t<\/div>\n\t\t\t\t<div class=\"elementor-element elementor-element-54c0ba21 elementor-widget elementor-widget-text-editor\" data-id=\"54c0ba21\" data-element_type=\"widget\" data-e-type=\"widget\" data-widget_type=\"text-editor.default\">\n\t\t\t\t<div class=\"elementor-widget-container\">\n\t\t\t\t\t\t\t\t\t<div style=\"height: 25px;\" aria-hidden=\"true\">&nbsp;<\/div>\n<div>\n<figure><img fetchpriority=\"high\" decoding=\"async\" src=\"https:\/\/sim-usa.mobi\/wp-content\/uploads\/2022\/01\/SIM-USA-esim-2022.svg\" alt=\"eSIM\" width=\"264\" height=\"264\"><\/figure>\n<\/div>\n<p>Nachstehend finden Sie eine nicht eingeschr\u00e4nkte Liste von eSIM-kompatiblen Ger\u00e4ten.<br>Letzte Aktualisierung: September 2024.<\/p>\n<h3>Apple<\/h3>\n<ul>\n<li style=\"font-size: 15px;\">iPhone 16, 16 Plus, 16 Pro, 16 Pro Max<\/li><li style=\"font-size: 15px;\">iPhone 15, 15 Plus, 15 Pro, 15 Pro Max<\/li>\n<li>iPhone 14, 14 Plus, 14 Pro, 14 Pro Max<\/li>\n<li>iPhone 13, 13 Pro, 13 Pro Max, 13 Mini<\/li>\n<li>iPhone 12, 12 Pro, 12 Pro Max, 12 Mini<\/li>\n<li>iPhone SE<\/li>\n<li>iPhone 11, 11 Pro, 11 Pro Max<\/li>\n<li>iPhone XS, XS Max<\/li>\n<li>iPhone XR<\/li>\n<li>iPad Pro 12.9\u2011inch (4. Generation)<\/li>\n<li>iPad&nbsp;Pro 12.9\u2011inch (3.&nbsp;Generation)<\/li>\n<li>iPad Pro 11\u2011inch (2. Generation)<\/li>\n<li>iPad&nbsp;Pro 11\u2011inch (1.&nbsp;Generation)<\/li>\n<li>iPad&nbsp;Air (4.&nbsp;Generation)<\/li>\n<li>iPad&nbsp;Air (3. Generation)<\/li>\n<li>iPad (8.&nbsp;Generation)<\/li>\n<li>iPad (7. Generation)<\/li>\n<li>iPad mini (5. Generation)<\/li>\n<\/ul>\n<h3>Samsung<\/h3>\n<ul>\n<li style=\"font-size: 15px;\">Samsung Galaxy A55 5G<\/li>\n<li style=\"font-size: 15px;\">Samsung Galaxy Z Fold5 5G<\/li>\n<li style=\"font-size: 15px;\">Samsung Galaxy A54 5G<\/li>\n<li style=\"font-size: 15px;\">Samsung Galaxy S24, Ultra+<\/li>\n<li style=\"font-size: 15px;\">Samsung Galaxy S23, S23+, S23 Ultra<\/li>\n<li style=\"font-size: 15px;\">Samsung Galaxy Z Fold4 5G<\/li>\n<li style=\"font-size: 15px;\">Samsung Galaxy Z Flip4 5G<\/li>\n<li>Samsung Galaxy S22 5G, S22 Ultra 5G, S22+ 5G<\/li>\n<li>Samsung Galaxy S21 5G, S21 Ultra 5G, S21+ 5G<\/li>\n<li>Samsung Galaxy Note 20 FE 5g<\/li>\n<li>Samsung Galaxy Note 20 FE<\/li>\n<li>Samsung Galaxy Note 20 Ultra, Ultra 5g<\/li>\n<li>Samsung Note&nbsp;20+<\/li>\n<li style=\"font-size: 15px;\"><span style=\"font-weight: inherit; font-style: inherit;\">Samsung Galaxy Z Flip 5G<\/span><\/li>\n<li><span style=\"font-weight: inherit; font-style: inherit;\">Samsung Galaxy Z Flip<\/span><\/li>\n<li>Samsung Galaxy Z Flip3 5G<\/li>\n<li>Samsung Galaxy S20, S20+, S20 Ultra<\/li>\n<li>Samsung Galaxy Z Fold3 5G<\/li>\n<li>Samsung Galaxy Z Fold2 5G<\/li>\n<li>Samsung Galaxy Fold<\/li>\n<\/ul>\n<h3>Google Pixel<\/h3>\n<ul>\n<li style=\"font-size: 15px;\">Google Pixel 9 Pro<\/li><li style=\"font-size: 15px;\">Google Pixel 9<\/li><li style=\"font-size: 15px;\">Google Pixel 8 Pro<\/li>\n<li style=\"font-size: 15px;\">Google Pixel 8<\/li>\n<li>Google Pixel 7 Pro<\/li>\n<li>Google Pixel 7<\/li>\n<li style=\"font-size: 15px;\">Google Pixel 7a<\/li>\n<li>Google Pixel 6a<\/li>\n<li>Google Pixel 6 Pro<\/li>\n<li>Google Pixel 6<\/li>\n<li>Google Pixel 5a 5G<\/li>\n<li>Google Pixel 5<\/li>\n<li>Google Pixel 4a<\/li>\n<li>Google Pixel 4<\/li>\n<li>Google Pixel 3 &amp; 3XL (limited compatibility)<\/li>\n<\/ul>\n<h3>Microsoft<\/h3>\n<ul>\n<li>Microsoft Surface Duo<\/li>\n<li>Windows 10 PCs<\/li>\n<\/ul>\n<h3>Honor<\/h3>\n<ul style=\"font-size: 15px; font-style: normal; font-weight: 400; font-family: Poppins, sans-serif;\">\n<li style=\"font-size: 15px;\">Magie 6 Pro<\/li>\n<li style=\"font-size: 15px;\">Magic 4 Pro<\/li>\n<\/ul>\n<div>\n<h3>Huawei<\/h3>\n<\/div>\n<ul style=\"font-size: 15px; font-style: normal; font-weight: 400; font-family: Poppins, sans-serif;\">\n<li style=\"font-size: 15px;\"><span style=\"font-style: inherit; font-weight: inherit;\">Mate 40<\/span><\/li>\n<li style=\"font-size: 15px;\">40 Pro<\/li>\n<li style=\"font-size: 15px;\"><span style=\"font-style: inherit; font-weight: inherit;\">40<\/span><\/li>\n<\/ul>\n<div>\n<h3 style=\"font-size: 2.13333rem; font-style: normal;\">Nokia<\/h3>\n<ul style=\"font-size: 15px; font-style: normal; font-weight: 400;\">\n<li style=\"font-size: 15px;\">G60<\/li>\n<\/ul>\n<div>\n<h3 style=\"font-size: 2.13333rem; font-style: normal;\">OnePlus<\/h3>\n<\/div>\n<\/div>\n<ul style=\"font-size: 15px; font-style: normal; font-weight: 400; font-family: Poppins, sans-serif;\">\n<li style=\"font-size: 15px;\">OnePlus 12<\/li>\n<\/ul>\n<div style=\"font-family: Poppins, sans-serif; font-size: 15px; font-weight: 400;\">&nbsp;<\/div>\n<h3>Oppo<\/h3>\n<ul>\n<li>Vivio X100 Pro<\/li>\n<li>Vivio V29<\/li>\n<li>Oppo Find X5 Pro<\/li>\n<li>Oppo Find X5<\/li>\n<li style=\"font-size: 15px;\">Oppo Reno 5A<\/li>\n<li>Oppo Reno 6 Pro 5G<\/li>\n<li>Oppo A55S 5G<\/li>\n<li>Oppo Find X3 Pro<\/li>\n<li>Oppo Find X3<\/li>\n<\/ul>\n<div>\n<h3 style=\"font-size: 2.13333rem; font-style: normal;\">Sony<\/h3>\n<\/div>\n<ul>\n<li>&nbsp;Sony Xperia 1 IV<\/li>\n<li>Sony Xperia 5 IV<\/li>\n<li>Sony Xperia 10 III Lite<\/li>\n<li>Sony Xperia 10 IV<\/li>\n<li>Sony Xperia 10 III Lite<\/li>\n<\/ul>\n<div>\n<div>\n<h3 style=\"font-size: 2.13333rem; font-style: normal;\">Xiaomi<\/h3>\n<\/div>\n<div>\n<ul style=\"font-size: 15px; font-style: normal; font-weight: 400;\">\n<li style=\"font-size: 15px;\">Redmi Note 13 Pro, +<\/li>\n<li style=\"font-size: 15px;\">14, Pro<\/li>\n<li style=\"font-size: 15px;\">13T, Pro, 13<\/li>\n<\/ul>\n<\/div>\n<div>&nbsp;<\/div>\n<\/div>\n<p><strong>Zus\u00e4tzliche Hinweise<\/strong><\/p>\n<ol>\n<li>Ger\u00e4tkompatibilit\u00e4t kann zwischen verschiedenen L\u00e4ndern abweichen. Beispielsweise, iPhones XS, XS Max und XR in China, Macau oder Hong Kong gekauft sind nicht mit eSIM kompatibel.<\/li>\n<li>Google Pixel Ger\u00e4te sind eSIM kompatibel, allerdings funktionieren gewisse Modelle, falls Sie die \u201eAnbieter hinzuf\u00fcgen\u201c Option haben.<\/li>\n<\/ol>\t\t\t\t\t\t\t\t<\/div>\n\t\t\t\t<\/div>\n\t\t\t\t\t<\/div>\n\t\t<\/div>\n\t\t\t\t\t<\/div>\n\t\t<\/section>\n\t\t\t\t<section class=\"elementor-section elementor-top-section elementor-element elementor-element-46e1f6e elementor-section-content-middle elementor-section-boxed elementor-section-height-default elementor-section-height-default\" data-id=\"46e1f6e\" data-element_type=\"section\" data-e-type=\"section\" data-settings=\"{&quot;background_background&quot;:&quot;classic&quot;}\">\n\t\t\t\t\t\t<div class=\"elementor-container elementor-column-gap-default\">\n\t\t\t\t\t<div class=\"elementor-column elementor-col-50 elementor-top-column elementor-element elementor-element-5f6849b0\" data-id=\"5f6849b0\" data-element_type=\"column\" data-e-type=\"column\">\n\t\t\t<div class=\"elementor-widget-wrap elementor-element-populated\">\n\t\t\t\t\t\t<div class=\"elementor-element elementor-element-9062099 elementor-widget elementor-widget-menu-anchor\" data-id=\"9062099\" data-element_type=\"widget\" data-e-type=\"widget\" data-widget_type=\"menu-anchor.default\">\n\t\t\t\t<div class=\"elementor-widget-container\">\n\t\t\t\t\t\t\t<div class=\"elementor-menu-anchor\" id=\"eigenpruefung\"><\/div>\n\t\t\t\t\t\t<\/div>\n\t\t\t\t<\/div>\n\t\t\t\t<div class=\"elementor-element elementor-element-65fadb95 elementor-widget elementor-widget-heading\" data-id=\"65fadb95\" data-element_type=\"widget\" data-e-type=\"widget\" data-widget_type=\"heading.default\">\n\t\t\t\t<div class=\"elementor-widget-container\">\n\t\t\t\t\t<h2 class=\"elementor-heading-title elementor-size-default\">Eigenpr\u00fcfung<\/h2>\t\t\t\t<\/div>\n\t\t\t\t<\/div>\n\t\t\t\t<div class=\"elementor-element elementor-element-4bb6cbd3 elementor-widget elementor-widget-text-editor\" data-id=\"4bb6cbd3\" data-element_type=\"widget\" data-e-type=\"widget\" data-widget_type=\"text-editor.default\">\n\t\t\t\t<div class=\"elementor-widget-container\">\n\t\t\t\t\t\t\t\t\t<p>Wenn Sie 100%ig sicher sein wollen, dass Ihr Smartphone eSIM-kompatibel ist. Sie k\u00f6nnen sich auch direkt in den Einstellungen Ihres Telefons selbst \u00fcberpr\u00fcfen. Gehen Sie zu:<\/p>\n<p><b>Einstellungen -&gt; Netz -&gt; Sim -&gt; Sim \/ eSIM hinzuf\u00fcgen.<\/b><\/p>\n<p>Bitte beachten Sie, dass der genaue Pfad zu dieser Einstellung je nach Telefonmodell variieren kann.<\/p>\n<p>Wenn &#8220;sim \/ eSIM hinzuf\u00fcgen&#8221; nicht sichtbar ist, ist Ihr Smartphone nicht eSIM-kompatibel.<\/p>\n\t\t\t\t\t\t\t\t<\/div>\n\t\t\t\t<\/div>\n\t\t\t\t\t<\/div>\n\t\t<\/div>\n\t\t\t\t<div class=\"elementor-column elementor-col-50 elementor-top-column elementor-element elementor-element-658e5c7d\" data-id=\"658e5c7d\" data-element_type=\"column\" data-e-type=\"column\">\n\t\t\t<div class=\"elementor-widget-wrap elementor-element-populated\">\n\t\t\t\t\t\t<div class=\"elementor-element elementor-element-70ae629e elementor-widget elementor-widget-uael-retina-image\" data-id=\"70ae629e\" data-element_type=\"widget\" data-e-type=\"widget\" data-settings=\"{&quot;width&quot;:{&quot;unit&quot;:&quot;px&quot;,&quot;size&quot;:400,&quot;sizes&quot;:[]},&quot;align&quot;:&quot;center&quot;,&quot;width_tablet&quot;:{&quot;unit&quot;:&quot;%&quot;,&quot;size&quot;:&quot;&quot;,&quot;sizes&quot;:[]},&quot;width_mobile&quot;:{&quot;unit&quot;:&quot;%&quot;,&quot;size&quot;:&quot;&quot;,&quot;sizes&quot;:[]},&quot;space&quot;:{&quot;unit&quot;:&quot;%&quot;,&quot;size&quot;:&quot;&quot;,&quot;sizes&quot;:[]},&quot;space_tablet&quot;:{&quot;unit&quot;:&quot;%&quot;,&quot;size&quot;:&quot;&quot;,&quot;sizes&quot;:[]},&quot;space_mobile&quot;:{&quot;unit&quot;:&quot;%&quot;,&quot;size&quot;:&quot;&quot;,&quot;sizes&quot;:[]},&quot;image_border_radius&quot;:{&quot;unit&quot;:&quot;px&quot;,&quot;top&quot;:&quot;&quot;,&quot;right&quot;:&quot;&quot;,&quot;bottom&quot;:&quot;&quot;,&quot;left&quot;:&quot;&quot;,&quot;isLinked&quot;:true},&quot;image_border_radius_tablet&quot;:{&quot;unit&quot;:&quot;px&quot;,&quot;top&quot;:&quot;&quot;,&quot;right&quot;:&quot;&quot;,&quot;bottom&quot;:&quot;&quot;,&quot;left&quot;:&quot;&quot;,&quot;isLinked&quot;:true},&quot;image_border_radius_mobile&quot;:{&quot;unit&quot;:&quot;px&quot;,&quot;top&quot;:&quot;&quot;,&quot;right&quot;:&quot;&quot;,&quot;bottom&quot;:&quot;&quot;,&quot;left&quot;:&quot;&quot;,&quot;isLinked&quot;:true}}\" data-widget_type=\"uael-retina-image.default\">\n\t\t\t\t<div class=\"elementor-widget-container\">\n\t\t\t\t\t\t\t<div class=\"uael-retina-image\">\n\t\t\t\t\t\t\t\t\t\t\t\t\t<div class=\"uael-retina-image-set\">\n\t\t\t\t\t<div class=\"uael-retina-image-container\">\n\t\t\t\t\t\t<img decoding=\"async\" class=\"uael-retina-img elementor-animation-\" src=\"https:\/\/sim-usa.mobi\/wp-content\/uploads\/2023\/02\/zimba-blue-phonecompatibility-800px.png\" alt=\"zimba-blue-phonecompatibility-800px.png\"srcset=\"https:\/\/sim-usa.mobi\/wp-content\/uploads\/2023\/02\/zimba-blue-phonecompatibility-800px.png 1x,https:\/\/sim-usa.mobi\/wp-content\/uploads\/2023\/02\/zimba-blue-phonecompatibility-800px.png 2x\"\/>\n\t\t\t\t\t<\/div>\n\t\t\t\t<\/div>\n\t\t\t\t\t\t\t\t<\/div>\n\t\t\t\t\t\t<\/div>\n\t\t\t\t<\/div>\n\t\t\t\t<section class=\"elementor-section elementor-inner-section elementor-element elementor-element-725afb5 elementor-section-content-top elementor-section-boxed elementor-section-height-default elementor-section-height-default\" data-id=\"725afb5\" data-element_type=\"section\" data-e-type=\"section\">\n\t\t\t\t\t\t<div class=\"elementor-container elementor-column-gap-no\">\n\t\t\t\t\t\t<\/div>\n\t\t<\/section>\n\t\t\t\t\t<\/div>\n\t\t<\/div>\n\t\t\t\t\t<\/div>\n\t\t<\/section>\n\t\t\t\t<\/div>\n\t\t","protected":false},"excerpt":{"rendered":"<p>Liste der eSIM kompatiblen Ger\u00e4te &nbsp; Nachstehend finden Sie eine nicht eingeschr\u00e4nkte Liste von eSIM-kompatiblen Ger\u00e4ten.Letzte Aktualisierung: September 2024. Apple iPhone 16, 16 Plus, 16 Pro, 16 Pro Max iPhone 15, 15 Plus, 15 Pro, 15 Pro Max iPhone 14, 14 Plus, 14 Pro, 14 Pro Max iPhone 13, 13 Pro, 13 Pro Max, 13 [&hellip;]<\/p>\n","protected":false},"author":993,"featured_media":0,"parent":0,"menu_order":0,"comment_status":"closed","ping_status":"closed","template":"","meta":{"site-sidebar-layout":"default","site-content-layout":"plain-container","ast-site-content-layout":"default","site-content-style":"default","site-sidebar-style":"default","ast-global-header-display":"","ast-banner-title-visibility":"","ast-main-header-display":"","ast-hfb-above-header-display":"","ast-hfb-below-header-display":"","ast-hfb-mobile-header-display":"","site-post-title":"","ast-breadcrumbs-content":"","ast-featured-img":"","footer-sml-layout":"","ast-disable-related-posts":"","theme-transparent-header-meta":"default","adv-header-id-meta":"","stick-header-meta":"","header-above-stick-meta":"","header-main-stick-meta":"","header-below-stick-meta":"","astra-migrate-meta-layouts":"default","ast-page-background-enabled":"default","ast-page-background-meta":{"desktop":{"background-color":"","background-image":"","background-repeat":"repeat","background-position":"center center","background-size":"auto","background-attachment":"scroll","background-type":"","background-media":"","overlay-type":"","overlay-color":"","overlay-opacity":"","overlay-gradient":""},"tablet":{"background-color":"","background-image":"","background-repeat":"repeat","background-position":"center center","background-size":"auto","background-attachment":"scroll","background-type":"","background-media":"","overlay-type":"","overlay-color":"","overlay-opacity":"","overlay-gradient":""},"mobile":{"background-color":"","background-image":"","background-repeat":"repeat","background-position":"center center","background-size":"auto","background-attachment":"scroll","background-type":"","background-media":"","overlay-type":"","overlay-color":"","overlay-opacity":"","overlay-gradient":""}},"ast-content-background-meta":{"desktop":{"background-color":"var(--ast-global-color-5)","background-image":"","background-repeat":"repeat","background-position":"center center","background-size":"auto","background-attachment":"scroll","background-type":"","background-media":"","overlay-type":"","overlay-color":"","overlay-opacity":"","overlay-gradient":""},"tablet":{"background-color":"var(--ast-global-color-5)","background-image":"","background-repeat":"repeat","background-position":"center center","background-size":"auto","background-attachment":"scroll","background-type":"","background-media":"","overlay-type":"","overlay-color":"","overlay-opacity":"","overlay-gradient":""},"mobile":{"background-color":"var(--ast-global-color-5)","background-image":"","background-repeat":"repeat","background-position":"center center","background-size":"auto","background-attachment":"scroll","background-type":"","background-media":"","overlay-type":"","overlay-color":"","overlay-opacity":"","overlay-gradient":""}},"footnotes":""},"class_list":["post-97194","page","type-page","status-publish","hentry"],"aioseo_notices":[],"_links":{"self":[{"href":"https:\/\/sim-usa.mobi\/de\/wp-json\/wp\/v2\/pages\/97194","targetHints":{"allow":["GET"]}}],"collection":[{"href":"https:\/\/sim-usa.mobi\/de\/wp-json\/wp\/v2\/pages"}],"about":[{"href":"https:\/\/sim-usa.mobi\/de\/wp-json\/wp\/v2\/types\/page"}],"author":[{"embeddable":true,"href":"https:\/\/sim-usa.mobi\/de\/wp-json\/wp\/v2\/users\/993"}],"replies":[{"embeddable":true,"href":"https:\/\/sim-usa.mobi\/de\/wp-json\/wp\/v2\/comments?post=97194"}],"version-history":[{"count":0,"href":"https:\/\/sim-usa.mobi\/de\/wp-json\/wp\/v2\/pages\/97194\/revisions"}],"wp:attachment":[{"href":"https:\/\/sim-usa.mobi\/de\/wp-json\/wp\/v2\/media?parent=97194"}],"curies":[{"name":"wp","href":"https:\/\/api.w.org\/{rel}","templated":true}]}}