{"id":100333,"date":"2021-08-09T08:55:09","date_gmt":"2021-08-09T06:55:09","guid":{"rendered":"https:\/\/sim-usa.mobi\/product\/lyca-mobile-wiederaufladung\/"},"modified":"2025-09-16T12:35:22","modified_gmt":"2025-09-16T10:35:22","slug":"lyca-mobile-wiederaufladung","status":"publish","type":"product","link":"https:\/\/sim-usa.mobi\/de\/produkt\/lyca-mobile-wiederaufladung\/","title":{"rendered":"Lyca Mobile &#8211; Wiederaufladung"},"content":{"rendered":"<p>Sie k\u00f6nnen Daten zu Ihrem bestehenden Plan hinzuf\u00fcgen (nicht aufgebrauchte Daten verfallen am Ablaufdatum) oder Sie k\u00f6nnen Ihren Plan um weitere 30 Tage verl\u00e4ngern. Nach den ersten drei\u00dfig Tagen m\u00fcssen Sie innerhalb von 60 Tagen verl\u00e4ngern, damit Ihre Telefonnummer aktiv bleibt. Nach 60 Tagen ohne Aufladung werden Ihre Simkarte und Ihre Nummer dauerhaft deaktiviert.<\/p>\n<p><i class=\"fa-solid fa-circle-info\"><\/i> 30 Tage Wiederaufladung: Wir f\u00fcgen den entsprechende Betrag zu Ihrem Konto hinzu. Dieser Betrag wird in US-Dollar ausgewiesen und wird dem Anbieter \u201ezur Verf\u00fcgung\u201c gestellt. Es ist wichtig, dass Sie keine Anrufe t\u00e4tigen oder Sms verschicken, welche nicht in Ihrem Plan inklusive sind. Ansonsten wird der Anbieter das vorhandene Guthaben nutzen und Ihr Plan kann nicht verl\u00e4ngert werden, da nicht genug Guthaben vorhanden ist.<\/p>\n<p><i class=\"fa-solid fa-circle-question\"><\/i> Warum ist die Wiederaufladung teurer? Die urspr\u00fcnglichen 30 Tage Prepaidpl\u00e4ne gibt es zu einem Angebotspreis. Alle Verl\u00e4ngerungen werden zum vollen Preis an den Mobilfunkanbieter Lyca Mobile bezahlt.<\/p>\n","protected":false},"excerpt":{"rendered":"<p>Wiederaufladung. Sie k\u00f6nnen Ihr Datenvolumen wieder auff\u00fcllen oder Ihren Plan f\u00fcr 30 Tage verl\u00e4ngern.<\/p>\n","protected":false},"featured_media":70329,"template":"","meta":{"site-sidebar-layout":"default","site-content-layout":"default","ast-site-content-layout":"default","site-content-style":"default","site-sidebar-style":"default","ast-global-header-display":"","ast-banner-title-visibility":"","ast-main-header-display":"","ast-hfb-above-header-display":"","ast-hfb-below-header-display":"","ast-hfb-mobile-header-display":"","site-post-title":"","ast-breadcrumbs-content":"","ast-featured-img":"","footer-sml-layout":"","ast-disable-related-posts":"","theme-transparent-header-meta":"default","adv-header-id-meta":"","stick-header-meta":"","header-above-stick-meta":"","header-main-stick-meta":"","header-below-stick-meta":"","astra-migrate-meta-layouts":"default","ast-page-background-enabled":"default","ast-page-background-meta":{"desktop":{"background-color":"","background-image":"","background-repeat":"repeat","background-position":"center center","background-size":"auto","background-attachment":"scroll","background-type":"","background-media":"","overlay-type":"","overlay-color":"","overlay-opacity":"","overlay-gradient":""},"tablet":{"background-color":"","background-image":"","background-repeat":"repeat","background-position":"center center","background-size":"auto","background-attachment":"scroll","background-type":"","background-media":"","overlay-type":"","overlay-color":"","overlay-opacity":"","overlay-gradient":""},"mobile":{"background-color":"","background-image":"","background-repeat":"repeat","background-position":"center center","background-size":"auto","background-attachment":"scroll","background-type":"","background-media":"","overlay-type":"","overlay-color":"","overlay-opacity":"","overlay-gradient":""}},"ast-content-background-meta":{"desktop":{"background-color":"var(--ast-global-color-5)","background-image":"","background-repeat":"repeat","background-position":"center center","background-size":"auto","background-attachment":"scroll","background-type":"","background-media":"","overlay-type":"","overlay-color":"","overlay-opacity":"","overlay-gradient":""},"tablet":{"background-color":"var(--ast-global-color-5)","background-image":"","background-repeat":"repeat","background-position":"center center","background-size":"auto","background-attachment":"scroll","background-type":"","background-media":"","overlay-type":"","overlay-color":"","overlay-opacity":"","overlay-gradient":""},"mobile":{"background-color":"var(--ast-global-color-5)","background-image":"","background-repeat":"repeat","background-position":"center center","background-size":"auto","background-attachment":"scroll","background-type":"","background-media":"","overlay-type":"","overlay-color":"","overlay-opacity":"","overlay-gradient":""}}},"product_brand":[],"product_cat":[74],"product_tag":[100],"attribute_description":[],"class_list":{"0":"post-100333","1":"product","2":"type-product","3":"status-publish","4":"has-post-thumbnail","6":"product_cat-wiederaufladung","7":"product_tag-lyca-mobile-de","8":"desktop-align-left","9":"tablet-align-left","10":"mobile-align-left","12":"first","13":"instock","14":"sale","15":"taxable","16":"shipping-taxable","17":"purchasable","18":"product-type-variable"},"group_of_quantity":0,"min_quantity":0,"max_quantity":"","exclude_order_quantity_value_rules":"no","exclude_category_quantity_rules":"no","combine_variations":"no","exclude_global_add_ons":false,"addons":[{"name":"Telefonnummer","type":"custom_text","position":0,"required":true,"title_format":"heading","default":"","description_enable":true,"description":"Geben Sie Ihre US-Telefonnummer ein. Beispiel: 1234567891","placeholder_enable":false,"placeholder":null,"display":"select","restrictions_type":"only_numbers","adjust_price":false,"price":"","price_type":"flat_fee","restrictions":false,"min":"0","max":"0","options":[],"id":1673260262},{"name":"Daten (optional)","type":"checkbox","position":1,"required":false,"title_format":"label","default":"","description_enable":true,"description":"W\u00e4hlen Sie die Daten aus, die Sie Ihrem aktuellen aktiven Plan hinzuf\u00fcgen m\u00f6chten.","placeholder_enable":false,"placeholder":null,"display":"select","restrictions_type":"any_text","adjust_price":false,"price":"","price_type":"flat_fee","restrictions":false,"min":"0","max":"0","options":[{"label":"2GB in 4G LTE-Add-on","price":"10","price_type":"flat_fee","image":0,"visibility":true},{"label":"5GB in 4G LTE Add-on","price":"15","price_type":"flat_fee","image":0,"visibility":true},{"label":"10GB in 4G LTE Add-on","price":"25","price_type":"flat_fee","image":0,"visibility":true}],"id":1673260263}],"aioseo_notices":[],"_links":{"self":[{"href":"https:\/\/sim-usa.mobi\/de\/wp-json\/wp\/v2\/product\/100333","targetHints":{"allow":["GET"]}}],"collection":[{"href":"https:\/\/sim-usa.mobi\/de\/wp-json\/wp\/v2\/product"}],"about":[{"href":"https:\/\/sim-usa.mobi\/de\/wp-json\/wp\/v2\/types\/product"}],"wp:featuredmedia":[{"embeddable":true,"href":"https:\/\/sim-usa.mobi\/de\/wp-json\/wp\/v2\/media\/70329"}],"wp:attachment":[{"href":"https:\/\/sim-usa.mobi\/de\/wp-json\/wp\/v2\/media?parent=100333"}],"wp:term":[{"taxonomy":"product_brand","embeddable":true,"href":"https:\/\/sim-usa.mobi\/de\/wp-json\/wp\/v2\/product_brand?post=100333"},{"taxonomy":"product_cat","embeddable":true,"href":"https:\/\/sim-usa.mobi\/de\/wp-json\/wp\/v2\/product_cat?post=100333"},{"taxonomy":"product_tag","embeddable":true,"href":"https:\/\/sim-usa.mobi\/de\/wp-json\/wp\/v2\/product_tag?post=100333"},{"taxonomy":"attribute_description","embeddable":true,"href":"https:\/\/sim-usa.mobi\/de\/wp-json\/wp\/v2\/attribute_description?post=100333"}],"curies":[{"name":"wp","href":"https:\/\/api.w.org\/{rel}","templated":true}]}}