{"id":109737,"date":"2021-11-02T12:31:43","date_gmt":"2021-11-02T11:31:43","guid":{"rendered":"https:\/\/sim-usa.mobi\/product\/usa-kanada-mexiko-unbegrenzte-daten-7-tage\/"},"modified":"2025-07-18T10:12:28","modified_gmt":"2025-07-18T08:12:28","slug":"usa-kanada-mexiko-unbegrenzte-daten-7-tage","status":"publish","type":"product","link":"https:\/\/sim-usa.mobi\/de\/produkt\/usa-kanada-mexiko-unbegrenzte-daten-7-tage\/","title":{"rendered":"USA, Kanada, Mexiko &#8211; Unbegrenzte Daten &#8211; 7 Tage"},"content":{"rendered":"<ul>\n<li>T-Mobile Netzwerk.<\/li>\n<li>Unbegrenzte Anrufe &amp; Sms innerhalb der USA, Kanada &amp; Mexiko.<\/li>\n<li>Behalten Sie Ihre aktuelle Nummer f\u00fcr Ihre sozialen Anwendungen wie WhatsApp bei. Au\u00dferdem erhalten Sie eine echte US-Nummer f\u00fcr wichtige Ortsgespr\u00e4che und SMS-Best\u00e4tigungen.<\/li>\n<li>Unbegrenzte Internetdaten bis zu 5G-Geschwindigkeit in den USA.<\/li>\n<li>Unbegrenzte Internetdaten bis zu 5G-Geschwindigkeit in Kanada und Mexiko. Die Geschwindigkeit verringert sich nach 5 GB.<\/li>\n<li>Tethering erlaubt mit langsamerer Geschwindigkeit f\u00fcr die angeschlossenen Ger\u00e4te.<\/li>\n<li>Universelle dreifach geschnittene Sim-Karte oder eSIM.<\/li>\n<li>G\u00fcltig 7 Tage ab der Aktivierung. Sie k\u00f6nnen die Aktivierung terminlich festlegen, wenn Sie Ihre Simkarte erhalten.<\/li>\n<li><span style=\"text-decoration: underline;\"><a title=\"Wiederaufladung\" href=\"https:\/\/sim-usa.mobi\/de\/product-category\/wiederaufladung\/\">Nachladungen<\/a><\/span> sind verf\u00fcgbar, um die G\u00fcltigkeit zu verl\u00e4ngern.<\/li>\n<\/ul>\n<p>* <a href=\"#tm-intl-calling\"><span style=\"text-decoration: underline;\">Internationale Direktanrufe<\/span><\/a>: Erm\u00f6glicht es Ihnen, weltweit Direktanrufe zu realen Nummern zu t\u00e4tigen (keine Social-App erforderlich).<\/p>\n","protected":false},"excerpt":{"rendered":"<p>Entdecken Sie unsere Simkarte mit unbegrenzten Daten f\u00fcr 7 Tage, die ideale L\u00f6sung, um w\u00e4hrend Ihrer Reisen in Nordamerika ohne Stress in Verbindung zu bleiben. Genie\u00dfen Sie Highspeed-Internet ohne Verpflichtungen in den Vereinigten Staaten, Kanada und Mexiko. Sie suchen <u><a href=\"https:\/\/sim-usa.mobi\/de\/produkt\/esim\/\">eSIM<\/a><\/u>? Dann sind Sie hier richtig.<br \/>\nEs gelten Einschr\u00e4nkungen. Bitte lesen Sie die beiden Registerkarten &#8220;Was ist enthalten&#8221; und &#8220;Was ist nicht enthalten&#8221;.<\/p>\n","protected":false},"featured_media":135683,"template":"","meta":{"site-sidebar-layout":"default","site-content-layout":"default","ast-site-content-layout":"default","site-content-style":"default","site-sidebar-style":"default","ast-global-header-display":"","ast-banner-title-visibility":"","ast-main-header-display":"","ast-hfb-above-header-display":"","ast-hfb-below-header-display":"","ast-hfb-mobile-header-display":"","site-post-title":"","ast-breadcrumbs-content":"","ast-featured-img":"","footer-sml-layout":"","ast-disable-related-posts":"","theme-transparent-header-meta":"default","adv-header-id-meta":"","stick-header-meta":"","header-above-stick-meta":"","header-main-stick-meta":"","header-below-stick-meta":"","astra-migrate-meta-layouts":"set","ast-page-background-enabled":"default","ast-page-background-meta":{"desktop":{"background-color":"","background-image":"","background-repeat":"repeat","background-position":"center center","background-size":"auto","background-attachment":"scroll","background-type":"","background-media":"","overlay-type":"","overlay-color":"","overlay-opacity":"","overlay-gradient":""},"tablet":{"background-color":"","background-image":"","background-repeat":"repeat","background-position":"center center","background-size":"auto","background-attachment":"scroll","background-type":"","background-media":"","overlay-type":"","overlay-color":"","overlay-opacity":"","overlay-gradient":""},"mobile":{"background-color":"","background-image":"","background-repeat":"repeat","background-position":"center center","background-size":"auto","background-attachment":"scroll","background-type":"","background-media":"","overlay-type":"","overlay-color":"","overlay-opacity":"","overlay-gradient":""}},"ast-content-background-meta":{"desktop":{"background-color":"var(--ast-global-color-5)","background-image":"","background-repeat":"repeat","background-position":"center center","background-size":"auto","background-attachment":"scroll","background-type":"","background-media":"","overlay-type":"","overlay-color":"","overlay-opacity":"","overlay-gradient":""},"tablet":{"background-color":"var(--ast-global-color-5)","background-image":"","background-repeat":"repeat","background-position":"center center","background-size":"auto","background-attachment":"scroll","background-type":"","background-media":"","overlay-type":"","overlay-color":"","overlay-opacity":"","overlay-gradient":""},"mobile":{"background-color":"var(--ast-global-color-5)","background-image":"","background-repeat":"repeat","background-position":"center center","background-size":"auto","background-attachment":"scroll","background-type":"","background-media":"","overlay-type":"","overlay-color":"","overlay-opacity":"","overlay-gradient":""}}},"product_brand":[],"product_cat":[72,181],"product_tag":[96,102],"attribute_description":[],"class_list":{"0":"post-109737","1":"product","2":"type-product","3":"status-publish","4":"has-post-thumbnail","6":"product_cat-plane","7":"product_cat-unbegrenzt","8":"product_tag-att-de","9":"product_tag-t-mobile-de","10":"desktop-align-left","11":"tablet-align-left","12":"mobile-align-left","14":"first","15":"instock","16":"taxable","17":"shipping-taxable","18":"purchasable","19":"product-type-variable","20":"has-default-attributes"},"group_of_quantity":0,"min_quantity":0,"max_quantity":"","exclude_order_quantity_value_rules":"no","exclude_category_quantity_rules":"no","combine_variations":"no","exclude_global_add_ons":[],"addons":[],"aioseo_notices":[],"_links":{"self":[{"href":"https:\/\/sim-usa.mobi\/de\/wp-json\/wp\/v2\/product\/109737","targetHints":{"allow":["GET"]}}],"collection":[{"href":"https:\/\/sim-usa.mobi\/de\/wp-json\/wp\/v2\/product"}],"about":[{"href":"https:\/\/sim-usa.mobi\/de\/wp-json\/wp\/v2\/types\/product"}],"wp:featuredmedia":[{"embeddable":true,"href":"https:\/\/sim-usa.mobi\/de\/wp-json\/wp\/v2\/media\/135683"}],"wp:attachment":[{"href":"https:\/\/sim-usa.mobi\/de\/wp-json\/wp\/v2\/media?parent=109737"}],"wp:term":[{"taxonomy":"product_brand","embeddable":true,"href":"https:\/\/sim-usa.mobi\/de\/wp-json\/wp\/v2\/product_brand?post=109737"},{"taxonomy":"product_cat","embeddable":true,"href":"https:\/\/sim-usa.mobi\/de\/wp-json\/wp\/v2\/product_cat?post=109737"},{"taxonomy":"product_tag","embeddable":true,"href":"https:\/\/sim-usa.mobi\/de\/wp-json\/wp\/v2\/product_tag?post=109737"},{"taxonomy":"attribute_description","embeddable":true,"href":"https:\/\/sim-usa.mobi\/de\/wp-json\/wp\/v2\/attribute_description?post=109737"}],"curies":[{"name":"wp","href":"https:\/\/api.w.org\/{rel}","templated":true}]}}