{"id":110022,"date":"2023-03-05T16:33:48","date_gmt":"2023-03-05T15:33:48","guid":{"rendered":"https:\/\/sim-usa.mobi\/?post_type=product&#038;p=110022"},"modified":"2025-12-03T17:29:56","modified_gmt":"2025-12-03T16:29:56","slug":"100-data-tablets-routers","status":"publish","type":"product","link":"https:\/\/sim-usa.mobi\/de\/produkt\/100-data-tablets-routers\/","title":{"rendered":"100% Data &#8211; Tablets &amp; Routers"},"content":{"rendered":"<ul>\n<li>T-Mobile oder AT&amp;T Netzwerk. <span style=\"text-decoration: underline;\"><a href=\"https:\/\/sim-usa.mobi\/de\/netzwerksauswahl-t-mobile-att\/\">Wie w\u00e4hlen Sie aus?<\/a><\/span><\/li>\n<li>T-Mobile: 50GB Daten mit bis zu 5G-Geschwindigkeit in den USA und 5GB Daten in Kanada und Mexiko.<\/li>\n<li>AT&amp;T: 100GB Daten bis zu 5G-Geschwindigkeit in den USA.<\/li>\n<li>Verwendung in einem Tablet.<\/li>\n<li>Verwendung in einem Wifi-Hotspot\/Router (nur zugelassene und kompatible Modelle).<\/li>\n<li>Tethering\/Hotspot-Modus von einem Tablet aus erlaubt (bei AT&amp;T nicht erlaubt).<\/li>\n<li>Tethering\/Hotspot-Modus \u00fcber einen Router erlaubt.<\/li>\n<li>Dreifach geschnittene Universal-SIM-Karte oder eSIM.<\/li>\n<li>G\u00fcltig 30 Tage ab der Aktivierung.<\/li>\n<li><span style=\"text-decoration: underline;\"><a title=\"Wiederaufladung\" href=\"https:\/\/sim-usa.mobi\/de\/product-category\/wiederaufladung\/\">Nachladungen<\/a><\/span> sind verf\u00fcgbar, um die G\u00fcltigkeit zu verl\u00e4ngern.<\/li>\n<\/ul>\n<p><i class=\"fa-solid fa-triangle-exclamation\"><\/i> Internet Datenplan nur f\u00fcr Tablets und Wlan-Router.<\/p>\n","protected":false},"excerpt":{"rendered":"<p>Reisen Sie sorgenfrei mit unserer USA SIM-Karte f\u00fcr Tablets. Holen Sie sich unverbindlich einen mobilen Internetzugang, ideal, um w\u00e4hrend Ihres Aufenthalts in den Vereinigten Staaten 30 Tage lang in Verbindung zu bleiben! Es gelten Einschr\u00e4nkungen. Bitte lesen Sie die Registerkarten &#8220;Was ist enthalten&#8221; und &#8220;Was ist nicht enthalten&#8221;.<\/p>\n","protected":false},"featured_media":127960,"template":"","meta":{"site-sidebar-layout":"default","site-content-layout":"default","ast-site-content-layout":"default","site-content-style":"default","site-sidebar-style":"default","ast-global-header-display":"","ast-banner-title-visibility":"","ast-main-header-display":"","ast-hfb-above-header-display":"","ast-hfb-below-header-display":"","ast-hfb-mobile-header-display":"","site-post-title":"","ast-breadcrumbs-content":"","ast-featured-img":"","footer-sml-layout":"","ast-disable-related-posts":"","theme-transparent-header-meta":"default","adv-header-id-meta":"","stick-header-meta":"","header-above-stick-meta":"","header-main-stick-meta":"","header-below-stick-meta":"","astra-migrate-meta-layouts":"set","ast-page-background-enabled":"default","ast-page-background-meta":{"desktop":{"background-color":"","background-image":"","background-repeat":"repeat","background-position":"center center","background-size":"auto","background-attachment":"scroll","background-type":"","background-media":"","overlay-type":"","overlay-color":"","overlay-opacity":"","overlay-gradient":""},"tablet":{"background-color":"","background-image":"","background-repeat":"repeat","background-position":"center center","background-size":"auto","background-attachment":"scroll","background-type":"","background-media":"","overlay-type":"","overlay-color":"","overlay-opacity":"","overlay-gradient":""},"mobile":{"background-color":"","background-image":"","background-repeat":"repeat","background-position":"center center","background-size":"auto","background-attachment":"scroll","background-type":"","background-media":"","overlay-type":"","overlay-color":"","overlay-opacity":"","overlay-gradient":""}},"ast-content-background-meta":{"desktop":{"background-color":"var(--ast-global-color-5)","background-image":"","background-repeat":"repeat","background-position":"center center","background-size":"auto","background-attachment":"scroll","background-type":"","background-media":"","overlay-type":"","overlay-color":"","overlay-opacity":"","overlay-gradient":""},"tablet":{"background-color":"var(--ast-global-color-5)","background-image":"","background-repeat":"repeat","background-position":"center center","background-size":"auto","background-attachment":"scroll","background-type":"","background-media":"","overlay-type":"","overlay-color":"","overlay-opacity":"","overlay-gradient":""},"mobile":{"background-color":"var(--ast-global-color-5)","background-image":"","background-repeat":"repeat","background-position":"center center","background-size":"auto","background-attachment":"scroll","background-type":"","background-media":"","overlay-type":"","overlay-color":"","overlay-opacity":"","overlay-gradient":""}}},"product_brand":[],"product_cat":[72],"product_tag":[96,106,102,184],"attribute_description":[],"class_list":{"0":"post-110022","1":"product","2":"type-product","3":"status-publish","4":"has-post-thumbnail","6":"product_cat-plane","7":"product_tag-att-de","8":"product_tag-router-de","9":"product_tag-t-mobile-de","10":"product_tag-tablet-de","11":"desktop-align-left","12":"tablet-align-left","13":"mobile-align-left","15":"first","16":"instock","17":"taxable","18":"shipping-taxable","19":"purchasable","20":"product-type-variable","21":"has-default-attributes"},"group_of_quantity":0,"min_quantity":0,"max_quantity":"","exclude_order_quantity_value_rules":"no","exclude_category_quantity_rules":"no","combine_variations":"no","exclude_global_add_ons":[],"addons":[],"aioseo_notices":[],"_links":{"self":[{"href":"https:\/\/sim-usa.mobi\/de\/wp-json\/wp\/v2\/product\/110022","targetHints":{"allow":["GET"]}}],"collection":[{"href":"https:\/\/sim-usa.mobi\/de\/wp-json\/wp\/v2\/product"}],"about":[{"href":"https:\/\/sim-usa.mobi\/de\/wp-json\/wp\/v2\/types\/product"}],"wp:featuredmedia":[{"embeddable":true,"href":"https:\/\/sim-usa.mobi\/de\/wp-json\/wp\/v2\/media\/127960"}],"wp:attachment":[{"href":"https:\/\/sim-usa.mobi\/de\/wp-json\/wp\/v2\/media?parent=110022"}],"wp:term":[{"taxonomy":"product_brand","embeddable":true,"href":"https:\/\/sim-usa.mobi\/de\/wp-json\/wp\/v2\/product_brand?post=110022"},{"taxonomy":"product_cat","embeddable":true,"href":"https:\/\/sim-usa.mobi\/de\/wp-json\/wp\/v2\/product_cat?post=110022"},{"taxonomy":"product_tag","embeddable":true,"href":"https:\/\/sim-usa.mobi\/de\/wp-json\/wp\/v2\/product_tag?post=110022"},{"taxonomy":"attribute_description","embeddable":true,"href":"https:\/\/sim-usa.mobi\/de\/wp-json\/wp\/v2\/attribute_description?post=110022"}],"curies":[{"name":"wp","href":"https:\/\/api.w.org\/{rel}","templated":true}]}}