{"id":114100,"date":"2021-08-08T16:13:33","date_gmt":"2021-08-08T14:13:33","guid":{"rendered":"https:\/\/sim-usa.mobi\/product\/usa-kanada-mexiko-unbegrenzte-daten-30-tage\/"},"modified":"2025-07-22T21:31:17","modified_gmt":"2025-07-22T19:31:17","slug":"usa-kanada-mexiko-unbegrenzte-daten-30-tage","status":"publish","type":"product","link":"https:\/\/sim-usa.mobi\/de\/produkt\/usa-kanada-mexiko-unbegrenzte-daten-30-tage\/","title":{"rendered":"USA, Kanada, Mexiko &#8211; Unbegrenzte Daten &#8211; 30 Tage"},"content":{"rendered":"<ul>\n<li>T-Mobile oder AT&amp;T Netzwerk. <span style=\"text-decoration: underline;\"><a href=\"https:\/\/sim-usa.mobi\/de\/netzwerksauswahl-t-mobile-att\/\">Wie w\u00e4hlen Sie aus?<\/a><\/span><\/li>\n<li>Unbegrenzte Anrufe &amp; Sms innerhalb der USA, Kanada &amp; Mexiko.<\/li>\n<li>Behalten Sie Ihre aktuelle Nummer f\u00fcr Ihre sozialen Anwendungen wie WhatsApp bei. Au\u00dferdem erhalten Sie eine echte US-Nummer f\u00fcr wichtige Ortsgespr\u00e4che und SMS-Best\u00e4tigungen.<\/li>\n<li>Unbegrenzte Internetdaten bis zu 5G-Geschwindigkeit in den USA.<\/li>\n<li>Unbegrenzte Internetdaten bis zu 5G-Geschwindigkeit in Kanada und Mexiko. (Geschwindigkeit reduziert nach 25GB bei AT&amp;T und 5GB bei T-Mobile).<\/li>\n<li>Tethering erlaubt mit langsamerer Geschwindigkeit f\u00fcr die angeschlossenen Ger\u00e4te.<\/li>\n<li>Universelle dreifach geschnittene Sim-Karte oder eSIM.<\/li>\n<li>G\u00fcltig 30 Tage ab der Aktivierung. Sie k\u00f6nnen die Aktivierung terminlich festlegen, wenn Sie Ihre Simkarte erhalten.<\/li>\n<li><a title=\"Wiederaufladung\" href=\"https:\/\/sim-usa.mobi\/de\/produkt-kategorie\/wiederaufladung\/\"><span style=\"text-decoration: underline;\">Nachladungen<\/span><\/a> sind verf\u00fcgbar, um die G\u00fcltigkeit zu verl\u00e4ngern.<\/li>\n<\/ul>\n<p>*<span style=\"text-decoration: underline;\"><a href=\"#tm-intl-calling\">Direkte internationale Anrufe<\/a><\/span>: Erm\u00f6glicht es Ihnen, weltweit direkte Anrufe an echte Nummern zu t\u00e4tigen (keine Social App. erforderlich).<\/p>\n","protected":false},"excerpt":{"rendered":"<p>M\u00f6chten Sie sorgenfrei reisen? Entdecken Sie unseren unbegrenzten USA-Telefontarif, perfekt f\u00fcr Reisen in die Vereinigten Staaten, Kanada und Mexiko. Genie\u00dfen Sie ununterbrochene Konnektivit\u00e4t und Highspeed-Internetzugang ohne jegliche Verpflichtung. Es gelten Einschr\u00e4nkungen. Bitte lesen Sie die beiden Registerkarten &#8220;Was ist enthalten&#8221; und &#8220;Was ist nicht enthalten&#8221;.<\/p>\n","protected":false},"featured_media":135687,"template":"","meta":{"site-sidebar-layout":"default","site-content-layout":"default","ast-site-content-layout":"default","site-content-style":"default","site-sidebar-style":"default","ast-global-header-display":"","ast-banner-title-visibility":"","ast-main-header-display":"","ast-hfb-above-header-display":"","ast-hfb-below-header-display":"","ast-hfb-mobile-header-display":"","site-post-title":"","ast-breadcrumbs-content":"","ast-featured-img":"","footer-sml-layout":"","ast-disable-related-posts":"","theme-transparent-header-meta":"default","adv-header-id-meta":"","stick-header-meta":"","header-above-stick-meta":"","header-main-stick-meta":"","header-below-stick-meta":"","astra-migrate-meta-layouts":"set","ast-page-background-enabled":"default","ast-page-background-meta":{"desktop":{"background-color":"","background-image":"","background-repeat":"repeat","background-position":"center center","background-size":"auto","background-attachment":"scroll","background-type":"","background-media":"","overlay-type":"","overlay-color":"","overlay-opacity":"","overlay-gradient":""},"tablet":{"background-color":"","background-image":"","background-repeat":"repeat","background-position":"center center","background-size":"auto","background-attachment":"scroll","background-type":"","background-media":"","overlay-type":"","overlay-color":"","overlay-opacity":"","overlay-gradient":""},"mobile":{"background-color":"","background-image":"","background-repeat":"repeat","background-position":"center center","background-size":"auto","background-attachment":"scroll","background-type":"","background-media":"","overlay-type":"","overlay-color":"","overlay-opacity":"","overlay-gradient":""}},"ast-content-background-meta":{"desktop":{"background-color":"var(--ast-global-color-5)","background-image":"","background-repeat":"repeat","background-position":"center center","background-size":"auto","background-attachment":"scroll","background-type":"","background-media":"","overlay-type":"","overlay-color":"","overlay-opacity":"","overlay-gradient":""},"tablet":{"background-color":"var(--ast-global-color-5)","background-image":"","background-repeat":"repeat","background-position":"center center","background-size":"auto","background-attachment":"scroll","background-type":"","background-media":"","overlay-type":"","overlay-color":"","overlay-opacity":"","overlay-gradient":""},"mobile":{"background-color":"var(--ast-global-color-5)","background-image":"","background-repeat":"repeat","background-position":"center center","background-size":"auto","background-attachment":"scroll","background-type":"","background-media":"","overlay-type":"","overlay-color":"","overlay-opacity":"","overlay-gradient":""}}},"product_brand":[],"product_cat":[72,181],"product_tag":[96,102],"attribute_description":[],"class_list":{"0":"post-114100","1":"product","2":"type-product","3":"status-publish","4":"has-post-thumbnail","6":"product_cat-plane","7":"product_cat-unbegrenzt","8":"product_tag-att-de","9":"product_tag-t-mobile-de","10":"desktop-align-left","11":"tablet-align-left","12":"mobile-align-left","14":"first","15":"instock","16":"taxable","17":"shipping-taxable","18":"purchasable","19":"product-type-variable","20":"has-default-attributes"},"group_of_quantity":0,"min_quantity":0,"max_quantity":"","exclude_order_quantity_value_rules":"no","exclude_category_quantity_rules":"no","combine_variations":"no","exclude_global_add_ons":[],"addons":[],"aioseo_notices":[],"_links":{"self":[{"href":"https:\/\/sim-usa.mobi\/de\/wp-json\/wp\/v2\/product\/114100","targetHints":{"allow":["GET"]}}],"collection":[{"href":"https:\/\/sim-usa.mobi\/de\/wp-json\/wp\/v2\/product"}],"about":[{"href":"https:\/\/sim-usa.mobi\/de\/wp-json\/wp\/v2\/types\/product"}],"wp:featuredmedia":[{"embeddable":true,"href":"https:\/\/sim-usa.mobi\/de\/wp-json\/wp\/v2\/media\/135687"}],"wp:attachment":[{"href":"https:\/\/sim-usa.mobi\/de\/wp-json\/wp\/v2\/media?parent=114100"}],"wp:term":[{"taxonomy":"product_brand","embeddable":true,"href":"https:\/\/sim-usa.mobi\/de\/wp-json\/wp\/v2\/product_brand?post=114100"},{"taxonomy":"product_cat","embeddable":true,"href":"https:\/\/sim-usa.mobi\/de\/wp-json\/wp\/v2\/product_cat?post=114100"},{"taxonomy":"product_tag","embeddable":true,"href":"https:\/\/sim-usa.mobi\/de\/wp-json\/wp\/v2\/product_tag?post=114100"},{"taxonomy":"attribute_description","embeddable":true,"href":"https:\/\/sim-usa.mobi\/de\/wp-json\/wp\/v2\/attribute_description?post=114100"}],"curies":[{"name":"wp","href":"https:\/\/api.w.org\/{rel}","templated":true}]}}