{"id":120190,"date":"2024-01-23T08:45:53","date_gmt":"2024-01-23T07:45:53","guid":{"rendered":"https:\/\/sim-usa.mobi\/?post_type=product&#038;p=120190"},"modified":"2026-04-07T16:41:16","modified_gmt":"2026-04-07T14:41:16","slug":"t-mobile-5g-hotspot-jextream-miet-mich","status":"publish","type":"product","link":"https:\/\/sim-usa.mobi\/de\/produkt\/t-mobile-5g-hotspot-jextream-miet-mich\/","title":{"rendered":"Miet mich! T-Mobile 5G-Hotspot JEXtream"},"content":{"rendered":"<ul>\n<li>Teilen Sie 100 GB Daten in den USA (+10GB in Kanada &amp; Mexiko) mit bis zu 5G-Geschwindigkeit und bis zu 20 Ger\u00e4ten mit Wifi 6.<\/li>\n<li>Mieten Sie mich f\u00fcr 21 Tage ab dem Tag der Aktivierung (30 Tage als Option).<\/li>\n<li>Kostenloser Versand und R\u00fcckversand (nur in Frankreich, in andere L\u00e4nder fallen zus\u00e4tzliche Geb\u00fchren an).<\/li>\n<li>Jetzt bestellen. Das Paket wird 5 Tage vor dem an der Kasse angegebenen Abreisedatum bei Ihnen zu Hause oder am Abholort abgegeben.<\/li>\n<li>Aktivieren Sie mich innerhalb von 5 Tagen nach der Lieferung.<\/li>\n<li>Schicken Sie mich innerhalb von 5 Werktagen nach Ablauf der Frist zur\u00fcck.<\/li>\n<\/ul>\n<p>Derzeit Versand nach Deutschland, \u00d6sterreich, Belgien, Frankreich Metropolitan, Niederlande, Italien und Spanien.<\/p>\n<p><strong>Mit einer Bestellung akzeptieren Sie die folgenden <a href=\"https:\/\/sim-usa.mobi\/de\/router-hotspot-wlan-allgemeine-mietbedingungen\/\"><span style=\"text-decoration: underline;\">Mietbedingungen<\/span><\/a>.<\/strong><\/p>\n<p>Dieses Produkt k\u00f6nnen Sie <span style=\"text-decoration: underline;\"><a href=\"https:\/\/sim-usa.mobi\/de\/produkt\/t-mobile-5g-hotspot-jextream-rg2100\/\">hier kaufen<\/a><\/span>.<\/p>\n","protected":false},"excerpt":{"rendered":"<p>Genie\u00dfen Sie schnelles und stabiles Internet mit dem T-Mobile JEXtream 5G Hotspot &#8211; RG2100, perfekt f\u00fcr Ihre Reisen in den Vereinigten Staaten. Mit diesem tragbaren WiFi-Router bleiben Sie unterbrechungsfrei verbunden, egal ob Sie gesch\u00e4ftlich oder im Urlaub unterwegs sind.<br \/>\nEinschr\u00e4nkungen gelten. Bitte lesen Sie die Registerkarte &#8220;Was ist im Lieferumfang enthalten&#8221;.<\/p>\n","protected":false},"featured_media":120157,"template":"","meta":{"site-sidebar-layout":"default","site-content-layout":"","ast-site-content-layout":"default","site-content-style":"default","site-sidebar-style":"default","ast-global-header-display":"","ast-banner-title-visibility":"","ast-main-header-display":"","ast-hfb-above-header-display":"","ast-hfb-below-header-display":"","ast-hfb-mobile-header-display":"","site-post-title":"","ast-breadcrumbs-content":"","ast-featured-img":"","footer-sml-layout":"","ast-disable-related-posts":"","theme-transparent-header-meta":"default","adv-header-id-meta":"","stick-header-meta":"","header-above-stick-meta":"","header-main-stick-meta":"","header-below-stick-meta":"","astra-migrate-meta-layouts":"set","ast-page-background-enabled":"default","ast-page-background-meta":{"desktop":{"background-color":"","background-image":"","background-repeat":"repeat","background-position":"center center","background-size":"auto","background-attachment":"scroll","background-type":"","background-media":"","overlay-type":"","overlay-color":"","overlay-opacity":"","overlay-gradient":""},"tablet":{"background-color":"","background-image":"","background-repeat":"repeat","background-position":"center center","background-size":"auto","background-attachment":"scroll","background-type":"","background-media":"","overlay-type":"","overlay-color":"","overlay-opacity":"","overlay-gradient":""},"mobile":{"background-color":"","background-image":"","background-repeat":"repeat","background-position":"center center","background-size":"auto","background-attachment":"scroll","background-type":"","background-media":"","overlay-type":"","overlay-color":"","overlay-opacity":"","overlay-gradient":""}},"ast-content-background-meta":{"desktop":{"background-color":"var(--ast-global-color-5)","background-image":"","background-repeat":"repeat","background-position":"center center","background-size":"auto","background-attachment":"scroll","background-type":"","background-media":"","overlay-type":"","overlay-color":"","overlay-opacity":"","overlay-gradient":""},"tablet":{"background-color":"var(--ast-global-color-5)","background-image":"","background-repeat":"repeat","background-position":"center center","background-size":"auto","background-attachment":"scroll","background-type":"","background-media":"","overlay-type":"","overlay-color":"","overlay-opacity":"","overlay-gradient":""},"mobile":{"background-color":"var(--ast-global-color-5)","background-image":"","background-repeat":"repeat","background-position":"center center","background-size":"auto","background-attachment":"scroll","background-type":"","background-media":"","overlay-type":"","overlay-color":"","overlay-opacity":"","overlay-gradient":""}}},"product_brand":[],"product_cat":[134,75],"product_tag":[],"attribute_description":[],"class_list":{"0":"post-120190","1":"product","2":"type-product","3":"status-publish","4":"has-post-thumbnail","6":"product_cat-rental-de","7":"product_cat-routers-de","8":"desktop-align-left","9":"tablet-align-left","10":"mobile-align-left","12":"first","13":"instock","14":"taxable","15":"shipping-taxable","16":"purchasable","17":"product-type-simple"},"group_of_quantity":0,"min_quantity":0,"max_quantity":"","exclude_order_quantity_value_rules":"no","exclude_category_quantity_rules":"no","combine_variations":"no","exclude_global_add_ons":true,"addons":[{"name":"Extra Tage","type":"checkbox","position":0,"required":false,"title_format":"label","default":"","description_enable":false,"description":"","placeholder_enable":false,"placeholder":"","display":"select","restrictions_type":"any_text","adjust_price":false,"price":"","price_type":"flat_fee","restrictions":false,"min":"0","max":"0","options":[{"label":"+9 Tage (30 Tage)","price":"20","price_type":"flat_fee","image":0,"visibility":true}],"id":1715522035}],"aioseo_notices":[],"_links":{"self":[{"href":"https:\/\/sim-usa.mobi\/de\/wp-json\/wp\/v2\/product\/120190","targetHints":{"allow":["GET"]}}],"collection":[{"href":"https:\/\/sim-usa.mobi\/de\/wp-json\/wp\/v2\/product"}],"about":[{"href":"https:\/\/sim-usa.mobi\/de\/wp-json\/wp\/v2\/types\/product"}],"wp:featuredmedia":[{"embeddable":true,"href":"https:\/\/sim-usa.mobi\/de\/wp-json\/wp\/v2\/media\/120157"}],"wp:attachment":[{"href":"https:\/\/sim-usa.mobi\/de\/wp-json\/wp\/v2\/media?parent=120190"}],"wp:term":[{"taxonomy":"product_brand","embeddable":true,"href":"https:\/\/sim-usa.mobi\/de\/wp-json\/wp\/v2\/product_brand?post=120190"},{"taxonomy":"product_cat","embeddable":true,"href":"https:\/\/sim-usa.mobi\/de\/wp-json\/wp\/v2\/product_cat?post=120190"},{"taxonomy":"product_tag","embeddable":true,"href":"https:\/\/sim-usa.mobi\/de\/wp-json\/wp\/v2\/product_tag?post=120190"},{"taxonomy":"attribute_description","embeddable":true,"href":"https:\/\/sim-usa.mobi\/de\/wp-json\/wp\/v2\/attribute_description?post=120190"}],"curies":[{"name":"wp","href":"https:\/\/api.w.org\/{rel}","templated":true}]}}