{"id":122930,"date":"2021-08-08T17:21:30","date_gmt":"2021-08-08T15:21:30","guid":{"rendered":"https:\/\/sim-usa.mobi\/product\/esim\/"},"modified":"2025-07-27T17:21:38","modified_gmt":"2025-07-27T15:21:38","slug":"esim","status":"publish","type":"product","link":"https:\/\/sim-usa.mobi\/de\/produkt\/esim\/","title":{"rendered":"eSIM"},"content":{"rendered":"<ul>\n<li>F\u00fcr <span style=\"text-decoration: underline;\"><a href=\"https:\/\/sim-usa.mobi\/de\/esim-kompatible-smartphones\/\">kompatible eSIM-Smartphones<\/a><\/span> nur.<\/li>\n<li>T-Mobile oder AT&amp;T Netzwerk. <span style=\"text-decoration: underline;\"><a href=\"https:\/\/sim-usa.mobi\/de\/netzwerksauswahl-t-mobile-att\/\">Wie w\u00e4hlen Sie aus?<\/a><\/span><\/li>\n<li>Unbegrenzte Anrufe &amp; Sms innerhalb der USA, Kanada &amp; Mexiko.<\/li>\n<li>Ihre Apps: WhatsApp, Facebook Messenger, Skype, etc. funktionieren wie gewohnt. Behalten Sie Ihre aktuelle Nummer. Au\u00dferdem erhalten Sie eine echte US-Nummer f\u00fcr wichtige Ortsgespr\u00e4che und SMS-Best\u00e4tigungen.<\/li>\n<li>Unbegrenzte Internetdaten bis zu 5G-Geschwindigkeit in den USA.<\/li>\n<li>Unbegrenzte Internetdaten bis zu 5G-Geschwindigkeit in Kanada und Mexiko. (Geschwindigkeit reduziert nach 25GB bei AT&amp;T und 5GB bei T-Mobile).<\/li>\n<li>Tethering erlaubt mit langsamerer Geschwindigkeit f\u00fcr die angeschlossenen Ger\u00e4te.<\/li>\n<li>Der QR-Code wird per E-Mail versendet, sobald die eSIM aktiviert ist. Wenn Ihr Smartphone kompatibel ist, wird die eSIM per direkter Benachrichtigung an Ihr Smartphone gesendet, kein QR-Code mehr!<\/li>\n<li><a title=\"Wiederaufladung\" href=\"https:\/\/sim-usa.mobi\/de\/produkt-kategorie\/wiederaufladung\/\"><span style=\"text-decoration: underline;\">Nachladungen<\/span><\/a> sind verf\u00fcgbar, um die G\u00fcltigkeit zu verl\u00e4ngern.<\/li>\n<\/ul>\n<p><i class=\"fa-solid fa-triangle-exclamation\"><\/i> Bitte stellen Sie sicher, dass Sie ein <a href=\"https:\/\/sim-usa.mobi\/de\/esim-kompatible-smartphones\/\"><span style=\"text-decoration: underline;\">kompatibles Smartphone<\/span><\/a>.<\/p>\n<p>*<span style=\"text-decoration: underline;\"><a href=\"#tm-intl-calling\">Direkte internationale Anrufe<\/a><\/span>: Erm\u00f6glicht es Ihnen, weltweit direkte Anrufe an echte Nummern zu t\u00e4tigen (keine Social App. erforderlich).<\/p>\n","protected":false},"excerpt":{"rendered":"<p>Reisen Sie unbesorgt mit unserer eSIM f\u00fcr die USA.<br \/>\nDie ideale L\u00f6sung f\u00fcr eine Verbindung ohne physische Karte.<br \/>\nEgal ob Sie New York, Miami oder Los Angeles besuchen, unsere internationale eSIM sorgt f\u00fcr eine zuverl\u00e4ssige und schnelle Verbindung.<br \/>\nSind Sie auf der Suche nach einem Hochgeschwindigkeits-Mobilfunktarif ohne physische Karte, mit unbegrenzten Anrufen ins Fest- und Mobilfunknetz?<br \/>\nEntscheiden Sie sich f\u00fcr unsere USA eSIM, die mit den besten Netzen wie T-Mobile und AT&amp;T kompatibel ist.<br \/>\nEs gelten Beschr\u00e4nkungen. Bitte lesen Sie die Registerkarte &#8220;Beschreibung&#8221;.<\/p>\n","protected":false},"featured_media":127950,"template":"","meta":{"site-sidebar-layout":"default","site-content-layout":"default","ast-site-content-layout":"default","site-content-style":"default","site-sidebar-style":"default","ast-global-header-display":"","ast-banner-title-visibility":"","ast-main-header-display":"","ast-hfb-above-header-display":"","ast-hfb-below-header-display":"","ast-hfb-mobile-header-display":"","site-post-title":"","ast-breadcrumbs-content":"","ast-featured-img":"","footer-sml-layout":"","ast-disable-related-posts":"","theme-transparent-header-meta":"default","adv-header-id-meta":"","stick-header-meta":"","header-above-stick-meta":"","header-main-stick-meta":"","header-below-stick-meta":"","astra-migrate-meta-layouts":"set","ast-page-background-enabled":"default","ast-page-background-meta":{"desktop":{"background-color":"","background-image":"","background-repeat":"repeat","background-position":"center center","background-size":"auto","background-attachment":"scroll","background-type":"","background-media":"","overlay-type":"","overlay-color":"","overlay-opacity":"","overlay-gradient":""},"tablet":{"background-color":"","background-image":"","background-repeat":"repeat","background-position":"center center","background-size":"auto","background-attachment":"scroll","background-type":"","background-media":"","overlay-type":"","overlay-color":"","overlay-opacity":"","overlay-gradient":""},"mobile":{"background-color":"","background-image":"","background-repeat":"repeat","background-position":"center center","background-size":"auto","background-attachment":"scroll","background-type":"","background-media":"","overlay-type":"","overlay-color":"","overlay-opacity":"","overlay-gradient":""}},"ast-content-background-meta":{"desktop":{"background-color":"var(--ast-global-color-5)","background-image":"","background-repeat":"repeat","background-position":"center center","background-size":"auto","background-attachment":"scroll","background-type":"","background-media":"","overlay-type":"","overlay-color":"","overlay-opacity":"","overlay-gradient":""},"tablet":{"background-color":"var(--ast-global-color-5)","background-image":"","background-repeat":"repeat","background-position":"center center","background-size":"auto","background-attachment":"scroll","background-type":"","background-media":"","overlay-type":"","overlay-color":"","overlay-opacity":"","overlay-gradient":""},"mobile":{"background-color":"var(--ast-global-color-5)","background-image":"","background-repeat":"repeat","background-position":"center center","background-size":"auto","background-attachment":"scroll","background-type":"","background-media":"","overlay-type":"","overlay-color":"","overlay-opacity":"","overlay-gradient":""}}},"product_brand":[],"product_cat":[78,181],"product_tag":[98,157],"attribute_description":[],"class_list":{"0":"post-122930","1":"product","2":"type-product","3":"status-publish","4":"has-post-thumbnail","6":"product_cat-esim-de","7":"product_cat-unbegrenzt","8":"product_tag-esim-de","9":"product_tag-unbegrenzt-esim","10":"desktop-align-left","11":"tablet-align-left","12":"mobile-align-left","14":"first","15":"instock","16":"sold-individually","17":"taxable","18":"shipping-taxable","19":"purchasable","20":"product-type-variable","21":"has-default-attributes"},"group_of_quantity":0,"min_quantity":0,"max_quantity":"","exclude_order_quantity_value_rules":"no","exclude_category_quantity_rules":"no","combine_variations":"no","exclude_global_add_ons":[],"addons":[],"aioseo_notices":[],"_links":{"self":[{"href":"https:\/\/sim-usa.mobi\/de\/wp-json\/wp\/v2\/product\/122930","targetHints":{"allow":["GET"]}}],"collection":[{"href":"https:\/\/sim-usa.mobi\/de\/wp-json\/wp\/v2\/product"}],"about":[{"href":"https:\/\/sim-usa.mobi\/de\/wp-json\/wp\/v2\/types\/product"}],"wp:featuredmedia":[{"embeddable":true,"href":"https:\/\/sim-usa.mobi\/de\/wp-json\/wp\/v2\/media\/127950"}],"wp:attachment":[{"href":"https:\/\/sim-usa.mobi\/de\/wp-json\/wp\/v2\/media?parent=122930"}],"wp:term":[{"taxonomy":"product_brand","embeddable":true,"href":"https:\/\/sim-usa.mobi\/de\/wp-json\/wp\/v2\/product_brand?post=122930"},{"taxonomy":"product_cat","embeddable":true,"href":"https:\/\/sim-usa.mobi\/de\/wp-json\/wp\/v2\/product_cat?post=122930"},{"taxonomy":"product_tag","embeddable":true,"href":"https:\/\/sim-usa.mobi\/de\/wp-json\/wp\/v2\/product_tag?post=122930"},{"taxonomy":"attribute_description","embeddable":true,"href":"https:\/\/sim-usa.mobi\/de\/wp-json\/wp\/v2\/attribute_description?post=122930"}],"curies":[{"name":"wp","href":"https:\/\/api.w.org\/{rel}","templated":true}]}}