{"id":131811,"date":"2025-01-03T09:31:38","date_gmt":"2025-01-03T08:31:38","guid":{"rendered":"https:\/\/sim-usa.mobi\/product\/t-mobile-data-nur-30-tage\/"},"modified":"2025-08-28T17:24:42","modified_gmt":"2025-08-28T15:24:42","slug":"t-mobile-data-nur-30-tage","status":"publish","type":"product","link":"https:\/\/sim-usa.mobi\/de\/produkt\/t-mobile-data-nur-30-tage\/","title":{"rendered":"Nur T-Mobile Daten &#8211; 30 Tage"},"content":{"rendered":"<ul>\n<li>T-Mobile Netzwerk.<\/li>\n<li>Behalten Sie Ihre aktuelle Nummer f\u00fcr Ihre sozialen Anwendungen wie WhatsApp bei.<\/li>\n<li>Von 2GB bis 30GB Daten mit bis zu 5G Geschwindigkeit in den USA &amp; bis zu 5GB in Kanada &amp; Mexiko.<\/li>\n<li>Hotspot-Modus erlaubt<\/li>\n<li>Universelle dreifach geschnittene Sim-Karte oder eSIM.<\/li>\n<li>G\u00fcltig 30 Tage ab der Aktivierung. Sie k\u00f6nnen die Aktivierung terminlich festlegen, wenn Sie Ihre Simkarte erhalten.<\/li>\n<li><a title=\"Wiederaufladung\" href=\"https:\/\/sim-usa.mobi\/de\/produkt-kategorie\/wiederaufladung\/\"><span style=\"text-decoration: underline;\">Nachladungen<\/span><\/a> sind verf\u00fcgbar, um die G\u00fcltigkeit zu verl\u00e4ngern.<\/li>\n<\/ul>\n","protected":false},"excerpt":{"rendered":"<p>T-Mobile Netzwerk. Behalten Sie Ihre aktuelle Nummer f\u00fcr Ihre sozialen Anwendungen wie WhatsApp bei. Von 2GB bis 30GB Daten mit bis zu 5G Geschwindigkeit in den USA &amp; bis zu 5GB in Kanada &amp; Mexiko. Hotspot-Modus erlaubt Universelle dreifach geschnittene Sim-Karte oder eSIM. G\u00fcltig 30 Tage ab der Aktivierung. Sie k\u00f6nnen die Aktivierung terminlich festlegen, [&hellip;]<\/p>\n","protected":false},"featured_media":127956,"template":"","meta":{"site-sidebar-layout":"default","site-content-layout":"","ast-site-content-layout":"default","site-content-style":"default","site-sidebar-style":"default","ast-global-header-display":"","ast-banner-title-visibility":"","ast-main-header-display":"","ast-hfb-above-header-display":"","ast-hfb-below-header-display":"","ast-hfb-mobile-header-display":"","site-post-title":"","ast-breadcrumbs-content":"","ast-featured-img":"","footer-sml-layout":"","ast-disable-related-posts":"","theme-transparent-header-meta":"default","adv-header-id-meta":"","stick-header-meta":"","header-above-stick-meta":"","header-main-stick-meta":"","header-below-stick-meta":"","astra-migrate-meta-layouts":"set","ast-page-background-enabled":"default","ast-page-background-meta":{"desktop":{"background-color":"","background-image":"","background-repeat":"repeat","background-position":"center center","background-size":"auto","background-attachment":"scroll","background-type":"","background-media":"","overlay-type":"","overlay-color":"","overlay-opacity":"","overlay-gradient":""},"tablet":{"background-color":"","background-image":"","background-repeat":"repeat","background-position":"center center","background-size":"auto","background-attachment":"scroll","background-type":"","background-media":"","overlay-type":"","overlay-color":"","overlay-opacity":"","overlay-gradient":""},"mobile":{"background-color":"","background-image":"","background-repeat":"repeat","background-position":"center center","background-size":"auto","background-attachment":"scroll","background-type":"","background-media":"","overlay-type":"","overlay-color":"","overlay-opacity":"","overlay-gradient":""}},"ast-content-background-meta":{"desktop":{"background-color":"var(--ast-global-color-5)","background-image":"","background-repeat":"repeat","background-position":"center center","background-size":"auto","background-attachment":"scroll","background-type":"","background-media":"","overlay-type":"","overlay-color":"","overlay-opacity":"","overlay-gradient":""},"tablet":{"background-color":"var(--ast-global-color-5)","background-image":"","background-repeat":"repeat","background-position":"center center","background-size":"auto","background-attachment":"scroll","background-type":"","background-media":"","overlay-type":"","overlay-color":"","overlay-opacity":"","overlay-gradient":""},"mobile":{"background-color":"var(--ast-global-color-5)","background-image":"","background-repeat":"repeat","background-position":"center center","background-size":"auto","background-attachment":"scroll","background-type":"","background-media":"","overlay-type":"","overlay-color":"","overlay-opacity":"","overlay-gradient":""}}},"product_brand":[],"product_cat":[72],"product_tag":[],"attribute_description":[],"class_list":{"0":"post-131811","1":"product","2":"type-product","3":"status-publish","4":"has-post-thumbnail","6":"product_cat-plane","7":"desktop-align-left","8":"tablet-align-left","9":"mobile-align-left","11":"first","12":"instock","13":"taxable","14":"shipping-taxable","15":"purchasable","16":"product-type-variable"},"group_of_quantity":0,"min_quantity":0,"max_quantity":"","exclude_order_quantity_value_rules":"no","exclude_category_quantity_rules":"no","combine_variations":"no","exclude_global_add_ons":[],"addons":[],"aioseo_notices":[],"_links":{"self":[{"href":"https:\/\/sim-usa.mobi\/de\/wp-json\/wp\/v2\/product\/131811","targetHints":{"allow":["GET"]}}],"collection":[{"href":"https:\/\/sim-usa.mobi\/de\/wp-json\/wp\/v2\/product"}],"about":[{"href":"https:\/\/sim-usa.mobi\/de\/wp-json\/wp\/v2\/types\/product"}],"wp:featuredmedia":[{"embeddable":true,"href":"https:\/\/sim-usa.mobi\/de\/wp-json\/wp\/v2\/media\/127956"}],"wp:attachment":[{"href":"https:\/\/sim-usa.mobi\/de\/wp-json\/wp\/v2\/media?parent=131811"}],"wp:term":[{"taxonomy":"product_brand","embeddable":true,"href":"https:\/\/sim-usa.mobi\/de\/wp-json\/wp\/v2\/product_brand?post=131811"},{"taxonomy":"product_cat","embeddable":true,"href":"https:\/\/sim-usa.mobi\/de\/wp-json\/wp\/v2\/product_cat?post=131811"},{"taxonomy":"product_tag","embeddable":true,"href":"https:\/\/sim-usa.mobi\/de\/wp-json\/wp\/v2\/product_tag?post=131811"},{"taxonomy":"attribute_description","embeddable":true,"href":"https:\/\/sim-usa.mobi\/de\/wp-json\/wp\/v2\/attribute_description?post=131811"}],"curies":[{"name":"wp","href":"https:\/\/api.w.org\/{rel}","templated":true}]}}