{"id":136481,"date":"2023-01-03T11:50:56","date_gmt":"2023-01-03T10:50:56","guid":{"rendered":"https:\/\/sim-usa.mobi\/product\/t-mobile-usa-starter-30-tage\/"},"modified":"2026-03-16T13:38:19","modified_gmt":"2026-03-16T12:38:19","slug":"t-mobile-usa-starter-30-tage","status":"publish","type":"product","link":"https:\/\/sim-usa.mobi\/de\/produkt\/t-mobile-usa-starter-30-tage\/","title":{"rendered":"T-Mobile USA Starter &#8211; 30 Tage"},"content":{"rendered":"<ul>\n<li>T-Mobile Netzwerk.<\/li>\n<li>Unbegrenzte Anrufe &amp; Sms innerhalb der USA.<\/li>\n<li>Behalten Sie Ihre aktuelle Nummer f\u00fcr Ihre sozialen Anwendungen wie WhatsApp bei. Au\u00dferdem erhalten Sie eine echte US-Nummer f\u00fcr wichtige Ortsgespr\u00e4che und SMS-Best\u00e4tigungen.<\/li>\n<li>Von 5GB bis 12GB Daten bis zu 5G Geschwindigkeit in den USA.<\/li>\n<li>Hotspot-Modus erlaubt<\/li>\n<li>Universelle dreifach geschnittene Sim-Karte oder eSIM.<\/li>\n<li>G\u00fcltig 30 Tage ab der Aktivierung. Sie k\u00f6nnen die Aktivierung terminlich festlegen, wenn Sie Ihre Simkarte erhalten.<\/li>\n<li><a title=\"Wiederaufladung\" href=\"https:\/\/sim-usa.mobi\/de\/produkt-kategorie\/wiederaufladung\/\"><span style=\"text-decoration: underline;\">Nachladungen<\/span><\/a> sind verf\u00fcgbar, um die G\u00fcltigkeit zu verl\u00e4ngern.<\/li>\n<\/ul>\n<p>*<span style=\"text-decoration: underline;\"><a title=\"T-Mobile International Calling - Liste der L\u00e4nder\" href=\"https:\/\/sim-usa.mobi\/de\/t-mobile-unbegrenzte-internationale-liste-der-laender\/\">Direkte internationale Anrufe<\/a><\/span>: Erm\u00f6glicht es Ihnen, weltweit direkte Anrufe an echte Nummern zu t\u00e4tigen (keine Social App. erforderlich).<\/p>\n","protected":false},"excerpt":{"rendered":"<p>Damit Sie ohne Stress und zu geringen Kosten in Verbindung bleiben k\u00f6nnen, nutzen wir den Mobilfunkanbieter T-Mobile mit bis zu 12 GB (Option Ihrer Wahl). Qualitativ hochwertige Netzabdeckung f\u00fcr Anrufe oder SMS und MMS auf allen Reisen in die Vereinigten Staaten.<br \/>\nEs gelten Einschr\u00e4nkungen. Bitte lesen Sie die beiden Registerkarten &#8220;Was ist enthalten&#8221; und &#8220;Was ist nicht enthalten&#8221;.<\/p>\n","protected":false},"featured_media":127956,"template":"","meta":{"site-sidebar-layout":"default","site-content-layout":"default","ast-site-content-layout":"default","site-content-style":"default","site-sidebar-style":"default","ast-global-header-display":"","ast-banner-title-visibility":"","ast-main-header-display":"","ast-hfb-above-header-display":"","ast-hfb-below-header-display":"","ast-hfb-mobile-header-display":"","site-post-title":"","ast-breadcrumbs-content":"","ast-featured-img":"","footer-sml-layout":"","ast-disable-related-posts":"","theme-transparent-header-meta":"default","adv-header-id-meta":"","stick-header-meta":"","header-above-stick-meta":"","header-main-stick-meta":"","header-below-stick-meta":"","astra-migrate-meta-layouts":"set","ast-page-background-enabled":"default","ast-page-background-meta":{"desktop":{"background-color":"","background-image":"","background-repeat":"repeat","background-position":"center center","background-size":"auto","background-attachment":"scroll","background-type":"","background-media":"","overlay-type":"","overlay-color":"","overlay-opacity":"","overlay-gradient":""},"tablet":{"background-color":"","background-image":"","background-repeat":"repeat","background-position":"center center","background-size":"auto","background-attachment":"scroll","background-type":"","background-media":"","overlay-type":"","overlay-color":"","overlay-opacity":"","overlay-gradient":""},"mobile":{"background-color":"","background-image":"","background-repeat":"repeat","background-position":"center center","background-size":"auto","background-attachment":"scroll","background-type":"","background-media":"","overlay-type":"","overlay-color":"","overlay-opacity":"","overlay-gradient":""}},"ast-content-background-meta":{"desktop":{"background-color":"var(--ast-global-color-5)","background-image":"","background-repeat":"repeat","background-position":"center center","background-size":"auto","background-attachment":"scroll","background-type":"","background-media":"","overlay-type":"","overlay-color":"","overlay-opacity":"","overlay-gradient":""},"tablet":{"background-color":"var(--ast-global-color-5)","background-image":"","background-repeat":"repeat","background-position":"center center","background-size":"auto","background-attachment":"scroll","background-type":"","background-media":"","overlay-type":"","overlay-color":"","overlay-opacity":"","overlay-gradient":""},"mobile":{"background-color":"var(--ast-global-color-5)","background-image":"","background-repeat":"repeat","background-position":"center center","background-size":"auto","background-attachment":"scroll","background-type":"","background-media":"","overlay-type":"","overlay-color":"","overlay-opacity":"","overlay-gradient":""}}},"product_brand":[],"product_cat":[72],"product_tag":[102],"attribute_description":[],"class_list":{"0":"post-136481","1":"product","2":"type-product","3":"status-publish","4":"has-post-thumbnail","6":"product_cat-plane","7":"product_tag-t-mobile-de","8":"desktop-align-left","9":"tablet-align-left","10":"mobile-align-left","12":"first","13":"instock","14":"taxable","15":"shipping-taxable","16":"purchasable","17":"product-type-variable"},"group_of_quantity":0,"min_quantity":0,"max_quantity":"","exclude_order_quantity_value_rules":"no","exclude_category_quantity_rules":"no","combine_variations":"no","exclude_global_add_ons":[],"addons":[],"aioseo_notices":[],"_links":{"self":[{"href":"https:\/\/sim-usa.mobi\/de\/wp-json\/wp\/v2\/product\/136481","targetHints":{"allow":["GET"]}}],"collection":[{"href":"https:\/\/sim-usa.mobi\/de\/wp-json\/wp\/v2\/product"}],"about":[{"href":"https:\/\/sim-usa.mobi\/de\/wp-json\/wp\/v2\/types\/product"}],"wp:featuredmedia":[{"embeddable":true,"href":"https:\/\/sim-usa.mobi\/de\/wp-json\/wp\/v2\/media\/127956"}],"wp:attachment":[{"href":"https:\/\/sim-usa.mobi\/de\/wp-json\/wp\/v2\/media?parent=136481"}],"wp:term":[{"taxonomy":"product_brand","embeddable":true,"href":"https:\/\/sim-usa.mobi\/de\/wp-json\/wp\/v2\/product_brand?post=136481"},{"taxonomy":"product_cat","embeddable":true,"href":"https:\/\/sim-usa.mobi\/de\/wp-json\/wp\/v2\/product_cat?post=136481"},{"taxonomy":"product_tag","embeddable":true,"href":"https:\/\/sim-usa.mobi\/de\/wp-json\/wp\/v2\/product_tag?post=136481"},{"taxonomy":"attribute_description","embeddable":true,"href":"https:\/\/sim-usa.mobi\/de\/wp-json\/wp\/v2\/attribute_description?post=136481"}],"curies":[{"name":"wp","href":"https:\/\/api.w.org\/{rel}","templated":true}]}}