{"id":70352,"date":"2021-08-09T12:01:55","date_gmt":"2021-08-11T15:18:02","guid":{"rendered":"https:\/\/sim-usa.mobi\/product\/rufweiterleitung\/"},"modified":"2022-04-11T16:49:57","modified_gmt":"2022-04-11T14:49:57","slug":"rufweiterleitung","status":"publish","type":"product","link":"https:\/\/sim-usa.mobi\/de\/produkt\/rufweiterleitung\/","title":{"rendered":"Rufweiterleitung"},"content":{"rendered":"<p>Zus\u00e4tzlich zu Ihrer US-Telefonnummer halten Sie noch eine vor\u00fcbergehende Festnetznummer und Sie k\u00f6nnen Ihre aktuellen Handygespr\u00e4che auf diese Festznetznummer umleiten. Von hier werden die eingehenden Anrufe automatisch auf Ihre US-Telefonnummer umgeleitet.<br \/>\nEs entstehen keine Extrakosten f\u00fcr Sie oder den Anrufer.<br \/>\nSie m\u00fcssen Ihren aktuellen Anbieter kontaktieren um herauszufinden wie man eine Rufweiterleitung einrichtet und ob daf\u00fcr ggf. eine Geb\u00fchr anf\u00e4llt. Bitte beachten Sie, dass nur Anrufe weitergeleitet werden und keine Sms.<\/p>\n<p>Eine franz\u00f6sische Festnetznummer kann derzeit nur vergeben werden. Es beginnt mit +331&#8230;<\/p>\n<p>Wenn Ihre SIM-Karte bereits aktiviert wurde, wird Ihnen Ihre Anrufweiterleitungsnummer innerhalb von maximal 24 Stunden per E-Mail zugesandt.<\/p>\n<p>F\u00fcr einen Service von mehr als 30 Tagen kontaktieren Sie uns bitte f\u00fcr ein individuelles Angebot.<\/p>\n<p><i class=\"fa-solid fa-circle-exclamation\"><\/i> Bitte melden Sie sich vor der Bestellung zun\u00e4chst mit \u201eMein Account\u201c an, damit wir Ihre urspr\u00fcngliche Bestellung identifizieren k\u00f6nnen.<\/p>\n","protected":false},"excerpt":{"rendered":"<p>Kaufen Sie die Option Ich erhalte weiterhin Anrufe auf meiner jetzigen Handynummer&#8221;.<br \/>\n30 Tage g\u00fcltig. Dienst aktiviert mit der SIM-Karte oder innerhalb von maximal 24 Stunden.<\/p>\n","protected":false},"featured_media":70353,"template":"","meta":{"site-sidebar-layout":"default","site-content-layout":"default","ast-site-content-layout":"default","site-content-style":"default","site-sidebar-style":"default","ast-global-header-display":"","ast-banner-title-visibility":"","ast-main-header-display":"","ast-hfb-above-header-display":"","ast-hfb-below-header-display":"","ast-hfb-mobile-header-display":"","site-post-title":"","ast-breadcrumbs-content":"","ast-featured-img":"","footer-sml-layout":"","ast-disable-related-posts":"","theme-transparent-header-meta":"default","adv-header-id-meta":"","stick-header-meta":"","header-above-stick-meta":"","header-main-stick-meta":"","header-below-stick-meta":"","astra-migrate-meta-layouts":"default","ast-page-background-enabled":"default","ast-page-background-meta":{"desktop":{"background-color":"","background-image":"","background-repeat":"repeat","background-position":"center center","background-size":"auto","background-attachment":"scroll","background-type":"","background-media":"","overlay-type":"","overlay-color":"","overlay-opacity":"","overlay-gradient":""},"tablet":{"background-color":"","background-image":"","background-repeat":"repeat","background-position":"center center","background-size":"auto","background-attachment":"scroll","background-type":"","background-media":"","overlay-type":"","overlay-color":"","overlay-opacity":"","overlay-gradient":""},"mobile":{"background-color":"","background-image":"","background-repeat":"repeat","background-position":"center center","background-size":"auto","background-attachment":"scroll","background-type":"","background-media":"","overlay-type":"","overlay-color":"","overlay-opacity":"","overlay-gradient":""}},"ast-content-background-meta":{"desktop":{"background-color":"var(--ast-global-color-5)","background-image":"","background-repeat":"repeat","background-position":"center center","background-size":"auto","background-attachment":"scroll","background-type":"","background-media":"","overlay-type":"","overlay-color":"","overlay-opacity":"","overlay-gradient":""},"tablet":{"background-color":"var(--ast-global-color-5)","background-image":"","background-repeat":"repeat","background-position":"center center","background-size":"auto","background-attachment":"scroll","background-type":"","background-media":"","overlay-type":"","overlay-color":"","overlay-opacity":"","overlay-gradient":""},"mobile":{"background-color":"var(--ast-global-color-5)","background-image":"","background-repeat":"repeat","background-position":"center center","background-size":"auto","background-attachment":"scroll","background-type":"","background-media":"","overlay-type":"","overlay-color":"","overlay-opacity":"","overlay-gradient":""}}},"product_brand":[],"product_cat":[74],"product_tag":[],"attribute_description":[],"class_list":{"0":"post-70352","1":"product","2":"type-product","3":"status-publish","4":"has-post-thumbnail","6":"product_cat-wiederaufladung","7":"desktop-align-left","8":"tablet-align-left","9":"mobile-align-left","11":"first","12":"outofstock","13":"virtual","14":"taxable","15":"purchasable","16":"product-type-simple"},"group_of_quantity":0,"min_quantity":0,"max_quantity":"","exclude_order_quantity_value_rules":"no","exclude_category_quantity_rules":"no","combine_variations":"no","exclude_global_add_ons":[],"addons":[],"aioseo_notices":[],"_links":{"self":[{"href":"https:\/\/sim-usa.mobi\/de\/wp-json\/wp\/v2\/product\/70352","targetHints":{"allow":["GET"]}}],"collection":[{"href":"https:\/\/sim-usa.mobi\/de\/wp-json\/wp\/v2\/product"}],"about":[{"href":"https:\/\/sim-usa.mobi\/de\/wp-json\/wp\/v2\/types\/product"}],"wp:featuredmedia":[{"embeddable":true,"href":"https:\/\/sim-usa.mobi\/de\/wp-json\/wp\/v2\/media\/70353"}],"wp:attachment":[{"href":"https:\/\/sim-usa.mobi\/de\/wp-json\/wp\/v2\/media?parent=70352"}],"wp:term":[{"taxonomy":"product_brand","embeddable":true,"href":"https:\/\/sim-usa.mobi\/de\/wp-json\/wp\/v2\/product_brand?post=70352"},{"taxonomy":"product_cat","embeddable":true,"href":"https:\/\/sim-usa.mobi\/de\/wp-json\/wp\/v2\/product_cat?post=70352"},{"taxonomy":"product_tag","embeddable":true,"href":"https:\/\/sim-usa.mobi\/de\/wp-json\/wp\/v2\/product_tag?post=70352"},{"taxonomy":"attribute_description","embeddable":true,"href":"https:\/\/sim-usa.mobi\/de\/wp-json\/wp\/v2\/attribute_description?post=70352"}],"curies":[{"name":"wp","href":"https:\/\/api.w.org\/{rel}","templated":true}]}}