{"id":94225,"date":"2021-10-05T14:01:50","date_gmt":"2021-10-05T12:01:50","guid":{"rendered":"https:\/\/sim-usa.mobi\/?post_type=product&#038;p=94225"},"modified":"2025-12-15T18:17:44","modified_gmt":"2025-12-15T17:17:44","slug":"100-data-monatsplan","status":"publish","type":"product","link":"https:\/\/sim-usa.mobi\/de\/produkt\/100-data-monatsplan\/","title":{"rendered":"100% Data &#8211; Monatsplan"},"content":{"rendered":"<ul>\n<li>Bleiben Sie l\u00e4nger als 30 Tage? Abonniere jetzt.<\/li>\n<li><strong>Sie m\u00fcssen einen aktiven Plan haben. Wir werden Ihre US-Telefonnummer bei Ihrer ersten Bestellung in unserem Shop ermitteln.<\/strong><\/li>\n<li>Sie k\u00f6nnen jederzeit k\u00fcndigen. Keine Bedingung!<\/li>\n<li>Sie m\u00fcssen eine T-Mobile oder AT&amp;T Sim-Karte und einen aktiven Datentarif haben.<\/li>\n<li>Keine Aktion nach der Bestellung erforderlich. Ihr Plan wird zum Verl\u00e4ngerungsdatum automatisch neu geladen.<\/li>\n<\/ul>\n","protected":false},"excerpt":{"rendered":"<p>Bleiben Sie l\u00e4nger als 30 Tage? Abonniere jetzt. Sie k\u00f6nnen jederzeit k\u00fcndigen. Keine Bedingung! Sie m\u00fcssen \u00fcber eine AT&amp;T-SIM-Karte und einen aktiven Datentarif verf\u00fcgen.<\/p>\n","protected":false},"featured_media":96700,"template":"","meta":{"site-sidebar-layout":"default","site-content-layout":"default","ast-site-content-layout":"default","site-content-style":"default","site-sidebar-style":"default","ast-global-header-display":"","ast-banner-title-visibility":"","ast-main-header-display":"","ast-hfb-above-header-display":"","ast-hfb-below-header-display":"","ast-hfb-mobile-header-display":"","site-post-title":"","ast-breadcrumbs-content":"","ast-featured-img":"","footer-sml-layout":"","ast-disable-related-posts":"","theme-transparent-header-meta":"default","adv-header-id-meta":"","stick-header-meta":"","header-above-stick-meta":"","header-main-stick-meta":"","header-below-stick-meta":"","astra-migrate-meta-layouts":"default","ast-page-background-enabled":"default","ast-page-background-meta":{"desktop":{"background-color":"","background-image":"","background-repeat":"repeat","background-position":"center center","background-size":"auto","background-attachment":"scroll","background-type":"","background-media":"","overlay-type":"","overlay-color":"","overlay-opacity":"","overlay-gradient":""},"tablet":{"background-color":"","background-image":"","background-repeat":"repeat","background-position":"center center","background-size":"auto","background-attachment":"scroll","background-type":"","background-media":"","overlay-type":"","overlay-color":"","overlay-opacity":"","overlay-gradient":""},"mobile":{"background-color":"","background-image":"","background-repeat":"repeat","background-position":"center center","background-size":"auto","background-attachment":"scroll","background-type":"","background-media":"","overlay-type":"","overlay-color":"","overlay-opacity":"","overlay-gradient":""}},"ast-content-background-meta":{"desktop":{"background-color":"var(--ast-global-color-5)","background-image":"","background-repeat":"repeat","background-position":"center center","background-size":"auto","background-attachment":"scroll","background-type":"","background-media":"","overlay-type":"","overlay-color":"","overlay-opacity":"","overlay-gradient":""},"tablet":{"background-color":"var(--ast-global-color-5)","background-image":"","background-repeat":"repeat","background-position":"center center","background-size":"auto","background-attachment":"scroll","background-type":"","background-media":"","overlay-type":"","overlay-color":"","overlay-opacity":"","overlay-gradient":""},"mobile":{"background-color":"var(--ast-global-color-5)","background-image":"","background-repeat":"repeat","background-position":"center center","background-size":"auto","background-attachment":"scroll","background-type":"","background-media":"","overlay-type":"","overlay-color":"","overlay-opacity":"","overlay-gradient":""}}},"product_brand":[],"product_cat":[117,74],"product_tag":[],"attribute_description":[],"class_list":{"0":"post-94225","1":"product","2":"type-product","3":"status-publish","4":"has-post-thumbnail","6":"product_cat-abonnements-de","7":"product_cat-wiederaufladung","8":"desktop-align-left","9":"tablet-align-left","10":"mobile-align-left","12":"first","13":"instock","14":"taxable","15":"shipping-taxable","16":"purchasable","17":"product-type-variable-subscription"},"group_of_quantity":0,"min_quantity":0,"max_quantity":"","exclude_order_quantity_value_rules":"no","exclude_category_quantity_rules":"no","combine_variations":"no","exclude_global_add_ons":[],"addons":[],"aioseo_notices":[],"_links":{"self":[{"href":"https:\/\/sim-usa.mobi\/de\/wp-json\/wp\/v2\/product\/94225","targetHints":{"allow":["GET"]}}],"collection":[{"href":"https:\/\/sim-usa.mobi\/de\/wp-json\/wp\/v2\/product"}],"about":[{"href":"https:\/\/sim-usa.mobi\/de\/wp-json\/wp\/v2\/types\/product"}],"wp:featuredmedia":[{"embeddable":true,"href":"https:\/\/sim-usa.mobi\/de\/wp-json\/wp\/v2\/media\/96700"}],"wp:attachment":[{"href":"https:\/\/sim-usa.mobi\/de\/wp-json\/wp\/v2\/media?parent=94225"}],"wp:term":[{"taxonomy":"product_brand","embeddable":true,"href":"https:\/\/sim-usa.mobi\/de\/wp-json\/wp\/v2\/product_brand?post=94225"},{"taxonomy":"product_cat","embeddable":true,"href":"https:\/\/sim-usa.mobi\/de\/wp-json\/wp\/v2\/product_cat?post=94225"},{"taxonomy":"product_tag","embeddable":true,"href":"https:\/\/sim-usa.mobi\/de\/wp-json\/wp\/v2\/product_tag?post=94225"},{"taxonomy":"attribute_description","embeddable":true,"href":"https:\/\/sim-usa.mobi\/de\/wp-json\/wp\/v2\/attribute_description?post=94225"}],"curies":[{"name":"wp","href":"https:\/\/api.w.org\/{rel}","templated":true}]}}