{"id":94734,"date":"2021-10-29T10:10:50","date_gmt":"2021-10-29T08:10:50","guid":{"rendered":"https:\/\/sim-usa.mobi\/?post_type=product&#038;p=94734"},"modified":"2024-03-11T12:05:58","modified_gmt":"2024-03-11T11:05:58","slug":"att-velocity-2-mit-data","status":"publish","type":"product","link":"https:\/\/sim-usa.mobi\/de\/produkt\/att-velocity-2-mit-data\/","title":{"rendered":"AT&amp;T Velocity\u00ae 2 +100GB Data"},"content":{"rendered":"<p>Das Paket beinhaltet:<\/p>\n<ul>\n<li>1 Wlan Hotspot router AT&amp;T Velocity\u00ae 2 (ZTE MF985) \u2013 Instandgesetzt \u2013 Touchscreen Einstellungen (Men\u00fcpunkte sind auf Englisch). Web Admin \u2013 Bis zu 10 Ger\u00e4te gleichzeitig verbunden.<\/li>\n<li>1 Austauschbare Li-ion Batterie (3000 mAh)<\/li>\n<li>1 USB-C-Kabel<\/li>\n<li>1 Kurzanleitung (Auf Englisch)<\/li>\n<li>1 SIM-Karte mit 100 GB Daten in 4G LTE in den USA f\u00fcr 30 Tage. Bereit zur Aktivierung. Zugeh\u00f6riger Plan: <span style=\"text-decoration: underline;\"><a href=\"https:\/\/sim-usa.mobi\/de\/produkt\/100-data-tablets-routers\/\">100% Data<\/a><\/span><\/li>\n<\/ul>\n<p><i class=\"fa-solid fa-circle-info\"><\/i> Freigeschaltetes Ger\u00e4t. Bitte \u00fcberpr\u00fcfen Sie die Bandbreitenkompatibilit\u00e4t mit Ihrem Anbieter.<br \/>\n<i class=\"fa-solid fa-recycle\"><\/i> Um kostenlosen Versand anbieten zu k\u00f6nnen, verschicken wir das Produkt nicht in der Originalverpackung.<\/p>\n<div id=\"gtx-trans\" style=\"position: absolute; left: 172px; top: 305px;\">\n<div class=\"gtx-trans-icon\"><\/div>\n<\/div>\n","protected":false},"excerpt":{"rendered":"<p>Mit der Nutzung dieses Routers garantieren Sie die uneingeschr\u00e4nkte Funktion von 4G LTE im AT&amp;T Netzwerk.<br \/>\nLesen Sie unten f\u00fcr vollst\u00e4ndige Produktdetails.<\/p>\n","protected":false},"featured_media":94864,"template":"","meta":{"site-sidebar-layout":"default","site-content-layout":"default","ast-site-content-layout":"default","site-content-style":"default","site-sidebar-style":"default","ast-global-header-display":"","ast-banner-title-visibility":"","ast-main-header-display":"","ast-hfb-above-header-display":"","ast-hfb-below-header-display":"","ast-hfb-mobile-header-display":"","site-post-title":"","ast-breadcrumbs-content":"","ast-featured-img":"","footer-sml-layout":"","ast-disable-related-posts":"","theme-transparent-header-meta":"default","adv-header-id-meta":"","stick-header-meta":"","header-above-stick-meta":"","header-main-stick-meta":"","header-below-stick-meta":"","astra-migrate-meta-layouts":"default","ast-page-background-enabled":"default","ast-page-background-meta":{"desktop":{"background-color":"","background-image":"","background-repeat":"repeat","background-position":"center center","background-size":"auto","background-attachment":"scroll","background-type":"","background-media":"","overlay-type":"","overlay-color":"","overlay-opacity":"","overlay-gradient":""},"tablet":{"background-color":"","background-image":"","background-repeat":"repeat","background-position":"center center","background-size":"auto","background-attachment":"scroll","background-type":"","background-media":"","overlay-type":"","overlay-color":"","overlay-opacity":"","overlay-gradient":""},"mobile":{"background-color":"","background-image":"","background-repeat":"repeat","background-position":"center center","background-size":"auto","background-attachment":"scroll","background-type":"","background-media":"","overlay-type":"","overlay-color":"","overlay-opacity":"","overlay-gradient":""}},"ast-content-background-meta":{"desktop":{"background-color":"var(--ast-global-color-5)","background-image":"","background-repeat":"repeat","background-position":"center center","background-size":"auto","background-attachment":"scroll","background-type":"","background-media":"","overlay-type":"","overlay-color":"","overlay-opacity":"","overlay-gradient":""},"tablet":{"background-color":"var(--ast-global-color-5)","background-image":"","background-repeat":"repeat","background-position":"center center","background-size":"auto","background-attachment":"scroll","background-type":"","background-media":"","overlay-type":"","overlay-color":"","overlay-opacity":"","overlay-gradient":""},"mobile":{"background-color":"var(--ast-global-color-5)","background-image":"","background-repeat":"repeat","background-position":"center center","background-size":"auto","background-attachment":"scroll","background-type":"","background-media":"","overlay-type":"","overlay-color":"","overlay-opacity":"","overlay-gradient":""}}},"product_brand":[],"product_cat":[75],"product_tag":[106],"attribute_description":[],"class_list":{"0":"post-94734","1":"product","2":"type-product","3":"status-publish","4":"has-post-thumbnail","6":"product_cat-routers-de","7":"product_tag-router-de","8":"desktop-align-left","9":"tablet-align-left","10":"mobile-align-left","12":"first","13":"outofstock","14":"taxable","15":"shipping-taxable","16":"purchasable","17":"product-type-simple"},"group_of_quantity":0,"min_quantity":0,"max_quantity":"","exclude_order_quantity_value_rules":"no","exclude_category_quantity_rules":"no","combine_variations":"no","exclude_global_add_ons":[],"addons":[],"aioseo_notices":[],"_links":{"self":[{"href":"https:\/\/sim-usa.mobi\/de\/wp-json\/wp\/v2\/product\/94734","targetHints":{"allow":["GET"]}}],"collection":[{"href":"https:\/\/sim-usa.mobi\/de\/wp-json\/wp\/v2\/product"}],"about":[{"href":"https:\/\/sim-usa.mobi\/de\/wp-json\/wp\/v2\/types\/product"}],"wp:featuredmedia":[{"embeddable":true,"href":"https:\/\/sim-usa.mobi\/de\/wp-json\/wp\/v2\/media\/94864"}],"wp:attachment":[{"href":"https:\/\/sim-usa.mobi\/de\/wp-json\/wp\/v2\/media?parent=94734"}],"wp:term":[{"taxonomy":"product_brand","embeddable":true,"href":"https:\/\/sim-usa.mobi\/de\/wp-json\/wp\/v2\/product_brand?post=94734"},{"taxonomy":"product_cat","embeddable":true,"href":"https:\/\/sim-usa.mobi\/de\/wp-json\/wp\/v2\/product_cat?post=94734"},{"taxonomy":"product_tag","embeddable":true,"href":"https:\/\/sim-usa.mobi\/de\/wp-json\/wp\/v2\/product_tag?post=94734"},{"taxonomy":"attribute_description","embeddable":true,"href":"https:\/\/sim-usa.mobi\/de\/wp-json\/wp\/v2\/attribute_description?post=94734"}],"curies":[{"name":"wp","href":"https:\/\/api.w.org\/{rel}","templated":true}]}}