{"id":138280,"date":"2026-02-18T08:12:01","date_gmt":"2026-02-18T07:12:01","guid":{"rendered":"https:\/\/sim-usa.mobi\/test-wpforms-fr\/"},"modified":"2026-02-18T08:12:01","modified_gmt":"2026-02-18T07:12:01","slug":"test-wpforms-fr","status":"publish","type":"page","link":"https:\/\/sim-usa.mobi\/fr\/test-wpforms-fr\/","title":{"rendered":"test wpforms FR"},"content":{"rendered":"<style id=\"wpforms-css-vars-135472\">\n\t\t\t\t#wpforms-135472 {\n\t\t\t\t--wpforms-field-size-input-height: 43px;\n--wpforms-field-size-input-spacing: 15px;\n--wpforms-field-size-font-size: 16px;\n--wpforms-field-size-line-height: 19px;\n--wpforms-field-size-padding-h: 14px;\n--wpforms-field-size-checkbox-size: 16px;\n--wpforms-field-size-sublabel-spacing: 5px;\n--wpforms-field-size-icon-size: 1;\n--wpforms-label-size-font-size: 16px;\n--wpforms-label-size-line-height: 19px;\n--wpforms-label-size-sublabel-font-size: 14px;\n--wpforms-label-size-sublabel-line-height: 17px;\n--wpforms-button-size-font-size: 17px;\n--wpforms-button-size-height: 41px;\n--wpforms-button-size-padding-h: 15px;\n--wpforms-button-size-margin-top: 10px;\n--wpforms-container-shadow-size-box-shadow: none;\n\t\t\t}\n\t\t\t<\/style><div class=\"wpforms-container wpforms-container-full wpforms-form-abandonment wpforms-render-modern\" id=\"wpforms-135472\"><form id=\"wpforms-form-135472\" class=\"wpforms-validate wpforms-form\" data-formid=\"135472\" method=\"post\" enctype=\"multipart\/form-data\" action=\"\/fr\/wp-json\/wp\/v2\/pages\/138280\" data-token=\"d0f60bf213b4f7ddf6f9707f32d30328\" data-token-time=\"1776272346\"><noscript class=\"wpforms-error-noscript\">Veuillez activer JavaScript dans votre navigateur pour remplir ce formulaire.<\/noscript><div id=\"wpforms-error-noscript\" style=\"display: none;\">Veuillez activer JavaScript dans votre navigateur pour remplir ce formulaire.<\/div><div class=\"wpforms-page-indicator progress\" data-indicator=\"progress\" data-indicator-color=\"#3ab4e4\" data-scroll=\"0\" role=\"progressbar\" aria-valuenow=\"1\" aria-valuemin=\"1\" aria-valuemax=\"4\" tabindex=\"-1\"><span class=\"wpforms-page-indicator-page-title\" ><\/span><span class=\"wpforms-page-indicator-page-title-sep\" style=\"display:none;\"> - <\/span><span class=\"wpforms-page-indicator-steps\">Step <span class=\"wpforms-page-indicator-steps-current\">1<\/span> of 4<\/span><div class=\"wpforms-page-indicator-page-progress-wrap\"><div class=\"wpforms-page-indicator-page-progress\" style=\"width:25%;background-color:#3ab4e4\"><\/div><\/div><\/div><div class=\"wpforms-field-container\"><div class=\"wpforms-page wpforms-page-1 \" data-page=\"1\"><div id=\"wpforms-135472-field_33-container\" class=\"wpforms-field wpforms-field-pagebreak\" data-field-type=\"pagebreak\" data-field-id=\"33\"><\/div><div id=\"wpforms-135472-field_25-container\" class=\"wpforms-field wpforms-field-radio wpforms-list-2-columns\" data-field-type=\"radio\" data-field-id=\"25\"><fieldset><legend class=\"wpforms-field-label\">Quel(s) pays allez-vous visiter ? <span class=\"wpforms-required-label\" aria-hidden=\"true\">*<\/span><\/legend><ul id=\"wpforms-135472-field_25\" class=\"wpforms-field-required wpforms-image-choices wpforms-image-choices-modern\"><li class=\"choice-1 depth-1 wpforms-image-choices-item wpforms-selected\"><label class=\"wpforms-field-label-inline\" for=\"wpforms-135472-field_25_1\" tabindex=\"0\"><span class=\"wpforms-image-choices-image\"><img decoding=\"async\" src=\"https:\/\/sim-usa.mobi\/wp-content\/uploads\/2025\/07\/USA-round-250px.png\" alt=\"\u00c9tats-unis uniquement\" title=\"\u00c9tats-unis uniquement\"><\/span><input type=\"radio\" id=\"wpforms-135472-field_25_1\" class=\"wpforms-screen-reader-element\" name=\"wpforms[fields][25]\" value=\"\u00c9tats-unis uniquement\" aria-errormessage=\"wpforms-135472-field_25_1-error\" tabindex=\"-1\" required  checked='checked'><span class=\"wpforms-image-choices-label\">\u00c9tats-unis uniquement<\/span><\/label><\/li><li class=\"choice-2 depth-1 wpforms-image-choices-item\"><label class=\"wpforms-field-label-inline\" for=\"wpforms-135472-field_25_2\" tabindex=\"0\"><span class=\"wpforms-image-choices-image\"><img decoding=\"async\" src=\"https:\/\/sim-usa.mobi\/wp-content\/uploads\/2025\/07\/CA-MX-mixed-250px.png\" alt=\"+ Canada &amp; Mexique\" title=\"+ Canada &amp; Mexique\"><\/span><input type=\"radio\" id=\"wpforms-135472-field_25_2\" class=\"wpforms-screen-reader-element\" name=\"wpforms[fields][25]\" value=\"+ Canada &amp; Mexique\" aria-errormessage=\"wpforms-135472-field_25_2-error\" tabindex=\"-1\" required ><span class=\"wpforms-image-choices-label\">+ Canada &amp; Mexique<\/span><\/label><\/li><\/ul><\/fieldset><\/div><div id=\"wpforms-135472-field_32-container\" class=\"wpforms-field wpforms-field-pagebreak\" data-field-type=\"pagebreak\" data-field-id=\"32\"><div class=\"wpforms-clear wpforms-pagebreak-left\"><button class=\"wpforms-page-button wpforms-page-next wpforms-disabled\"\n\t\t\t\t\tdata-action=\"next\" data-page=\"1\" data-formid=\"135472\" aria-disabled=\"true\" aria-describedby=\"wpforms-error-noscript\">Suivant<\/button><\/div><\/div><\/div><div class=\"wpforms-page wpforms-page-2  \" data-page=\"2\" style=\"display:none;\"><div id=\"wpforms-135472-field_12-container\" class=\"wpforms-field wpforms-field-date-time\" data-field-type=\"date-time\" data-field-id=\"12\"><label class=\"wpforms-field-label\" for=\"wpforms-135472-field_12\">Date de d\u00e9part (facultatif)<\/label><div class=\"wpforms-datepicker-wrap\"><input type=\"text\" id=\"wpforms-135472-field_12\" class=\"wpforms-field-date-time-date wpforms-datepicker wpforms-field-medium\" data-date-format=\"d\/m\/Y\" data-disable-past-dates=\"1\" data-disable-todays-date=\"0\" data-input=\"true\" name=\"wpforms[fields][12][date]\" placeholder=\"S\u00e9lectionnez la date\" aria-errormessage=\"wpforms-135472-field_12-error\" aria-describedby=\"wpforms-135472-field_12-description\" ><a title=\"Effacer la date\" data-clear role=\"button\" tabindex=\"0\" class=\"wpforms-datepicker-clear\" aria-label=\"Effacer la date\" style=\"display:none;\"><\/a><\/div><div id=\"wpforms-135472-field_12-description\" class=\"wpforms-field-description\">Pas encore s\u00fbr ? Indiquez une date approximative.<\/div><\/div><div id=\"wpforms-135472-field_46-container\" class=\"wpforms-field wpforms-field-date-time\" data-field-type=\"date-time\" data-field-id=\"46\"><label class=\"wpforms-field-label\" for=\"wpforms-135472-field_46\">Date de retour (facultatif)<\/label><div class=\"wpforms-datepicker-wrap\"><input type=\"text\" id=\"wpforms-135472-field_46\" class=\"wpforms-field-date-time-date wpforms-datepicker wpforms-field-medium\" data-date-format=\"d\/m\/Y\" data-disable-past-dates=\"1\" data-disable-todays-date=\"0\" data-input=\"true\" name=\"wpforms[fields][46][date]\" placeholder=\"S\u00e9lectionnez la date\" aria-errormessage=\"wpforms-135472-field_46-error\" ><a title=\"Effacer la date\" data-clear role=\"button\" tabindex=\"0\" class=\"wpforms-datepicker-clear\" aria-label=\"Effacer la date\" style=\"display:none;\"><\/a><\/div><\/div><div id=\"wpforms-135472-field_49-container\" class=\"wpforms-field wpforms-field-email wpforms-conditional-field wpforms-conditional-show\" data-field-type=\"email\" data-field-id=\"49\" style=\"display:none;\"><label class=\"wpforms-field-label\" for=\"wpforms-135472-field_49\">Quel est votre e-mail ? <span class=\"wpforms-required-label\" aria-hidden=\"true\">*<\/span><\/label><input type=\"email\" id=\"wpforms-135472-field_49\" class=\"wpforms-field-medium wpforms-field-required\" name=\"wpforms[fields][49]\" spellcheck=\"false\" aria-errormessage=\"wpforms-135472-field_49-error\" aria-describedby=\"wpforms-135472-field_49-description\" required><div id=\"wpforms-135472-field_49-description\" class=\"wpforms-field-description\">Pourquoi ? Il semble que votre voyage dure plus de 30 jours. Nous reviendrons vers vous avec une offre personnalis\u00e9e.   Pas de spam ! Promis.<\/div><\/div><div id=\"wpforms-135472-field_48-container\" class=\"wpforms-field wpforms-field-name wpforms-conditional-field wpforms-conditional-show\" data-field-type=\"name\" data-field-id=\"48\" style=\"display:none;\"><label class=\"wpforms-field-label\" for=\"wpforms-135472-field_48\">Quel est votre nom complet ? <span class=\"wpforms-required-label\" aria-hidden=\"true\">*<\/span><\/label><input type=\"text\" id=\"wpforms-135472-field_48\" class=\"wpforms-field-medium wpforms-field-required\" name=\"wpforms[fields][48]\" aria-errormessage=\"wpforms-135472-field_48-error\" required><\/div><div id=\"wpforms-135472-field_50-container\" class=\"wpforms-field wpforms-field-textarea wpforms-conditional-field wpforms-conditional-show\" data-field-type=\"textarea\" data-field-id=\"50\" style=\"display:none;\"><label class=\"wpforms-field-label\" for=\"wpforms-135472-field_50\">Quelque chose \u00e0 dire ? Faites-le savoir !<\/label><textarea id=\"wpforms-135472-field_50\" class=\"wpforms-field-medium\" name=\"wpforms[fields][50]\" placeholder=\"Par exemple : le mod\u00e8le exact de votre t\u00e9l\u00e9phone, toute information utile pour notre service client.\" aria-errormessage=\"wpforms-135472-field_50-error\" aria-describedby=\"wpforms-135472-field_50-description\" ><\/textarea><div id=\"wpforms-135472-field_50-description\" class=\"wpforms-field-description\">Laissez vide si vous n'avez rien \u00e0 rajouter.<\/div><\/div><div id=\"wpforms-135472-field_47-container\" class=\"wpforms-field wpforms-field-hidden wpforms-conditional-trigger wpforms-calculations-field\" data-field-type=\"hidden\" data-field-id=\"47\"><input type=\"hidden\" id=\"wpforms-135472-field_47\" name=\"wpforms[fields][47]\"><\/div><div id=\"wpforms-135472-field_35-container\" class=\"wpforms-field wpforms-field-pagebreak\" data-field-type=\"pagebreak\" data-field-id=\"35\"><div class=\"wpforms-clear wpforms-pagebreak-left\"><button class=\"wpforms-page-button wpforms-page-prev wpforms-disabled\"\n\t\t\t\t\tdata-action=\"prev\" data-page=\"2\" data-formid=\"135472\" aria-disabled=\"true\" aria-describedby=\"wpforms-error-noscript\">Pr\u00e9c\u00e9dent<\/button><button class=\"wpforms-page-button wpforms-page-next wpforms-disabled\"\n\t\t\t\t\tdata-action=\"next\" data-page=\"2\" data-formid=\"135472\" aria-disabled=\"true\" aria-describedby=\"wpforms-error-noscript\">Suivant<\/button><\/div><\/div><\/div><div class=\"wpforms-page wpforms-page-3  \" data-page=\"3\" style=\"display:none;\"><div id=\"wpforms-135472-field_18-container\" class=\"wpforms-field wpforms-field-radio wpforms-list-2-columns\" data-field-type=\"radio\" data-field-id=\"18\"><fieldset><legend class=\"wpforms-field-label\">Combien de Data en Go souhaitez-vous par mois ? <span class=\"wpforms-required-label\" aria-hidden=\"true\">*<\/span><\/legend><ul id=\"wpforms-135472-field_18\" class=\"wpforms-field-required wpforms-image-choices wpforms-image-choices-modern\"><li class=\"choice-1 depth-1 wpforms-image-choices-item\"><label class=\"wpforms-field-label-inline\" for=\"wpforms-135472-field_18_1\" tabindex=\"0\"><span class=\"wpforms-image-choices-image\"><img decoding=\"async\" src=\"https:\/\/sim-usa.mobi\/wp-content\/uploads\/2025\/07\/7GB-white-250px.png\" alt=\"Moins de 7 Go.\" title=\"Moins de 7 Go.\"><\/span><input type=\"radio\" id=\"wpforms-135472-field_18_1\" class=\"wpforms-screen-reader-element\" name=\"wpforms[fields][18]\" value=\"Moins de 7 Go.\" aria-errormessage=\"wpforms-135472-field_18_1-error\" tabindex=\"-1\" required ><span class=\"wpforms-image-choices-label\">Moins de 7 Go.<\/span><\/label><\/li><li class=\"choice-2 depth-1 wpforms-image-choices-item\"><label class=\"wpforms-field-label-inline\" for=\"wpforms-135472-field_18_2\" tabindex=\"0\"><span class=\"wpforms-image-choices-image\"><img decoding=\"async\" src=\"https:\/\/sim-usa.mobi\/wp-content\/uploads\/2025\/07\/15GB-white-250px.png\" alt=\"15 Go suffisent.\" title=\"15 Go suffisent.\"><\/span><input type=\"radio\" id=\"wpforms-135472-field_18_2\" class=\"wpforms-screen-reader-element\" name=\"wpforms[fields][18]\" value=\"15 Go suffisent.\" aria-errormessage=\"wpforms-135472-field_18_2-error\" tabindex=\"-1\" required ><span class=\"wpforms-image-choices-label\">15 Go suffisent.<\/span><\/label><\/li><li class=\"choice-3 depth-1 wpforms-image-choices-item wpforms-selected\"><label class=\"wpforms-field-label-inline\" for=\"wpforms-135472-field_18_3\" tabindex=\"0\"><span class=\"wpforms-image-choices-image\"><img decoding=\"async\" src=\"https:\/\/sim-usa.mobi\/wp-content\/uploads\/2025\/07\/unlimited-white-250px.png\" alt=\"Illimit\u00e9e !\" title=\"Illimit\u00e9e !\"><\/span><input type=\"radio\" id=\"wpforms-135472-field_18_3\" class=\"wpforms-screen-reader-element\" name=\"wpforms[fields][18]\" value=\"Illimit\u00e9e !\" aria-errormessage=\"wpforms-135472-field_18_3-error\" tabindex=\"-1\" required  checked='checked'><span class=\"wpforms-image-choices-label\">Illimit\u00e9e !<\/span><\/label><\/li><\/ul><\/fieldset><\/div><div id=\"wpforms-135472-field_36-container\" class=\"wpforms-field wpforms-field-pagebreak\" data-field-type=\"pagebreak\" data-field-id=\"36\"><div class=\"wpforms-clear wpforms-pagebreak-left\"><button class=\"wpforms-page-button wpforms-page-prev wpforms-disabled\"\n\t\t\t\t\tdata-action=\"prev\" data-page=\"3\" data-formid=\"135472\" aria-disabled=\"true\" aria-describedby=\"wpforms-error-noscript\">Pr\u00e9c\u00e9dent<\/button><button class=\"wpforms-page-button wpforms-page-next wpforms-disabled\"\n\t\t\t\t\tdata-action=\"next\" data-page=\"3\" data-formid=\"135472\" aria-disabled=\"true\" aria-describedby=\"wpforms-error-noscript\">Suivant<\/button><\/div><\/div><\/div><div class=\"wpforms-page wpforms-page-4 last \" data-page=\"4\" style=\"display:none;\"><div id=\"wpforms-135472-field_22-container\" class=\"wpforms-field wpforms-field-radio wpforms-list-2-columns\" data-field-type=\"radio\" data-field-id=\"22\"><fieldset><legend class=\"wpforms-field-label\">Avez-vous besoin des appels internationaux ? <span class=\"wpforms-required-label\" aria-hidden=\"true\">*<\/span><\/legend><ul id=\"wpforms-135472-field_22\" class=\"wpforms-field-required wpforms-image-choices wpforms-image-choices-modern\"><li class=\"choice-2 depth-1 wpforms-image-choices-item wpforms-selected\"><label class=\"wpforms-field-label-inline\" for=\"wpforms-135472-field_22_2\" tabindex=\"0\"><span class=\"wpforms-image-choices-image\"><img decoding=\"async\" src=\"https:\/\/sim-usa.mobi\/wp-content\/uploads\/2025\/07\/phone-slash-solid-white-250px.png\" alt=\"Non\" title=\"Non\"><\/span><input type=\"radio\" id=\"wpforms-135472-field_22_2\" class=\"wpforms-screen-reader-element\" name=\"wpforms[fields][22]\" value=\"Non\" aria-errormessage=\"wpforms-135472-field_22_2-error\" aria-describedby=\"wpforms-135472-field_22-description\" tabindex=\"-1\" required  checked='checked'><span class=\"wpforms-image-choices-label\">Non<\/span><\/label><\/li><li class=\"choice-1 depth-1 wpforms-image-choices-item\"><label class=\"wpforms-field-label-inline\" for=\"wpforms-135472-field_22_1\" tabindex=\"0\"><span class=\"wpforms-image-choices-image\"><img decoding=\"async\" src=\"https:\/\/sim-usa.mobi\/wp-content\/uploads\/2025\/07\/phone-solid-white-250px.png\" alt=\"Oui\" title=\"Oui\"><\/span><input type=\"radio\" id=\"wpforms-135472-field_22_1\" class=\"wpforms-screen-reader-element\" name=\"wpforms[fields][22]\" value=\"Oui\" aria-errormessage=\"wpforms-135472-field_22_1-error\" aria-describedby=\"wpforms-135472-field_22-description\" tabindex=\"-1\" required ><span class=\"wpforms-image-choices-label\">Oui<\/span><\/label><\/li><\/ul><div id=\"wpforms-135472-field_22-description\" class=\"wpforms-field-description\">Vous n'avez pas besoin des appels internationaux en utilisant WhatsApp, Messenger ou Skype... Ces apps. utilisent uniquement votre Data.<\/div><\/fieldset><\/div><div id=\"wpforms-135472-field_43-container\" class=\"wpforms-field wpforms-field-hidden\" data-field-type=\"hidden\" data-field-id=\"43\"><input type=\"hidden\" id=\"wpforms-135472-field_43\" name=\"wpforms[fields][43]\" value=\"fr\"><\/div><div id=\"wpforms-135472-field_34-container\" class=\"wpforms-field wpforms-field-pagebreak\" data-field-type=\"pagebreak\" data-field-id=\"34\"><div class=\"wpforms-clear wpforms-pagebreak-left\"><button class=\"wpforms-page-button wpforms-page-prev wpforms-disabled\"\n\t\t\t\t\tdata-action=\"prev\" data-page=\"4\" data-formid=\"135472\" aria-disabled=\"true\" aria-describedby=\"wpforms-error-noscript\">Pr\u00e9c\u00e9dent<\/button><\/div><\/div><\/div><\/div><!-- .wpforms-field-container --><div class=\"wpforms-submit-container\" style=\"display:none;\"><input type=\"hidden\" name=\"wpforms[id]\" value=\"135472\"><input type=\"hidden\" name=\"page_title\" value=\"\"><input type=\"hidden\" name=\"page_url\" value=\"https:\/\/sim-usa.mobi\/fr\/wp-json\/wp\/v2\/pages\/138280\"><input type=\"hidden\" name=\"url_referer\" value=\"\"><button type=\"submit\" name=\"wpforms[submit]\" id=\"wpforms-submit-135472\" class=\"wpforms-submit\" data-alt-text=\"Envoi en cours...\" data-submit-text=\"Envoyer\" aria-live=\"assertive\" value=\"wpforms-submit\">Envoyer<\/button><\/div><\/form><\/div>  <!-- .wpforms-container -->\n\n\n\n<p><\/p>\n","protected":false},"excerpt":{"rendered":"","protected":false},"author":993,"featured_media":0,"parent":0,"menu_order":0,"comment_status":"closed","ping_status":"closed","template":"","meta":{"site-sidebar-layout":"default","site-content-layout":"","ast-site-content-layout":"default","site-content-style":"default","site-sidebar-style":"default","ast-global-header-display":"","ast-banner-title-visibility":"","ast-main-header-display":"","ast-hfb-above-header-display":"","ast-hfb-below-header-display":"","ast-hfb-mobile-header-display":"","site-post-title":"","ast-breadcrumbs-content":"","ast-featured-img":"","footer-sml-layout":"","ast-disable-related-posts":"","theme-transparent-header-meta":"","adv-header-id-meta":"","stick-header-meta":"","header-above-stick-meta":"","header-main-stick-meta":"","header-below-stick-meta":"","astra-migrate-meta-layouts":"default","ast-page-background-enabled":"default","ast-page-background-meta":{"desktop":{"background-color":"","background-image":"","background-repeat":"repeat","background-position":"center center","background-size":"auto","background-attachment":"scroll","background-type":"","background-media":"","overlay-type":"","overlay-color":"","overlay-opacity":"","overlay-gradient":""},"tablet":{"background-color":"","background-image":"","background-repeat":"repeat","background-position":"center center","background-size":"auto","background-attachment":"scroll","background-type":"","background-media":"","overlay-type":"","overlay-color":"","overlay-opacity":"","overlay-gradient":""},"mobile":{"background-color":"","background-image":"","background-repeat":"repeat","background-position":"center center","background-size":"auto","background-attachment":"scroll","background-type":"","background-media":"","overlay-type":"","overlay-color":"","overlay-opacity":"","overlay-gradient":""}},"ast-content-background-meta":{"desktop":{"background-color":"var(--ast-global-color-5)","background-image":"","background-repeat":"repeat","background-position":"center center","background-size":"auto","background-attachment":"scroll","background-type":"","background-media":"","overlay-type":"","overlay-color":"","overlay-opacity":"","overlay-gradient":""},"tablet":{"background-color":"var(--ast-global-color-5)","background-image":"","background-repeat":"repeat","background-position":"center center","background-size":"auto","background-attachment":"scroll","background-type":"","background-media":"","overlay-type":"","overlay-color":"","overlay-opacity":"","overlay-gradient":""},"mobile":{"background-color":"var(--ast-global-color-5)","background-image":"","background-repeat":"repeat","background-position":"center center","background-size":"auto","background-attachment":"scroll","background-type":"","background-media":"","overlay-type":"","overlay-color":"","overlay-opacity":"","overlay-gradient":""}},"footnotes":""},"class_list":["post-138280","page","type-page","status-publish","hentry"],"aioseo_notices":[],"_links":{"self":[{"href":"https:\/\/sim-usa.mobi\/fr\/wp-json\/wp\/v2\/pages\/138280","targetHints":{"allow":["GET"]}}],"collection":[{"href":"https:\/\/sim-usa.mobi\/fr\/wp-json\/wp\/v2\/pages"}],"about":[{"href":"https:\/\/sim-usa.mobi\/fr\/wp-json\/wp\/v2\/types\/page"}],"author":[{"embeddable":true,"href":"https:\/\/sim-usa.mobi\/fr\/wp-json\/wp\/v2\/users\/993"}],"replies":[{"embeddable":true,"href":"https:\/\/sim-usa.mobi\/fr\/wp-json\/wp\/v2\/comments?post=138280"}],"version-history":[{"count":1,"href":"https:\/\/sim-usa.mobi\/fr\/wp-json\/wp\/v2\/pages\/138280\/revisions"}],"predecessor-version":[{"id":138281,"href":"https:\/\/sim-usa.mobi\/fr\/wp-json\/wp\/v2\/pages\/138280\/revisions\/138281"}],"wp:attachment":[{"href":"https:\/\/sim-usa.mobi\/fr\/wp-json\/wp\/v2\/media?parent=138280"}],"curies":[{"name":"wp","href":"https:\/\/api.w.org\/{rel}","templated":true}]}}