{"id":69803,"date":"2021-08-11T06:33:03","date_gmt":"2021-08-11T04:33:03","guid":{"rendered":"https:\/\/sim-usa.mobi\/a-propos\/"},"modified":"2022-02-27T10:43:16","modified_gmt":"2022-02-27T09:43:16","slug":"a-propos","status":"publish","type":"page","link":"https:\/\/sim-usa.mobi\/fr\/a-propos\/","title":{"rendered":"\u00c0 propos"},"content":{"rendered":"\t\t<div data-elementor-type=\"wp-page\" data-elementor-id=\"69803\" class=\"elementor elementor-69803 elementor-24729\" data-elementor-post-type=\"page\">\n\t\t\t\t\t\t<section class=\"elementor-section elementor-top-section elementor-element elementor-element-52cb3a98 elementor-section-boxed elementor-section-height-default elementor-section-height-default\" data-id=\"52cb3a98\" data-element_type=\"section\" data-e-type=\"section\" data-settings=\"{&quot;background_background&quot;:&quot;classic&quot;}\">\n\t\t\t\t\t\t<div class=\"elementor-container elementor-column-gap-default\">\n\t\t\t\t\t<div class=\"elementor-column elementor-col-100 elementor-top-column elementor-element elementor-element-225dca0b\" data-id=\"225dca0b\" data-element_type=\"column\" data-e-type=\"column\">\n\t\t\t<div class=\"elementor-widget-wrap elementor-element-populated\">\n\t\t\t\t\t\t<div class=\"elementor-element elementor-element-3ea1cae7 elementor-widget elementor-widget-text-editor\" data-id=\"3ea1cae7\" data-element_type=\"widget\" data-e-type=\"widget\" data-widget_type=\"text-editor.default\">\n\t\t\t\t<div class=\"elementor-widget-container\">\n\t\t\t\t\t\t\t\t\t<p><strong>SIM USA<\/strong> \u00e9dit\u00e9 par SIMGO est une entreprise fran\u00e7aise cr\u00e9\u00e9 en Janvier 2016. Nous sommes sp\u00e9cialis\u00e9s dans la vente de cartes sims pr\u00e9pay\u00e9es pour les \u00c9tats-Unis, le Canada, le Mexique et plus r\u00e9cemment le monde entier.<\/p><p> <\/p><p>Nous proposons des cartes sims provenant des op\u00e9rateurs locaux vous permettant de b\u00e9n\u00e9ficier de la meilleure couverture et vitesse possible.<\/p><p> <\/p><p>Nos cartes sims sont livr\u00e9es par voie postale et express dans le monde entier. Depuis 2019 nous proposons \u00e9galement le format eSIM pour une livraison instantan\u00e9e par e-mail si votre smartphone est compatible.<\/p><p> <\/p><p>Notre \u00e9quipe est \u00e0 votre \u00e9coute par e-mail et t\u2019chat en ligne pour vous accompagner et conseiller dans le meilleur choix adapt\u00e9 \u00e0 votre besoin et votre budget.<\/p><p> <\/p><p>Nous proposons \u00e9galement une offre d\u2019achat d\u2019appareils de type hotspot wifi pleinement compatible aux \u00c9tats-Unis et sur le meilleur r\u00e9seau possible pour les familles et les entreprises souhaitant partager beaucoup de Data.<\/p><p>Des solutions personnalis\u00e9es sont disponibles pour les <span style=\"font-size: 1rem;\">entreprises<\/span><span style=\"font-style: inherit; font-weight: inherit;\"> et agences de voyages. N\u2019h\u00e9sitez pas \u00e0 <span style=\"text-decoration: underline;\"><a href=\"https:\/\/sim-usa.mobi\/fr\/contactez-nous\/\">nous contacter<\/a><\/span> afin qu\u2019on puisse discuter de vos besoins.<\/span><\/p><p> <\/p>\t\t\t\t\t\t\t\t<\/div>\n\t\t\t\t<\/div>\n\t\t\t\t\t<\/div>\n\t\t<\/div>\n\t\t\t\t\t<\/div>\n\t\t<\/section>\n\t\t\t\t<\/div>\n\t\t","protected":false},"excerpt":{"rendered":"<p>SIM USA \u00e9dit\u00e9 par SIMGO est une entreprise fran\u00e7aise cr\u00e9\u00e9 en Janvier 2016. Nous sommes sp\u00e9cialis\u00e9s dans la vente de cartes sims pr\u00e9pay\u00e9es pour les \u00c9tats-Unis, le Canada, le Mexique et plus r\u00e9cemment le monde entier. Nous proposons des cartes sims provenant des op\u00e9rateurs locaux vous permettant de b\u00e9n\u00e9ficier de la meilleure couverture et vitesse [&hellip;]<\/p>\n","protected":false},"author":993,"featured_media":0,"parent":0,"menu_order":0,"comment_status":"closed","ping_status":"closed","template":"","meta":{"site-sidebar-layout":"default","site-content-layout":"plain-container","ast-site-content-layout":"default","site-content-style":"default","site-sidebar-style":"default","ast-global-header-display":"","ast-banner-title-visibility":"","ast-main-header-display":"","ast-hfb-above-header-display":"","ast-hfb-below-header-display":"","ast-hfb-mobile-header-display":"","site-post-title":"","ast-breadcrumbs-content":"","ast-featured-img":"","footer-sml-layout":"","ast-disable-related-posts":"","theme-transparent-header-meta":"default","adv-header-id-meta":"","stick-header-meta":"","header-above-stick-meta":"","header-main-stick-meta":"","header-below-stick-meta":"","astra-migrate-meta-layouts":"default","ast-page-background-enabled":"default","ast-page-background-meta":{"desktop":{"background-color":"","background-image":"","background-repeat":"repeat","background-position":"center center","background-size":"auto","background-attachment":"scroll","background-type":"","background-media":"","overlay-type":"","overlay-color":"","overlay-opacity":"","overlay-gradient":""},"tablet":{"background-color":"","background-image":"","background-repeat":"repeat","background-position":"center center","background-size":"auto","background-attachment":"scroll","background-type":"","background-media":"","overlay-type":"","overlay-color":"","overlay-opacity":"","overlay-gradient":""},"mobile":{"background-color":"","background-image":"","background-repeat":"repeat","background-position":"center center","background-size":"auto","background-attachment":"scroll","background-type":"","background-media":"","overlay-type":"","overlay-color":"","overlay-opacity":"","overlay-gradient":""}},"ast-content-background-meta":{"desktop":{"background-color":"var(--ast-global-color-5)","background-image":"","background-repeat":"repeat","background-position":"center center","background-size":"auto","background-attachment":"scroll","background-type":"","background-media":"","overlay-type":"","overlay-color":"","overlay-opacity":"","overlay-gradient":""},"tablet":{"background-color":"var(--ast-global-color-5)","background-image":"","background-repeat":"repeat","background-position":"center center","background-size":"auto","background-attachment":"scroll","background-type":"","background-media":"","overlay-type":"","overlay-color":"","overlay-opacity":"","overlay-gradient":""},"mobile":{"background-color":"var(--ast-global-color-5)","background-image":"","background-repeat":"repeat","background-position":"center center","background-size":"auto","background-attachment":"scroll","background-type":"","background-media":"","overlay-type":"","overlay-color":"","overlay-opacity":"","overlay-gradient":""}},"footnotes":""},"class_list":["post-69803","page","type-page","status-publish","hentry"],"aioseo_notices":[],"_links":{"self":[{"href":"https:\/\/sim-usa.mobi\/fr\/wp-json\/wp\/v2\/pages\/69803","targetHints":{"allow":["GET"]}}],"collection":[{"href":"https:\/\/sim-usa.mobi\/fr\/wp-json\/wp\/v2\/pages"}],"about":[{"href":"https:\/\/sim-usa.mobi\/fr\/wp-json\/wp\/v2\/types\/page"}],"author":[{"embeddable":true,"href":"https:\/\/sim-usa.mobi\/fr\/wp-json\/wp\/v2\/users\/993"}],"replies":[{"embeddable":true,"href":"https:\/\/sim-usa.mobi\/fr\/wp-json\/wp\/v2\/comments?post=69803"}],"version-history":[{"count":0,"href":"https:\/\/sim-usa.mobi\/fr\/wp-json\/wp\/v2\/pages\/69803\/revisions"}],"wp:attachment":[{"href":"https:\/\/sim-usa.mobi\/fr\/wp-json\/wp\/v2\/media?parent=69803"}],"curies":[{"name":"wp","href":"https:\/\/api.w.org\/{rel}","templated":true}]}}