{"id":69834,"date":"2021-08-11T06:45:10","date_gmt":"2021-08-11T04:45:10","guid":{"rendered":"https:\/\/sim-usa.mobi\/covid-19\/"},"modified":"2022-01-27T21:07:30","modified_gmt":"2022-01-27T20:07:30","slug":"covid-19","status":"publish","type":"page","link":"https:\/\/sim-usa.mobi\/fr\/covid-19\/","title":{"rendered":"COVID-19"},"content":{"rendered":"\n<p>Certaines de nos cartes SIM peuvent expirer dans le temps. Dans le cas o\u00f9 vos dates de voyage indiqu\u00e9es lors de votre commande auraient chang\u00e9 merci de <a data-type=\"page\" data-id=\"105\" href=\"https:\/\/sim-usa.mobi\/fr\/contactez-nous\/\"><span style=\"text-decoration: underline;\">nous contacter<\/span><\/a> un mois avant votre prochain d\u00e9part afin de v\u00e9rifier la validit\u00e9 de votre carte SIM.<\/p>\n\n<p>Si votre carte sim est expir\u00e9e nous serons en mesure de vous l\u2019\u00e9changer sans frais.<\/p>\n","protected":false},"excerpt":{"rendered":"<p>Certaines de nos cartes SIM peuvent expirer dans le temps. Dans le cas o\u00f9 vos dates de voyage indiqu\u00e9es lors de votre commande auraient chang\u00e9 merci de nous contacter un mois avant votre prochain d\u00e9part afin de v\u00e9rifier la validit\u00e9 de votre carte SIM. Si votre carte sim est expir\u00e9e nous serons en mesure de [&hellip;]<\/p>\n","protected":false},"author":993,"featured_media":0,"parent":0,"menu_order":0,"comment_status":"closed","ping_status":"closed","template":"","meta":{"site-sidebar-layout":"default","site-content-layout":"plain-container","ast-site-content-layout":"default","site-content-style":"default","site-sidebar-style":"default","ast-global-header-display":"","ast-banner-title-visibility":"","ast-main-header-display":"","ast-hfb-above-header-display":"","ast-hfb-below-header-display":"","ast-hfb-mobile-header-display":"","site-post-title":"","ast-breadcrumbs-content":"","ast-featured-img":"","footer-sml-layout":"","ast-disable-related-posts":"","theme-transparent-header-meta":"default","adv-header-id-meta":"","stick-header-meta":"","header-above-stick-meta":"","header-main-stick-meta":"","header-below-stick-meta":"","astra-migrate-meta-layouts":"default","ast-page-background-enabled":"default","ast-page-background-meta":{"desktop":{"background-color":"","background-image":"","background-repeat":"repeat","background-position":"center center","background-size":"auto","background-attachment":"scroll","background-type":"","background-media":"","overlay-type":"","overlay-color":"","overlay-opacity":"","overlay-gradient":""},"tablet":{"background-color":"","background-image":"","background-repeat":"repeat","background-position":"center center","background-size":"auto","background-attachment":"scroll","background-type":"","background-media":"","overlay-type":"","overlay-color":"","overlay-opacity":"","overlay-gradient":""},"mobile":{"background-color":"","background-image":"","background-repeat":"repeat","background-position":"center center","background-size":"auto","background-attachment":"scroll","background-type":"","background-media":"","overlay-type":"","overlay-color":"","overlay-opacity":"","overlay-gradient":""}},"ast-content-background-meta":{"desktop":{"background-color":"var(--ast-global-color-5)","background-image":"","background-repeat":"repeat","background-position":"center center","background-size":"auto","background-attachment":"scroll","background-type":"","background-media":"","overlay-type":"","overlay-color":"","overlay-opacity":"","overlay-gradient":""},"tablet":{"background-color":"var(--ast-global-color-5)","background-image":"","background-repeat":"repeat","background-position":"center center","background-size":"auto","background-attachment":"scroll","background-type":"","background-media":"","overlay-type":"","overlay-color":"","overlay-opacity":"","overlay-gradient":""},"mobile":{"background-color":"var(--ast-global-color-5)","background-image":"","background-repeat":"repeat","background-position":"center center","background-size":"auto","background-attachment":"scroll","background-type":"","background-media":"","overlay-type":"","overlay-color":"","overlay-opacity":"","overlay-gradient":""}},"footnotes":""},"class_list":["post-69834","page","type-page","status-publish","hentry"],"aioseo_notices":[],"_links":{"self":[{"href":"https:\/\/sim-usa.mobi\/fr\/wp-json\/wp\/v2\/pages\/69834","targetHints":{"allow":["GET"]}}],"collection":[{"href":"https:\/\/sim-usa.mobi\/fr\/wp-json\/wp\/v2\/pages"}],"about":[{"href":"https:\/\/sim-usa.mobi\/fr\/wp-json\/wp\/v2\/types\/page"}],"author":[{"embeddable":true,"href":"https:\/\/sim-usa.mobi\/fr\/wp-json\/wp\/v2\/users\/993"}],"replies":[{"embeddable":true,"href":"https:\/\/sim-usa.mobi\/fr\/wp-json\/wp\/v2\/comments?post=69834"}],"version-history":[{"count":0,"href":"https:\/\/sim-usa.mobi\/fr\/wp-json\/wp\/v2\/pages\/69834\/revisions"}],"wp:attachment":[{"href":"https:\/\/sim-usa.mobi\/fr\/wp-json\/wp\/v2\/media?parent=69834"}],"curies":[{"name":"wp","href":"https:\/\/api.w.org\/{rel}","templated":true}]}}