{"id":69866,"date":"2021-08-11T08:36:15","date_gmt":"2021-08-11T06:36:15","guid":{"rendered":"https:\/\/sim-usa.mobi\/mentions-legales\/"},"modified":"2023-07-04T15:14:01","modified_gmt":"2023-07-04T13:14:01","slug":"mentions-legales","status":"publish","type":"page","link":"https:\/\/sim-usa.mobi\/fr\/mentions-legales\/","title":{"rendered":"Mentions L\u00e9gales"},"content":{"rendered":"\t\t<div data-elementor-type=\"wp-page\" data-elementor-id=\"69866\" class=\"elementor elementor-69866 elementor-24725\" data-elementor-post-type=\"page\">\n\t\t\t\t\t\t<section class=\"elementor-section elementor-top-section elementor-element elementor-element-3941e6b9 elementor-section-boxed elementor-section-height-default elementor-section-height-default\" data-id=\"3941e6b9\" data-element_type=\"section\" data-e-type=\"section\">\n\t\t\t\t\t\t<div class=\"elementor-container elementor-column-gap-default\">\n\t\t\t\t\t<div class=\"elementor-column elementor-col-100 elementor-top-column elementor-element elementor-element-7510e9a3\" data-id=\"7510e9a3\" data-element_type=\"column\" data-e-type=\"column\">\n\t\t\t<div class=\"elementor-widget-wrap elementor-element-populated\">\n\t\t\t\t\t\t<div class=\"elementor-element elementor-element-25f42fc4 elementor-widget elementor-widget-text-editor\" data-id=\"25f42fc4\" data-element_type=\"widget\" data-e-type=\"widget\" data-widget_type=\"text-editor.default\">\n\t\t\t\t<div class=\"elementor-widget-container\">\n\t\t\t\t\t\t\t\t\t<p><\/p>\n<div>\n<figure><img fetchpriority=\"high\" decoding=\"async\" src=\"https:\/\/sim-usa.mobi\/wp-content\/uploads\/2017\/03\/france-beret-drapeau-1.svg\" alt=\"entrepreneur fran\u00e7ais\" width=\"783\" height=\"448\"><\/figure>\n<\/div>\n<p><\/p>\n<p><\/p>\n<p>SIM USA est \u00e9dit\u00e9 par la soci\u00e9t\u00e9 SIMGO.<\/p>\n<p><\/p>\n<p><\/p>\n<p>SIMGO<br>Entreprise unipersonnelle \u00e0 responsabilit\u00e9 limit\u00e9e (EURL) au capital social de 1 000 euros.<br>RCS PARIS 910 353 903<\/p>\n<p><\/p>\n<p><\/p>\n<p>Pr\u00e9sident Directeur: Thibault Guerpillon<\/p>\n<p><\/p>\n<p><\/p>\n<p>Si\u00e8ge social: 6 rue d&#8217;Armaill\u00e9 75017 Paris France<br>contact@simgo.io<\/p>\n<p><\/p>\n<p><\/p>\n<p>Num\u00e9ro TVA intracommunautaire: FR46910353903<\/p>\n<p><\/p>\n<p><\/p>\n<p><\/p>\t\t\t\t\t\t\t\t<\/div>\n\t\t\t\t<\/div>\n\t\t\t\t\t<\/div>\n\t\t<\/div>\n\t\t\t\t\t<\/div>\n\t\t<\/section>\n\t\t\t\t<\/div>\n\t\t","protected":false},"excerpt":{"rendered":"<p>SIM USA est \u00e9dit\u00e9 par la soci\u00e9t\u00e9 SIMGO. SIMGOEntreprise unipersonnelle \u00e0 responsabilit\u00e9 limit\u00e9e (EURL) au capital social de 1 000 euros.RCS PARIS 910 353 903 Pr\u00e9sident Directeur: Thibault Guerpillon Si\u00e8ge social: 6 rue d&#8217;Armaill\u00e9 75017 Paris Francecontact@simgo.io Num\u00e9ro TVA intracommunautaire: FR46910353903<\/p>\n","protected":false},"author":993,"featured_media":0,"parent":0,"menu_order":0,"comment_status":"closed","ping_status":"closed","template":"","meta":{"site-sidebar-layout":"default","site-content-layout":"plain-container","ast-site-content-layout":"default","site-content-style":"default","site-sidebar-style":"default","ast-global-header-display":"","ast-banner-title-visibility":"","ast-main-header-display":"","ast-hfb-above-header-display":"","ast-hfb-below-header-display":"","ast-hfb-mobile-header-display":"","site-post-title":"","ast-breadcrumbs-content":"","ast-featured-img":"","footer-sml-layout":"","ast-disable-related-posts":"","theme-transparent-header-meta":"default","adv-header-id-meta":"","stick-header-meta":"","header-above-stick-meta":"","header-main-stick-meta":"","header-below-stick-meta":"","astra-migrate-meta-layouts":"default","ast-page-background-enabled":"default","ast-page-background-meta":{"desktop":{"background-color":"","background-image":"","background-repeat":"repeat","background-position":"center center","background-size":"auto","background-attachment":"scroll","background-type":"","background-media":"","overlay-type":"","overlay-color":"","overlay-opacity":"","overlay-gradient":""},"tablet":{"background-color":"","background-image":"","background-repeat":"repeat","background-position":"center center","background-size":"auto","background-attachment":"scroll","background-type":"","background-media":"","overlay-type":"","overlay-color":"","overlay-opacity":"","overlay-gradient":""},"mobile":{"background-color":"","background-image":"","background-repeat":"repeat","background-position":"center center","background-size":"auto","background-attachment":"scroll","background-type":"","background-media":"","overlay-type":"","overlay-color":"","overlay-opacity":"","overlay-gradient":""}},"ast-content-background-meta":{"desktop":{"background-color":"var(--ast-global-color-5)","background-image":"","background-repeat":"repeat","background-position":"center center","background-size":"auto","background-attachment":"scroll","background-type":"","background-media":"","overlay-type":"","overlay-color":"","overlay-opacity":"","overlay-gradient":""},"tablet":{"background-color":"var(--ast-global-color-5)","background-image":"","background-repeat":"repeat","background-position":"center center","background-size":"auto","background-attachment":"scroll","background-type":"","background-media":"","overlay-type":"","overlay-color":"","overlay-opacity":"","overlay-gradient":""},"mobile":{"background-color":"var(--ast-global-color-5)","background-image":"","background-repeat":"repeat","background-position":"center center","background-size":"auto","background-attachment":"scroll","background-type":"","background-media":"","overlay-type":"","overlay-color":"","overlay-opacity":"","overlay-gradient":""}},"footnotes":""},"class_list":["post-69866","page","type-page","status-publish","hentry"],"aioseo_notices":[],"_links":{"self":[{"href":"https:\/\/sim-usa.mobi\/fr\/wp-json\/wp\/v2\/pages\/69866","targetHints":{"allow":["GET"]}}],"collection":[{"href":"https:\/\/sim-usa.mobi\/fr\/wp-json\/wp\/v2\/pages"}],"about":[{"href":"https:\/\/sim-usa.mobi\/fr\/wp-json\/wp\/v2\/types\/page"}],"author":[{"embeddable":true,"href":"https:\/\/sim-usa.mobi\/fr\/wp-json\/wp\/v2\/users\/993"}],"replies":[{"embeddable":true,"href":"https:\/\/sim-usa.mobi\/fr\/wp-json\/wp\/v2\/comments?post=69866"}],"version-history":[{"count":0,"href":"https:\/\/sim-usa.mobi\/fr\/wp-json\/wp\/v2\/pages\/69866\/revisions"}],"wp:attachment":[{"href":"https:\/\/sim-usa.mobi\/fr\/wp-json\/wp\/v2\/media?parent=69866"}],"curies":[{"name":"wp","href":"https:\/\/api.w.org\/{rel}","templated":true}]}}