{"id":100172,"date":"2022-05-19T07:51:45","date_gmt":"2022-05-19T05:52:28","guid":{"rendered":"https:\/\/sim-usa.mobi\/product\/esim-60-jours\/"},"modified":"2022-08-22T13:22:24","modified_gmt":"2022-08-22T11:22:24","slug":"esim-60-jours","status":"publish","type":"product","link":"https:\/\/sim-usa.mobi\/fr\/produit\/esim-60-jours\/","title":{"rendered":"eSIM 60 Jours"},"content":{"rendered":"<ul>\n<li>Pour smartphones compatibles eSIM uniquement.<\/li>\n<li>R\u00e9seau AT&amp;T aux USA et les partenaires d&#8217;AT&amp;T au Canada &amp; Mexique.<\/li>\n<li>Le QR code est envoy\u00e9 par e-mail une fois l&#8217;eSIM activ\u00e9e.<\/li>\n<li>Programmez l&#8217;activation \u00e0 l&#8217;avance ou instantan\u00e9ment le jour m\u00eame.<\/li>\n<li>Data illimit\u00e9e en 4G LTE aux USA, Canada &amp; Mexique. Il n&#8217;y a pas de limite de Go consomm\u00e9.<\/li>\n<li>Inclus un num\u00e9ro US. Appels &amp; SMS illimit\u00e9s vers num\u00e9ros US.<\/li>\n<li>Vos apps. WhatsApp, Facebook messenger, Skype, etc. comme d&#8217;habitude. Votre num\u00e9ro est conserv\u00e9.<\/li>\n<\/ul>\n<p><i class=\"fa-solid fa-triangle-exclamation\"><\/i> Veuillez vous assurer que vous poss\u00e9dez un <a href=\"https:\/\/sim-usa.mobi\/esim-compatible-smartphones\/\"><span style=\"text-decoration: underline;\">appareil compatible<\/span><\/a>.<\/p>\n<div id=\"gtx-trans\" style=\"position: absolute; left: 1159px; top: 254px;\">\n<div class=\"gtx-trans-icon\"><\/div>\n<\/div>\n","protected":false},"excerpt":{"rendered":"<p>Plus de carte sim ! Vous poss\u00e9dez un smartphone compatible ?<br \/>\nLisez ci-dessous pour plus de d\u00e9tails.<\/p>\n<div id=\"gtx-trans\" style=\"position: absolute; left: -4px; top: 55px;\">\n<div class=\"gtx-trans-icon\"><\/div>\n<\/div>\n","protected":false},"featured_media":96521,"template":"","meta":{"site-sidebar-layout":"default","site-content-layout":"default","ast-site-content-layout":"default","site-content-style":"default","site-sidebar-style":"default","ast-global-header-display":"","ast-banner-title-visibility":"","ast-main-header-display":"","ast-hfb-above-header-display":"","ast-hfb-below-header-display":"","ast-hfb-mobile-header-display":"","site-post-title":"","ast-breadcrumbs-content":"","ast-featured-img":"","footer-sml-layout":"","ast-disable-related-posts":"","theme-transparent-header-meta":"default","adv-header-id-meta":"","stick-header-meta":"","header-above-stick-meta":"","header-main-stick-meta":"","header-below-stick-meta":"","astra-migrate-meta-layouts":"default","ast-page-background-enabled":"default","ast-page-background-meta":{"desktop":{"background-color":"","background-image":"","background-repeat":"repeat","background-position":"center center","background-size":"auto","background-attachment":"scroll","background-type":"","background-media":"","overlay-type":"","overlay-color":"","overlay-opacity":"","overlay-gradient":""},"tablet":{"background-color":"","background-image":"","background-repeat":"repeat","background-position":"center center","background-size":"auto","background-attachment":"scroll","background-type":"","background-media":"","overlay-type":"","overlay-color":"","overlay-opacity":"","overlay-gradient":""},"mobile":{"background-color":"","background-image":"","background-repeat":"repeat","background-position":"center center","background-size":"auto","background-attachment":"scroll","background-type":"","background-media":"","overlay-type":"","overlay-color":"","overlay-opacity":"","overlay-gradient":""}},"ast-content-background-meta":{"desktop":{"background-color":"var(--ast-global-color-5)","background-image":"","background-repeat":"repeat","background-position":"center center","background-size":"auto","background-attachment":"scroll","background-type":"","background-media":"","overlay-type":"","overlay-color":"","overlay-opacity":"","overlay-gradient":""},"tablet":{"background-color":"var(--ast-global-color-5)","background-image":"","background-repeat":"repeat","background-position":"center center","background-size":"auto","background-attachment":"scroll","background-type":"","background-media":"","overlay-type":"","overlay-color":"","overlay-opacity":"","overlay-gradient":""},"mobile":{"background-color":"var(--ast-global-color-5)","background-image":"","background-repeat":"repeat","background-position":"center center","background-size":"auto","background-attachment":"scroll","background-type":"","background-media":"","overlay-type":"","overlay-color":"","overlay-opacity":"","overlay-gradient":""}}},"product_brand":[],"product_cat":[77],"product_tag":[97],"attribute_description":[],"class_list":{"0":"post-100172","1":"product","2":"type-product","3":"status-publish","4":"has-post-thumbnail","6":"product_cat-esim-fr","7":"product_tag-esim-fr","8":"desktop-align-left","9":"tablet-align-left","10":"mobile-align-left","12":"first","13":"instock","14":"virtual","15":"sold-individually","16":"taxable","17":"purchasable","18":"product-type-simple"},"group_of_quantity":0,"min_quantity":0,"max_quantity":"","exclude_order_quantity_value_rules":"no","exclude_category_quantity_rules":"no","combine_variations":"no","exclude_global_add_ons":[],"addons":[],"aioseo_notices":[],"_links":{"self":[{"href":"https:\/\/sim-usa.mobi\/fr\/wp-json\/wp\/v2\/product\/100172","targetHints":{"allow":["GET"]}}],"collection":[{"href":"https:\/\/sim-usa.mobi\/fr\/wp-json\/wp\/v2\/product"}],"about":[{"href":"https:\/\/sim-usa.mobi\/fr\/wp-json\/wp\/v2\/types\/product"}],"wp:featuredmedia":[{"embeddable":true,"href":"https:\/\/sim-usa.mobi\/fr\/wp-json\/wp\/v2\/media\/96521"}],"wp:attachment":[{"href":"https:\/\/sim-usa.mobi\/fr\/wp-json\/wp\/v2\/media?parent=100172"}],"wp:term":[{"taxonomy":"product_brand","embeddable":true,"href":"https:\/\/sim-usa.mobi\/fr\/wp-json\/wp\/v2\/product_brand?post=100172"},{"taxonomy":"product_cat","embeddable":true,"href":"https:\/\/sim-usa.mobi\/fr\/wp-json\/wp\/v2\/product_cat?post=100172"},{"taxonomy":"product_tag","embeddable":true,"href":"https:\/\/sim-usa.mobi\/fr\/wp-json\/wp\/v2\/product_tag?post=100172"},{"taxonomy":"attribute_description","embeddable":true,"href":"https:\/\/sim-usa.mobi\/fr\/wp-json\/wp\/v2\/attribute_description?post=100172"}],"curies":[{"name":"wp","href":"https:\/\/api.w.org\/{rel}","templated":true}]}}