{"id":100326,"date":"2021-08-09T08:55:09","date_gmt":"2021-08-09T06:55:09","guid":{"rendered":"https:\/\/sim-usa.mobi\/product\/lyca-mobile-recharge\/"},"modified":"2025-09-16T12:35:39","modified_gmt":"2025-09-16T10:35:39","slug":"lyca-mobile-recharge","status":"publish","type":"product","link":"https:\/\/sim-usa.mobi\/fr\/produit\/lyca-mobile-recharge\/","title":{"rendered":"Lyca Mobile &#8211; Recharge"},"content":{"rendered":"<p>Vous pouvez ajouter de la Data sur votre ligne actuelle (la data non consomm\u00e9e expire \u00e0 la date d\u2019expiration) ou \u00e9tendre votre forfait pour 30 jours suppl\u00e9mentaires. Vous devez renouveler votre num\u00e9ro de t\u00e9l\u00e9phone dans les 60 jours suivant les 30 premiers jours pour qu&#8217;il reste actif. Apr\u00e8s 60 jours sans recharge, votre carte sim et votre num\u00e9ro seront d\u00e9sactiv\u00e9s d\u00e9finitivement.<\/p>\n<p><i class=\"fa-solid fa-circle-info\"><\/i> 30 jours suppl\u00e9mentaires: Nous ajoutons le montant correspondant sur votre forfait. Ce montant sera cr\u00e9dit\u00e9 en dollars USD et deviendra une somme \u00ab disponible \u00bb pour l\u2019op\u00e9rateur. Il est important de ne pas effectuer de hors forfait (appels de num\u00e9ros surtax\u00e9s, destinations non comprises\u2026). Dans le cas contraire l\u2019op\u00e9rateur utilise ce montant disponible et votre forfait ne pourra \u00eatre renouvel\u00e9 puisque la somme ne sera plus suffisante au renouvellement.<\/p>\n<p><i class=\"fa-solid fa-circle-question\"><\/i> Pourquoi le montant pour recharger est plus \u00e9lev\u00e9 que l\u2019achat d\u2019une nouvelle carte sim ? Le forfait pr\u00e9pay\u00e9 initial de 30 jours est vendu \u00e0 un prix promotionnel. Tous les renouvellements sont pay\u00e9s plein tarif \u00e0 l&#8217;op\u00e9rateur Lyca Mobile.<\/p>\n","protected":false},"excerpt":{"rendered":"<p>Recharge. Vous pouvez recharger votre Data ou renouveler votre forfait pour 30 jours.<\/p>\n","protected":false},"featured_media":69906,"template":"","meta":{"site-sidebar-layout":"default","site-content-layout":"default","ast-site-content-layout":"default","site-content-style":"default","site-sidebar-style":"default","ast-global-header-display":"","ast-banner-title-visibility":"","ast-main-header-display":"","ast-hfb-above-header-display":"","ast-hfb-below-header-display":"","ast-hfb-mobile-header-display":"","site-post-title":"","ast-breadcrumbs-content":"","ast-featured-img":"","footer-sml-layout":"","ast-disable-related-posts":"","theme-transparent-header-meta":"default","adv-header-id-meta":"","stick-header-meta":"","header-above-stick-meta":"","header-main-stick-meta":"","header-below-stick-meta":"","astra-migrate-meta-layouts":"default","ast-page-background-enabled":"default","ast-page-background-meta":{"desktop":{"background-color":"","background-image":"","background-repeat":"repeat","background-position":"center center","background-size":"auto","background-attachment":"scroll","background-type":"","background-media":"","overlay-type":"","overlay-color":"","overlay-opacity":"","overlay-gradient":""},"tablet":{"background-color":"","background-image":"","background-repeat":"repeat","background-position":"center center","background-size":"auto","background-attachment":"scroll","background-type":"","background-media":"","overlay-type":"","overlay-color":"","overlay-opacity":"","overlay-gradient":""},"mobile":{"background-color":"","background-image":"","background-repeat":"repeat","background-position":"center center","background-size":"auto","background-attachment":"scroll","background-type":"","background-media":"","overlay-type":"","overlay-color":"","overlay-opacity":"","overlay-gradient":""}},"ast-content-background-meta":{"desktop":{"background-color":"var(--ast-global-color-5)","background-image":"","background-repeat":"repeat","background-position":"center center","background-size":"auto","background-attachment":"scroll","background-type":"","background-media":"","overlay-type":"","overlay-color":"","overlay-opacity":"","overlay-gradient":""},"tablet":{"background-color":"var(--ast-global-color-5)","background-image":"","background-repeat":"repeat","background-position":"center center","background-size":"auto","background-attachment":"scroll","background-type":"","background-media":"","overlay-type":"","overlay-color":"","overlay-opacity":"","overlay-gradient":""},"mobile":{"background-color":"var(--ast-global-color-5)","background-image":"","background-repeat":"repeat","background-position":"center center","background-size":"auto","background-attachment":"scroll","background-type":"","background-media":"","overlay-type":"","overlay-color":"","overlay-opacity":"","overlay-gradient":""}}},"product_brand":[],"product_cat":[67],"product_tag":[99],"attribute_description":[],"class_list":{"0":"post-100326","1":"product","2":"type-product","3":"status-publish","4":"has-post-thumbnail","6":"product_cat-recharges","7":"product_tag-lyca-mobile-fr","8":"desktop-align-left","9":"tablet-align-left","10":"mobile-align-left","12":"first","13":"instock","14":"sale","15":"taxable","16":"shipping-taxable","17":"purchasable","18":"product-type-variable"},"group_of_quantity":0,"min_quantity":0,"max_quantity":"","exclude_order_quantity_value_rules":"no","exclude_category_quantity_rules":"no","combine_variations":"no","exclude_global_add_ons":false,"addons":[{"name":"Num\u00e9ro de t\u00e9l\u00e9phone","type":"custom_text","position":0,"required":true,"title_format":"heading","default":"","description_enable":true,"description":"Indiquez votre num\u00e9ro de t\u00e9l\u00e9phone US. Ex: 1234567891","placeholder_enable":false,"placeholder":null,"display":"select","restrictions_type":"only_numbers","adjust_price":false,"price":"","price_type":"flat_fee","restrictions":false,"min":"0","max":"0","options":[],"id":1673260262},{"name":"Data (optionnel)","type":"checkbox","position":1,"required":false,"title_format":"label","default":"","description_enable":true,"description":"S\u00e9lectionnez la data que vous souhaitez ajouter \u00e0 votre forfait actif actuel.","placeholder_enable":false,"placeholder":null,"display":"select","restrictions_type":"any_text","adjust_price":false,"price":"","price_type":"flat_fee","restrictions":false,"min":"0","max":"0","options":[{"label":"2 Go en 4G LTE Add-on","price":"10","price_type":"flat_fee","image":0,"visibility":true},{"label":"5 Go en 4G LTE Add-on","price":"15","price_type":"flat_fee","image":0,"visibility":true},{"label":"10 Go en 4G LTE Add-on","price":"25","price_type":"flat_fee","image":0,"visibility":true}],"id":1673260263}],"aioseo_notices":[],"_links":{"self":[{"href":"https:\/\/sim-usa.mobi\/fr\/wp-json\/wp\/v2\/product\/100326","targetHints":{"allow":["GET"]}}],"collection":[{"href":"https:\/\/sim-usa.mobi\/fr\/wp-json\/wp\/v2\/product"}],"about":[{"href":"https:\/\/sim-usa.mobi\/fr\/wp-json\/wp\/v2\/types\/product"}],"wp:featuredmedia":[{"embeddable":true,"href":"https:\/\/sim-usa.mobi\/fr\/wp-json\/wp\/v2\/media\/69906"}],"wp:attachment":[{"href":"https:\/\/sim-usa.mobi\/fr\/wp-json\/wp\/v2\/media?parent=100326"}],"wp:term":[{"taxonomy":"product_brand","embeddable":true,"href":"https:\/\/sim-usa.mobi\/fr\/wp-json\/wp\/v2\/product_brand?post=100326"},{"taxonomy":"product_cat","embeddable":true,"href":"https:\/\/sim-usa.mobi\/fr\/wp-json\/wp\/v2\/product_cat?post=100326"},{"taxonomy":"product_tag","embeddable":true,"href":"https:\/\/sim-usa.mobi\/fr\/wp-json\/wp\/v2\/product_tag?post=100326"},{"taxonomy":"attribute_description","embeddable":true,"href":"https:\/\/sim-usa.mobi\/fr\/wp-json\/wp\/v2\/attribute_description?post=100326"}],"curies":[{"name":"wp","href":"https:\/\/api.w.org\/{rel}","templated":true}]}}