{"id":109730,"date":"2021-11-02T12:31:43","date_gmt":"2021-11-02T11:31:43","guid":{"rendered":"https:\/\/sim-usa.mobi\/product\/usa-canada-mexique-data-illimitee-7-jours\/"},"modified":"2025-07-18T10:11:57","modified_gmt":"2025-07-18T08:11:57","slug":"usa-canada-mexique-data-illimitee-7-jours","status":"publish","type":"product","link":"https:\/\/sim-usa.mobi\/fr\/produit\/usa-canada-mexique-data-illimitee-7-jours\/","title":{"rendered":"USA, Canada, Mexique &#8211; Data illimit\u00e9e &#8211; 7 Jours"},"content":{"rendered":"<ul>\n<li>R\u00e9seau T-Mobile.<\/li>\n<li>Appels &amp; sms illimit\u00e9s \u00e0 l&#8217;int\u00e9rieur des \u00c9tats-Unis, Canada et Mexique.<\/li>\n<li>Conservez votre num\u00e9ro actuel pour vos apps sociales comme WhatsApp. Vous obtenez en plus un vrai num\u00e9ro am\u00e9ricain pour les appels locaux importants et les sms de confirmation.<\/li>\n<li>Donn\u00e9es Internet illimit\u00e9es jusqu&#8217;\u00e0 la vitesse 5G aux \u00c9tats-Unis.<\/li>\n<li>Donn\u00e9es Internet illimit\u00e9es jusqu&#8217;\u00e0 la vitesse 5G au Canada et au Mexique. La vitesse est r\u00e9duite apr\u00e8s 5 Go consomm\u00e9s.<\/li>\n<li>Partage de connexion autoris\u00e9 avec une vitesse plus lente pour les appareils connect\u00e9s.<\/li>\n<li>Carte sim universelle \u00e0 triple coupe ou eSIM.<\/li>\n<li>Valable 7 jours apr\u00e8s l&#8217;activation. Vous pouvez programmer l\u2019activation \u00e0 r\u00e9ception de la carte sim.<\/li>\n<li><span style=\"text-decoration: underline;\"><a title=\"Recharges\" href=\"https:\/\/sim-usa.mobi\/fr\/product-category\/recharges\/\">Les recharges<\/a><\/span> sont disponibles pour prolonger la validit\u00e9.<\/li>\n<\/ul>\n<p>* <a href=\"#tm-intl-calling\"><span style=\"text-decoration: underline;\">Appels internationaux directs<\/span><\/a> : vous permet de passer des appels directs dans le monde entier vers de vrais num\u00e9ros (aucune application sociale requise).<\/p>\n","protected":false},"excerpt":{"rendered":"<p>D\u00e9couvrez notre carte sim avec data illimit\u00e9e pendant 7 jours, la solution id\u00e9ale pour rester connect\u00e9 sans stress lors de vos voyages en Am\u00e9rique du Nord. Profitez d&#8217;internet sans engagement et \u00e0 haute vitesse aux \u00c9tats-Unis, au Canada et au Mexique. Vous recherchez une <a href=\"https:\/\/sim-usa.mobi\/fr\/produit\/esim\/\"><u>eSIM<\/u><\/a>? C&#8217;est juste ici.<br \/>\nDes restrictions s&#8217;appliquent.<\/p>\n<p>Veuillez lire les onglets &#8220;Ce qui est inclus&#8221; et &#8220;Ce qui n&#8217;est pas inclus&#8221;.<\/p>\n","protected":false},"featured_media":135682,"template":"","meta":{"site-sidebar-layout":"default","site-content-layout":"default","ast-site-content-layout":"default","site-content-style":"default","site-sidebar-style":"default","ast-global-header-display":"","ast-banner-title-visibility":"","ast-main-header-display":"","ast-hfb-above-header-display":"","ast-hfb-below-header-display":"","ast-hfb-mobile-header-display":"","site-post-title":"","ast-breadcrumbs-content":"","ast-featured-img":"","footer-sml-layout":"","ast-disable-related-posts":"","theme-transparent-header-meta":"default","adv-header-id-meta":"","stick-header-meta":"","header-above-stick-meta":"","header-main-stick-meta":"","header-below-stick-meta":"","astra-migrate-meta-layouts":"set","ast-page-background-enabled":"default","ast-page-background-meta":{"desktop":{"background-color":"","background-image":"","background-repeat":"repeat","background-position":"center center","background-size":"auto","background-attachment":"scroll","background-type":"","background-media":"","overlay-type":"","overlay-color":"","overlay-opacity":"","overlay-gradient":""},"tablet":{"background-color":"","background-image":"","background-repeat":"repeat","background-position":"center center","background-size":"auto","background-attachment":"scroll","background-type":"","background-media":"","overlay-type":"","overlay-color":"","overlay-opacity":"","overlay-gradient":""},"mobile":{"background-color":"","background-image":"","background-repeat":"repeat","background-position":"center center","background-size":"auto","background-attachment":"scroll","background-type":"","background-media":"","overlay-type":"","overlay-color":"","overlay-opacity":"","overlay-gradient":""}},"ast-content-background-meta":{"desktop":{"background-color":"var(--ast-global-color-5)","background-image":"","background-repeat":"repeat","background-position":"center center","background-size":"auto","background-attachment":"scroll","background-type":"","background-media":"","overlay-type":"","overlay-color":"","overlay-opacity":"","overlay-gradient":""},"tablet":{"background-color":"var(--ast-global-color-5)","background-image":"","background-repeat":"repeat","background-position":"center center","background-size":"auto","background-attachment":"scroll","background-type":"","background-media":"","overlay-type":"","overlay-color":"","overlay-opacity":"","overlay-gradient":""},"mobile":{"background-color":"var(--ast-global-color-5)","background-image":"","background-repeat":"repeat","background-position":"center center","background-size":"auto","background-attachment":"scroll","background-type":"","background-media":"","overlay-type":"","overlay-color":"","overlay-opacity":"","overlay-gradient":""}}},"product_brand":[],"product_cat":[73,180],"product_tag":[95,101],"attribute_description":[],"class_list":{"0":"post-109730","1":"product","2":"type-product","3":"status-publish","4":"has-post-thumbnail","6":"product_cat-forfaits","7":"product_cat-illimite","8":"product_tag-att-fr","9":"product_tag-t-mobile-fr","10":"desktop-align-left","11":"tablet-align-left","12":"mobile-align-left","14":"first","15":"instock","16":"taxable","17":"shipping-taxable","18":"purchasable","19":"product-type-variable","20":"has-default-attributes"},"group_of_quantity":0,"min_quantity":0,"max_quantity":"","exclude_order_quantity_value_rules":"no","exclude_category_quantity_rules":"no","combine_variations":"no","exclude_global_add_ons":[],"addons":[],"aioseo_notices":[],"_links":{"self":[{"href":"https:\/\/sim-usa.mobi\/fr\/wp-json\/wp\/v2\/product\/109730","targetHints":{"allow":["GET"]}}],"collection":[{"href":"https:\/\/sim-usa.mobi\/fr\/wp-json\/wp\/v2\/product"}],"about":[{"href":"https:\/\/sim-usa.mobi\/fr\/wp-json\/wp\/v2\/types\/product"}],"wp:featuredmedia":[{"embeddable":true,"href":"https:\/\/sim-usa.mobi\/fr\/wp-json\/wp\/v2\/media\/135682"}],"wp:attachment":[{"href":"https:\/\/sim-usa.mobi\/fr\/wp-json\/wp\/v2\/media?parent=109730"}],"wp:term":[{"taxonomy":"product_brand","embeddable":true,"href":"https:\/\/sim-usa.mobi\/fr\/wp-json\/wp\/v2\/product_brand?post=109730"},{"taxonomy":"product_cat","embeddable":true,"href":"https:\/\/sim-usa.mobi\/fr\/wp-json\/wp\/v2\/product_cat?post=109730"},{"taxonomy":"product_tag","embeddable":true,"href":"https:\/\/sim-usa.mobi\/fr\/wp-json\/wp\/v2\/product_tag?post=109730"},{"taxonomy":"attribute_description","embeddable":true,"href":"https:\/\/sim-usa.mobi\/fr\/wp-json\/wp\/v2\/attribute_description?post=109730"}],"curies":[{"name":"wp","href":"https:\/\/api.w.org\/{rel}","templated":true}]}}