{"id":110015,"date":"2023-03-05T16:33:48","date_gmt":"2023-03-05T15:33:48","guid":{"rendered":"https:\/\/sim-usa.mobi\/?post_type=product&#038;p=110015"},"modified":"2025-12-03T17:29:30","modified_gmt":"2025-12-03T16:29:30","slug":"100-data-tablettes-routeurs","status":"publish","type":"product","link":"https:\/\/sim-usa.mobi\/fr\/produit\/100-data-tablettes-routeurs\/","title":{"rendered":"100% Data &#8211; Tablettes &amp; Routeurs"},"content":{"rendered":"<ul>\n<li>R\u00e9seau T-Mobile ou AT&amp;T. <span style=\"text-decoration: underline;\"><a href=\"https:\/\/sim-usa.mobi\/fr\/choix-du-reseau-t-mobile-att\/\">Comment choisir ?<\/a><\/span><\/li>\n<li>T-Mobile: 50 Go de donn\u00e9es jusqu&#8217;\u00e0 la vitesse 5G aux \u00c9tats-Unis &amp; 5 Go au Canada &amp; Mexique.<\/li>\n<li>AT&amp;T: 100 Go de donn\u00e9es jusqu&#8217;\u00e0 la vitesse 5G aux \u00c9tats-Unis.<\/li>\n<li>L&#8217;utilisation dans une tablette.<\/li>\n<li>L&#8217;utilisation dans un hotspot \/ routeur Wifi (mod\u00e8le compatible et autoris\u00e9 uniquement).<\/li>\n<li>Partage de connexion \/ mode hotspot autoris\u00e9 depuis une tablette (non inclus avec AT&amp;T)<\/li>\n<li>Partage de connexion \/ mode hotspot autoris\u00e9 depuis un routeur.<\/li>\n<li>Carte sim universelle \u00e0 triple coupe ou eSIM.<\/li>\n<li>Valide 30 Jours \u00e0 partir de l&#8217;activation.<\/li>\n<li><span style=\"text-decoration: underline;\"><a title=\"Recharges\" href=\"https:\/\/sim-usa.mobi\/fr\/product-category\/recharges\/\">Les recharges<\/a><\/span> sont disponibles pour prolonger la validit\u00e9.<\/li>\n<\/ul>\n<p><i class=\"fa-solid fa-triangle-exclamation\"><\/i> Offre Internet Data uniquement pour tablettes &amp; routeurs.<\/p>\n","protected":false},"excerpt":{"rendered":"<p>Voyagez en toute tranquillit\u00e9 avec notre carte SIM USA pour tablettes. Obtenez un acc\u00e8s internet mobile sans engagement, id\u00e9al pour rester connect\u00e9 lors de votre s\u00e9jour aux \u00c9tats-Unis pendant 30 jours\u2009! Des restrictions s&#8217;appliquent. Veuillez lire les onglets &#8220;Ce qui est inclus&#8221; et &#8220;Ce qui n&#8217;est pas inclus&#8221;.<\/p>\n","protected":false},"featured_media":127959,"template":"","meta":{"site-sidebar-layout":"default","site-content-layout":"default","ast-site-content-layout":"default","site-content-style":"default","site-sidebar-style":"default","ast-global-header-display":"","ast-banner-title-visibility":"","ast-main-header-display":"","ast-hfb-above-header-display":"","ast-hfb-below-header-display":"","ast-hfb-mobile-header-display":"","site-post-title":"","ast-breadcrumbs-content":"","ast-featured-img":"","footer-sml-layout":"","ast-disable-related-posts":"","theme-transparent-header-meta":"default","adv-header-id-meta":"","stick-header-meta":"","header-above-stick-meta":"","header-main-stick-meta":"","header-below-stick-meta":"","astra-migrate-meta-layouts":"set","ast-page-background-enabled":"default","ast-page-background-meta":{"desktop":{"background-color":"","background-image":"","background-repeat":"repeat","background-position":"center center","background-size":"auto","background-attachment":"scroll","background-type":"","background-media":"","overlay-type":"","overlay-color":"","overlay-opacity":"","overlay-gradient":""},"tablet":{"background-color":"","background-image":"","background-repeat":"repeat","background-position":"center center","background-size":"auto","background-attachment":"scroll","background-type":"","background-media":"","overlay-type":"","overlay-color":"","overlay-opacity":"","overlay-gradient":""},"mobile":{"background-color":"","background-image":"","background-repeat":"repeat","background-position":"center center","background-size":"auto","background-attachment":"scroll","background-type":"","background-media":"","overlay-type":"","overlay-color":"","overlay-opacity":"","overlay-gradient":""}},"ast-content-background-meta":{"desktop":{"background-color":"var(--ast-global-color-5)","background-image":"","background-repeat":"repeat","background-position":"center center","background-size":"auto","background-attachment":"scroll","background-type":"","background-media":"","overlay-type":"","overlay-color":"","overlay-opacity":"","overlay-gradient":""},"tablet":{"background-color":"var(--ast-global-color-5)","background-image":"","background-repeat":"repeat","background-position":"center center","background-size":"auto","background-attachment":"scroll","background-type":"","background-media":"","overlay-type":"","overlay-color":"","overlay-opacity":"","overlay-gradient":""},"mobile":{"background-color":"var(--ast-global-color-5)","background-image":"","background-repeat":"repeat","background-position":"center center","background-size":"auto","background-attachment":"scroll","background-type":"","background-media":"","overlay-type":"","overlay-color":"","overlay-opacity":"","overlay-gradient":""}}},"product_brand":[],"product_cat":[73],"product_tag":[95,105,101,183],"attribute_description":[],"class_list":{"0":"post-110015","1":"product","2":"type-product","3":"status-publish","4":"has-post-thumbnail","6":"product_cat-forfaits","7":"product_tag-att-fr","8":"product_tag-routeur","9":"product_tag-t-mobile-fr","10":"product_tag-tablette","11":"desktop-align-left","12":"tablet-align-left","13":"mobile-align-left","15":"first","16":"instock","17":"taxable","18":"shipping-taxable","19":"purchasable","20":"product-type-variable","21":"has-default-attributes"},"group_of_quantity":0,"min_quantity":0,"max_quantity":"","exclude_order_quantity_value_rules":"no","exclude_category_quantity_rules":"no","combine_variations":"no","exclude_global_add_ons":[],"addons":[],"aioseo_notices":[],"_links":{"self":[{"href":"https:\/\/sim-usa.mobi\/fr\/wp-json\/wp\/v2\/product\/110015","targetHints":{"allow":["GET"]}}],"collection":[{"href":"https:\/\/sim-usa.mobi\/fr\/wp-json\/wp\/v2\/product"}],"about":[{"href":"https:\/\/sim-usa.mobi\/fr\/wp-json\/wp\/v2\/types\/product"}],"wp:featuredmedia":[{"embeddable":true,"href":"https:\/\/sim-usa.mobi\/fr\/wp-json\/wp\/v2\/media\/127959"}],"wp:attachment":[{"href":"https:\/\/sim-usa.mobi\/fr\/wp-json\/wp\/v2\/media?parent=110015"}],"wp:term":[{"taxonomy":"product_brand","embeddable":true,"href":"https:\/\/sim-usa.mobi\/fr\/wp-json\/wp\/v2\/product_brand?post=110015"},{"taxonomy":"product_cat","embeddable":true,"href":"https:\/\/sim-usa.mobi\/fr\/wp-json\/wp\/v2\/product_cat?post=110015"},{"taxonomy":"product_tag","embeddable":true,"href":"https:\/\/sim-usa.mobi\/fr\/wp-json\/wp\/v2\/product_tag?post=110015"},{"taxonomy":"attribute_description","embeddable":true,"href":"https:\/\/sim-usa.mobi\/fr\/wp-json\/wp\/v2\/attribute_description?post=110015"}],"curies":[{"name":"wp","href":"https:\/\/api.w.org\/{rel}","templated":true}]}}