{"id":110763,"date":"2023-03-07T13:55:36","date_gmt":"2023-03-24T09:40:54","guid":{"rendered":"https:\/\/sim-usa.mobi\/product\/t-mobile-t9-franklin-100go-data\/"},"modified":"2023-12-05T10:47:09","modified_gmt":"2023-12-05T09:47:09","slug":"t-mobile-t9-franklin-100go-data","status":"publish","type":"product","link":"https:\/\/sim-usa.mobi\/fr\/produit\/t-mobile-t9-franklin-100go-data\/","title":{"rendered":"T-Mobile T9 Franklin + 100 Go Data"},"content":{"rendered":"<p>Contenu de la boite:<\/p>\n<ul>\n<li>1 Hotspot wifi routeur T-Mobile T9 Franklin \u2013 Reconditionn\u00e9 \u2013 \u00e9cran OLED \u2013 Web Admin \u2013 Jusqu\u2019\u00e0 8 appareils connect\u00e9s simultan\u00e9ment.<\/li>\n<li>1 Batterie Li-ion rempla\u00e7able (2450 mAh)<\/li>\n<li>1 chargeur mural (US) avec c\u00e2ble micro-USB.<\/li>\n<li>1 manuel utilisateur (anglais)<\/li>\n<li>2 cartes sim avec 50 Go de Data chacune en 4G LTE aux USA (dont 5 Go au Canada et au Mexique) valables 30 jours. Pr\u00eat \u00e0 l&#8217;activation. Forfait associ\u00e9: <span style=\"text-decoration: underline;\"><a href=\"https:\/\/sim-usa.mobi\/fr\/produit\/100-data-tablettes-routeurs\/\">100% Data<\/a><\/span><\/li>\n<li>Garantie 2 ans<\/li>\n<\/ul>\n<p><i class=\"fa-solid fa-circle-info\"><\/i> Appareil verrouill\u00e9. D\u00e9verrouillage gratuit sur demande. Assurez-vous de la compatibilit\u00e9 entre les bandes de fr\u00e9quences de l\u2019appareil et votre op\u00e9rateur local.<\/p>\n<div id=\"gtx-trans\" style=\"position: absolute; left: 172px; top: 305px;\">\n<div class=\"gtx-trans-icon\"><\/div>\n<\/div>\n","protected":false},"excerpt":{"rendered":"<p>Garantie de fonctionnement sur le r\u00e9seau T-Mobile avec toutes les bandes 4G LTE possibles pour une compatibilit\u00e9 maximale.<br \/>\nLisez ci-dessous plus de d\u00e9tails sur le produit.<\/p>\n","protected":false},"featured_media":110261,"template":"","meta":{"site-sidebar-layout":"default","site-content-layout":"default","ast-site-content-layout":"default","site-content-style":"default","site-sidebar-style":"default","ast-global-header-display":"","ast-banner-title-visibility":"","ast-main-header-display":"","ast-hfb-above-header-display":"","ast-hfb-below-header-display":"","ast-hfb-mobile-header-display":"","site-post-title":"","ast-breadcrumbs-content":"","ast-featured-img":"","footer-sml-layout":"","ast-disable-related-posts":"","theme-transparent-header-meta":"default","adv-header-id-meta":"","stick-header-meta":"","header-above-stick-meta":"","header-main-stick-meta":"","header-below-stick-meta":"","astra-migrate-meta-layouts":"default","ast-page-background-enabled":"default","ast-page-background-meta":{"desktop":{"background-color":"","background-image":"","background-repeat":"repeat","background-position":"center center","background-size":"auto","background-attachment":"scroll","background-type":"","background-media":"","overlay-type":"","overlay-color":"","overlay-opacity":"","overlay-gradient":""},"tablet":{"background-color":"","background-image":"","background-repeat":"repeat","background-position":"center center","background-size":"auto","background-attachment":"scroll","background-type":"","background-media":"","overlay-type":"","overlay-color":"","overlay-opacity":"","overlay-gradient":""},"mobile":{"background-color":"","background-image":"","background-repeat":"repeat","background-position":"center center","background-size":"auto","background-attachment":"scroll","background-type":"","background-media":"","overlay-type":"","overlay-color":"","overlay-opacity":"","overlay-gradient":""}},"ast-content-background-meta":{"desktop":{"background-color":"var(--ast-global-color-5)","background-image":"","background-repeat":"repeat","background-position":"center center","background-size":"auto","background-attachment":"scroll","background-type":"","background-media":"","overlay-type":"","overlay-color":"","overlay-opacity":"","overlay-gradient":""},"tablet":{"background-color":"var(--ast-global-color-5)","background-image":"","background-repeat":"repeat","background-position":"center center","background-size":"auto","background-attachment":"scroll","background-type":"","background-media":"","overlay-type":"","overlay-color":"","overlay-opacity":"","overlay-gradient":""},"mobile":{"background-color":"var(--ast-global-color-5)","background-image":"","background-repeat":"repeat","background-position":"center center","background-size":"auto","background-attachment":"scroll","background-type":"","background-media":"","overlay-type":"","overlay-color":"","overlay-opacity":"","overlay-gradient":""}}},"product_brand":[],"product_cat":[76],"product_tag":[186],"attribute_description":[],"class_list":{"0":"post-110763","1":"product","2":"type-product","3":"status-publish","4":"has-post-thumbnail","6":"product_cat-routeurs","7":"product_tag-t9-franklin-fr","8":"desktop-align-left","9":"tablet-align-left","10":"mobile-align-left","12":"first","13":"instock","14":"taxable","15":"shipping-taxable","16":"purchasable","17":"product-type-simple"},"group_of_quantity":0,"min_quantity":0,"max_quantity":"","exclude_order_quantity_value_rules":"no","exclude_category_quantity_rules":"no","combine_variations":"no","exclude_global_add_ons":[],"addons":[],"aioseo_notices":[],"_links":{"self":[{"href":"https:\/\/sim-usa.mobi\/fr\/wp-json\/wp\/v2\/product\/110763","targetHints":{"allow":["GET"]}}],"collection":[{"href":"https:\/\/sim-usa.mobi\/fr\/wp-json\/wp\/v2\/product"}],"about":[{"href":"https:\/\/sim-usa.mobi\/fr\/wp-json\/wp\/v2\/types\/product"}],"wp:featuredmedia":[{"embeddable":true,"href":"https:\/\/sim-usa.mobi\/fr\/wp-json\/wp\/v2\/media\/110261"}],"wp:attachment":[{"href":"https:\/\/sim-usa.mobi\/fr\/wp-json\/wp\/v2\/media?parent=110763"}],"wp:term":[{"taxonomy":"product_brand","embeddable":true,"href":"https:\/\/sim-usa.mobi\/fr\/wp-json\/wp\/v2\/product_brand?post=110763"},{"taxonomy":"product_cat","embeddable":true,"href":"https:\/\/sim-usa.mobi\/fr\/wp-json\/wp\/v2\/product_cat?post=110763"},{"taxonomy":"product_tag","embeddable":true,"href":"https:\/\/sim-usa.mobi\/fr\/wp-json\/wp\/v2\/product_tag?post=110763"},{"taxonomy":"attribute_description","embeddable":true,"href":"https:\/\/sim-usa.mobi\/fr\/wp-json\/wp\/v2\/attribute_description?post=110763"}],"curies":[{"name":"wp","href":"https:\/\/api.w.org\/{rel}","templated":true}]}}