{"id":120208,"date":"2024-01-23T08:45:53","date_gmt":"2024-01-23T07:45:53","guid":{"rendered":"https:\/\/sim-usa.mobi\/?post_type=product&#038;p=120208"},"modified":"2026-03-29T15:21:34","modified_gmt":"2026-03-29T13:21:34","slug":"t-mobile-hotspot-5g-jextream-louez-moi","status":"publish","type":"product","link":"https:\/\/sim-usa.mobi\/fr\/produit\/t-mobile-hotspot-5g-jextream-louez-moi\/","title":{"rendered":"Louez-moi ! T-Mobile Hotspot 5G JEXtream"},"content":{"rendered":"<ul>\n<li>Partagez 100 Go de donn\u00e9es aux \u00c9tats-Unis (+10 Go au Canada &amp; Mexique) jusqu&#8217;\u00e0 la vitesse 5G et jusqu&#8217;\u00e0 20 appareils avec le Wifi 6.<\/li>\n<li>Louez-moi pour 21 jours \u00e0 partir du jour de l&#8217;activation (30 jours en option).<\/li>\n<li>Livraison et retour gratuits (France m\u00e9tropolitaine uniquement, frais suppl\u00e9mentaires vers les autres pays).<\/li>\n<li>Commandez maintenant. Le colis sera livr\u00e9 \u00e0 votre domicile ou au point relais 5 jours avant la date de d\u00e9part indiqu\u00e9e lors du paiement.<\/li>\n<li>Activez-moi dans les 5 jours suivant la livraison.<\/li>\n<li>Retournez-moi dans les 5 jours ouvrables suivant la date d&#8217;expiration.<\/li>\n<\/ul>\n<p>Disponible \u00e0 l&#8217;exp\u00e9dition vers la France m\u00e9tropolitaine, l&#8217;Autriche, la Belgique, l&#8217;Allemagne, les Pays-Bas, l&#8217;Italie et l&#8217;Espagne.<\/p>\n<p><strong>En passant commande vous acceptez les <a href=\"https:\/\/sim-usa.mobi\/fr\/routeur-hotspot-wifi-conditions-generales-de-location\/\"><span style=\"text-decoration: underline;\">Conditions de location<\/span><\/a>.<\/strong><\/p>\n<p>Ce produit est disponible \u00e0 <span style=\"text-decoration: underline;\"><a href=\"https:\/\/sim-usa.mobi\/fr\/produit\/t-mobile-hotspot-5g-jextream-rg2100\/\">l&#8217;achat i\u00e7i<\/a><\/span>.<\/p>\n","protected":false},"excerpt":{"rendered":"<p>Profitez d&#8217;une connexion Internet rapide et stable avec le T-Mobile JEXtream 5G Hotspot &#8211; RG2100, parfait pour vos d\u00e9placements aux \u00c9tats-Unis. Ce routeur WiFi portable vous permet de rester connect\u00e9 sans interruption, que vous soyez en voyage d&#8217;affaires ou en vacances.<br \/>\nDes restrictions s&#8217;appliquent. Veuillez lire l&#8217;onglet &#8220;Ce qui est inclus&#8221;.<\/p>\n","protected":false},"featured_media":120156,"template":"","meta":{"site-sidebar-layout":"default","site-content-layout":"","ast-site-content-layout":"default","site-content-style":"default","site-sidebar-style":"default","ast-global-header-display":"","ast-banner-title-visibility":"","ast-main-header-display":"","ast-hfb-above-header-display":"","ast-hfb-below-header-display":"","ast-hfb-mobile-header-display":"","site-post-title":"","ast-breadcrumbs-content":"","ast-featured-img":"","footer-sml-layout":"","ast-disable-related-posts":"","theme-transparent-header-meta":"default","adv-header-id-meta":"","stick-header-meta":"","header-above-stick-meta":"","header-main-stick-meta":"","header-below-stick-meta":"","astra-migrate-meta-layouts":"set","ast-page-background-enabled":"default","ast-page-background-meta":{"desktop":{"background-color":"","background-image":"","background-repeat":"repeat","background-position":"center center","background-size":"auto","background-attachment":"scroll","background-type":"","background-media":"","overlay-type":"","overlay-color":"","overlay-opacity":"","overlay-gradient":""},"tablet":{"background-color":"","background-image":"","background-repeat":"repeat","background-position":"center center","background-size":"auto","background-attachment":"scroll","background-type":"","background-media":"","overlay-type":"","overlay-color":"","overlay-opacity":"","overlay-gradient":""},"mobile":{"background-color":"","background-image":"","background-repeat":"repeat","background-position":"center center","background-size":"auto","background-attachment":"scroll","background-type":"","background-media":"","overlay-type":"","overlay-color":"","overlay-opacity":"","overlay-gradient":""}},"ast-content-background-meta":{"desktop":{"background-color":"var(--ast-global-color-5)","background-image":"","background-repeat":"repeat","background-position":"center center","background-size":"auto","background-attachment":"scroll","background-type":"","background-media":"","overlay-type":"","overlay-color":"","overlay-opacity":"","overlay-gradient":""},"tablet":{"background-color":"var(--ast-global-color-5)","background-image":"","background-repeat":"repeat","background-position":"center center","background-size":"auto","background-attachment":"scroll","background-type":"","background-media":"","overlay-type":"","overlay-color":"","overlay-opacity":"","overlay-gradient":""},"mobile":{"background-color":"var(--ast-global-color-5)","background-image":"","background-repeat":"repeat","background-position":"center center","background-size":"auto","background-attachment":"scroll","background-type":"","background-media":"","overlay-type":"","overlay-color":"","overlay-opacity":"","overlay-gradient":""}}},"product_brand":[],"product_cat":[133,76],"product_tag":[],"attribute_description":[],"class_list":{"0":"post-120208","1":"product","2":"type-product","3":"status-publish","4":"has-post-thumbnail","6":"product_cat-location","7":"product_cat-routeurs","8":"desktop-align-left","9":"tablet-align-left","10":"mobile-align-left","12":"first","13":"instock","14":"taxable","15":"shipping-taxable","16":"purchasable","17":"product-type-simple"},"group_of_quantity":0,"min_quantity":0,"max_quantity":"","exclude_order_quantity_value_rules":"no","exclude_category_quantity_rules":"no","combine_variations":"no","exclude_global_add_ons":true,"addons":[{"name":"Jours suppl\u00e9mentaires","type":"checkbox","position":0,"required":false,"title_format":"label","default":"","description_enable":false,"description":"","placeholder_enable":false,"placeholder":"","display":"select","restrictions_type":"any_text","adjust_price":false,"price":"","price_type":"flat_fee","restrictions":false,"min":"0","max":"0","options":[{"label":"+9 jours (30 jours)","price":"20","price_type":"flat_fee","image":0,"visibility":true}],"id":1715522035}],"aioseo_notices":[],"_links":{"self":[{"href":"https:\/\/sim-usa.mobi\/fr\/wp-json\/wp\/v2\/product\/120208","targetHints":{"allow":["GET"]}}],"collection":[{"href":"https:\/\/sim-usa.mobi\/fr\/wp-json\/wp\/v2\/product"}],"about":[{"href":"https:\/\/sim-usa.mobi\/fr\/wp-json\/wp\/v2\/types\/product"}],"wp:featuredmedia":[{"embeddable":true,"href":"https:\/\/sim-usa.mobi\/fr\/wp-json\/wp\/v2\/media\/120156"}],"wp:attachment":[{"href":"https:\/\/sim-usa.mobi\/fr\/wp-json\/wp\/v2\/media?parent=120208"}],"wp:term":[{"taxonomy":"product_brand","embeddable":true,"href":"https:\/\/sim-usa.mobi\/fr\/wp-json\/wp\/v2\/product_brand?post=120208"},{"taxonomy":"product_cat","embeddable":true,"href":"https:\/\/sim-usa.mobi\/fr\/wp-json\/wp\/v2\/product_cat?post=120208"},{"taxonomy":"product_tag","embeddable":true,"href":"https:\/\/sim-usa.mobi\/fr\/wp-json\/wp\/v2\/product_tag?post=120208"},{"taxonomy":"attribute_description","embeddable":true,"href":"https:\/\/sim-usa.mobi\/fr\/wp-json\/wp\/v2\/attribute_description?post=120208"}],"curies":[{"name":"wp","href":"https:\/\/api.w.org\/{rel}","templated":true}]}}