{"id":120229,"date":"2024-01-24T12:50:21","date_gmt":"2024-01-24T11:51:08","guid":{"rendered":"https:\/\/sim-usa.mobi\/product\/t-mobile-hotspot-5g-jextream-rg2100\/"},"modified":"2025-05-05T08:57:19","modified_gmt":"2025-05-05T06:57:19","slug":"t-mobile-hotspot-5g-jextream-rg2100","status":"publish","type":"product","link":"https:\/\/sim-usa.mobi\/fr\/produit\/t-mobile-hotspot-5g-jextream-rg2100\/","title":{"rendered":"T-Mobile Hotspot 5G JEXtream RG2100"},"content":{"rendered":"<ul>\n<li>Routeur Hotspot JEXtream RG2100 (Reconditionn\u00e9)<\/li>\n<li>Connectivit\u00e9 pour jusqu&#8217;\u00e0 20 appareils<\/li>\n<li>Technologie WiFi 6 (802.11ax) Dual Band 2.4GHz &amp; 5GHz<\/li>\n<li>R\u00e9seau pris en charge : T-Mobile<\/li>\n<li>Bandes 5G sub-6GHz : n25, n41, n66, n71, n77<\/li>\n<li>Bandes LTE : 2, 5, 12, 25, 26, 41, 48, 66, 71<\/li>\n<li>Agr\u00e9gation LTE : Oui, 5x<\/li>\n<li>Prise en charge MIMO : 4&#215;4 interne<\/li>\n<li>La fonction &#8220;Power-Bank&#8221; permet de recharger des appareils externes<\/li>\n<li>\u00c9cran couleur TFT de 2,4 pouces<\/li>\n<li>Gestion \u00e0 distance avec fonctions de s\u00e9curit\u00e9<\/li>\n<li>Batterie Li-Polymer rechargeable de 5 000 mAh<\/li>\n<li>Dimensions : 13 x 8,4 x 1,88 cm<\/li>\n<li>Poids : 309g<\/li>\n<\/ul>\n<p>Appareil seul. Sans carte sim. Vous devez acheter un forfait data uniquement. D\u00e9couvrez notre offre pr\u00e9pay\u00e9e <span style=\"text-decoration: underline;\"><a href=\"https:\/\/sim-usa.mobi\/fr\/produit\/100-data-tablettes-routeurs\/\">100% Data<\/a><\/span><\/p>\n","protected":false},"excerpt":{"rendered":"<p>Routeur Hotspot JEXtream RG2100 (Reconditionn\u00e9) Connectivit\u00e9 pour jusqu&#8217;\u00e0 20 appareils Technologie WiFi 6 (802.11ax) Dual Band 2.4GHz &amp; 5GHz R\u00e9seau pris en charge : T-Mobile Bandes 5G sub-6GHz : n25, n41, n66, n71, n77 Bandes LTE : 2, 5, 12, 25, 26, 41, 48, 66, 71 Agr\u00e9gation LTE : Oui, 5x Prise en charge MIMO [&hellip;]<\/p>\n","protected":false},"featured_media":120156,"template":"","meta":{"site-sidebar-layout":"default","site-content-layout":"","ast-site-content-layout":"default","site-content-style":"default","site-sidebar-style":"default","ast-global-header-display":"","ast-banner-title-visibility":"","ast-main-header-display":"","ast-hfb-above-header-display":"","ast-hfb-below-header-display":"","ast-hfb-mobile-header-display":"","site-post-title":"","ast-breadcrumbs-content":"","ast-featured-img":"","footer-sml-layout":"","ast-disable-related-posts":"","theme-transparent-header-meta":"default","adv-header-id-meta":"","stick-header-meta":"","header-above-stick-meta":"","header-main-stick-meta":"","header-below-stick-meta":"","astra-migrate-meta-layouts":"set","ast-page-background-enabled":"default","ast-page-background-meta":{"desktop":{"background-color":"","background-image":"","background-repeat":"repeat","background-position":"center center","background-size":"auto","background-attachment":"scroll","background-type":"","background-media":"","overlay-type":"","overlay-color":"","overlay-opacity":"","overlay-gradient":""},"tablet":{"background-color":"","background-image":"","background-repeat":"repeat","background-position":"center center","background-size":"auto","background-attachment":"scroll","background-type":"","background-media":"","overlay-type":"","overlay-color":"","overlay-opacity":"","overlay-gradient":""},"mobile":{"background-color":"","background-image":"","background-repeat":"repeat","background-position":"center center","background-size":"auto","background-attachment":"scroll","background-type":"","background-media":"","overlay-type":"","overlay-color":"","overlay-opacity":"","overlay-gradient":""}},"ast-content-background-meta":{"desktop":{"background-color":"var(--ast-global-color-5)","background-image":"","background-repeat":"repeat","background-position":"center center","background-size":"auto","background-attachment":"scroll","background-type":"","background-media":"","overlay-type":"","overlay-color":"","overlay-opacity":"","overlay-gradient":""},"tablet":{"background-color":"var(--ast-global-color-5)","background-image":"","background-repeat":"repeat","background-position":"center center","background-size":"auto","background-attachment":"scroll","background-type":"","background-media":"","overlay-type":"","overlay-color":"","overlay-opacity":"","overlay-gradient":""},"mobile":{"background-color":"var(--ast-global-color-5)","background-image":"","background-repeat":"repeat","background-position":"center center","background-size":"auto","background-attachment":"scroll","background-type":"","background-media":"","overlay-type":"","overlay-color":"","overlay-opacity":"","overlay-gradient":""}}},"product_brand":[],"product_cat":[76],"product_tag":[],"attribute_description":[],"class_list":{"0":"post-120229","1":"product","2":"type-product","3":"status-publish","4":"has-post-thumbnail","6":"product_cat-routeurs","7":"desktop-align-left","8":"tablet-align-left","9":"mobile-align-left","11":"first","12":"instock","13":"taxable","14":"shipping-taxable","15":"purchasable","16":"product-type-simple"},"group_of_quantity":0,"min_quantity":0,"max_quantity":"","exclude_order_quantity_value_rules":"no","exclude_category_quantity_rules":"no","combine_variations":"no","exclude_global_add_ons":[],"addons":[],"aioseo_notices":[],"_links":{"self":[{"href":"https:\/\/sim-usa.mobi\/fr\/wp-json\/wp\/v2\/product\/120229","targetHints":{"allow":["GET"]}}],"collection":[{"href":"https:\/\/sim-usa.mobi\/fr\/wp-json\/wp\/v2\/product"}],"about":[{"href":"https:\/\/sim-usa.mobi\/fr\/wp-json\/wp\/v2\/types\/product"}],"wp:featuredmedia":[{"embeddable":true,"href":"https:\/\/sim-usa.mobi\/fr\/wp-json\/wp\/v2\/media\/120156"}],"wp:attachment":[{"href":"https:\/\/sim-usa.mobi\/fr\/wp-json\/wp\/v2\/media?parent=120229"}],"wp:term":[{"taxonomy":"product_brand","embeddable":true,"href":"https:\/\/sim-usa.mobi\/fr\/wp-json\/wp\/v2\/product_brand?post=120229"},{"taxonomy":"product_cat","embeddable":true,"href":"https:\/\/sim-usa.mobi\/fr\/wp-json\/wp\/v2\/product_cat?post=120229"},{"taxonomy":"product_tag","embeddable":true,"href":"https:\/\/sim-usa.mobi\/fr\/wp-json\/wp\/v2\/product_tag?post=120229"},{"taxonomy":"attribute_description","embeddable":true,"href":"https:\/\/sim-usa.mobi\/fr\/wp-json\/wp\/v2\/attribute_description?post=120229"}],"curies":[{"name":"wp","href":"https:\/\/api.w.org\/{rel}","templated":true}]}}