{"id":121714,"date":"2023-01-03T11:50:56","date_gmt":"2023-01-03T10:50:56","guid":{"rendered":"https:\/\/sim-usa.mobi\/product\/t-mobile-usa-petit-30-jours\/"},"modified":"2026-03-16T13:37:57","modified_gmt":"2026-03-16T12:37:57","slug":"t-mobile-usa-petit-30-jours","status":"publish","type":"product","link":"https:\/\/sim-usa.mobi\/fr\/produit\/t-mobile-usa-petit-30-jours\/","title":{"rendered":"T-Mobile USA Petit &#8211; 30 Jours"},"content":{"rendered":"<ul>\n<li>R\u00e9seau T-Mobile<\/li>\n<li>Appels &amp; sms illimit\u00e9s \u00e0 l\u2019int\u00e9rieur des \u00c9tats-Unis.<\/li>\n<li>Conservez votre num\u00e9ro actuel pour vos apps sociales comme WhatsApp. Vous obtenez en plus un vrai num\u00e9ro am\u00e9ricain pour les appels locaux importants et les sms de confirmation.<\/li>\n<li>De 5 Go \u00e0 12 Go de data jusqu&#8217;\u00e0 la vitesse 5G aux USA.<\/li>\n<li>Partage de connexion autoris\u00e9.<\/li>\n<li>Carte sim universelle \u00e0 triple coupe ou eSIM.<\/li>\n<li>Valide 30 jours apr\u00e8s l&#8217;activation. Vous pouvez programmer l\u2019activation \u00e0 r\u00e9ception de la carte sim.<\/li>\n<li><a title=\"Recharges\" href=\"https:\/\/sim-usa.mobi\/fr\/categorie-produit\/recharges\/\"><span style=\"text-decoration: underline;\">Les recharges<\/span><\/a> sont disponibles pour prolonger la validit\u00e9.<\/li>\n<\/ul>\n<p>*<span style=\"text-decoration: underline;\"><a title=\"T-Mobile International Calling - Liste des pays\" href=\"https:\/\/sim-usa.mobi\/fr\/t-mobile-appels-internationaux-liste-des-pays\/\">Appels internationaux directs<\/a><\/span>: Vous permet de passer des appels sms illimit\u00e9s directs dans le monde entier vers de vrais num\u00e9ros (aucune application sociale requise).<\/p>\n","protected":false},"excerpt":{"rendered":"<p>Con\u00e7ue pour rester connect\u00e9 sans stress \u00e0 faible co\u00fbt, nous utilisons l\u2019op\u00e9rateur T-Mobile jusqu\u2019\u00e0 12 Go (option au choix) de data. Une couverture r\u00e9seau de qualit\u00e9 pour appeler ou envoyer vos SMS et MMS lors de tous vos d\u00e9placements aux Etats-Unis.<br \/>\nDes restrictions s&#8217;appliquent. Veuillez lire les onglets &#8220;Ce qui est inclus&#8221; et &#8220;Ce qui n&#8217;est pas inclus&#8221;.<\/p>\n","protected":false},"featured_media":127955,"template":"","meta":{"site-sidebar-layout":"default","site-content-layout":"default","ast-site-content-layout":"default","site-content-style":"default","site-sidebar-style":"default","ast-global-header-display":"","ast-banner-title-visibility":"","ast-main-header-display":"","ast-hfb-above-header-display":"","ast-hfb-below-header-display":"","ast-hfb-mobile-header-display":"","site-post-title":"","ast-breadcrumbs-content":"","ast-featured-img":"","footer-sml-layout":"","ast-disable-related-posts":"","theme-transparent-header-meta":"default","adv-header-id-meta":"","stick-header-meta":"","header-above-stick-meta":"","header-main-stick-meta":"","header-below-stick-meta":"","astra-migrate-meta-layouts":"set","ast-page-background-enabled":"default","ast-page-background-meta":{"desktop":{"background-color":"","background-image":"","background-repeat":"repeat","background-position":"center center","background-size":"auto","background-attachment":"scroll","background-type":"","background-media":"","overlay-type":"","overlay-color":"","overlay-opacity":"","overlay-gradient":""},"tablet":{"background-color":"","background-image":"","background-repeat":"repeat","background-position":"center center","background-size":"auto","background-attachment":"scroll","background-type":"","background-media":"","overlay-type":"","overlay-color":"","overlay-opacity":"","overlay-gradient":""},"mobile":{"background-color":"","background-image":"","background-repeat":"repeat","background-position":"center center","background-size":"auto","background-attachment":"scroll","background-type":"","background-media":"","overlay-type":"","overlay-color":"","overlay-opacity":"","overlay-gradient":""}},"ast-content-background-meta":{"desktop":{"background-color":"var(--ast-global-color-5)","background-image":"","background-repeat":"repeat","background-position":"center center","background-size":"auto","background-attachment":"scroll","background-type":"","background-media":"","overlay-type":"","overlay-color":"","overlay-opacity":"","overlay-gradient":""},"tablet":{"background-color":"var(--ast-global-color-5)","background-image":"","background-repeat":"repeat","background-position":"center center","background-size":"auto","background-attachment":"scroll","background-type":"","background-media":"","overlay-type":"","overlay-color":"","overlay-opacity":"","overlay-gradient":""},"mobile":{"background-color":"var(--ast-global-color-5)","background-image":"","background-repeat":"repeat","background-position":"center center","background-size":"auto","background-attachment":"scroll","background-type":"","background-media":"","overlay-type":"","overlay-color":"","overlay-opacity":"","overlay-gradient":""}}},"product_brand":[],"product_cat":[73],"product_tag":[101],"attribute_description":[],"class_list":{"0":"post-121714","1":"product","2":"type-product","3":"status-publish","4":"has-post-thumbnail","6":"product_cat-forfaits","7":"product_tag-t-mobile-fr","8":"desktop-align-left","9":"tablet-align-left","10":"mobile-align-left","12":"first","13":"instock","14":"taxable","15":"shipping-taxable","16":"purchasable","17":"product-type-variable"},"group_of_quantity":0,"min_quantity":0,"max_quantity":"","exclude_order_quantity_value_rules":"no","exclude_category_quantity_rules":"no","combine_variations":"no","exclude_global_add_ons":[],"addons":[],"aioseo_notices":[],"_links":{"self":[{"href":"https:\/\/sim-usa.mobi\/fr\/wp-json\/wp\/v2\/product\/121714","targetHints":{"allow":["GET"]}}],"collection":[{"href":"https:\/\/sim-usa.mobi\/fr\/wp-json\/wp\/v2\/product"}],"about":[{"href":"https:\/\/sim-usa.mobi\/fr\/wp-json\/wp\/v2\/types\/product"}],"wp:featuredmedia":[{"embeddable":true,"href":"https:\/\/sim-usa.mobi\/fr\/wp-json\/wp\/v2\/media\/127955"}],"wp:attachment":[{"href":"https:\/\/sim-usa.mobi\/fr\/wp-json\/wp\/v2\/media?parent=121714"}],"wp:term":[{"taxonomy":"product_brand","embeddable":true,"href":"https:\/\/sim-usa.mobi\/fr\/wp-json\/wp\/v2\/product_brand?post=121714"},{"taxonomy":"product_cat","embeddable":true,"href":"https:\/\/sim-usa.mobi\/fr\/wp-json\/wp\/v2\/product_cat?post=121714"},{"taxonomy":"product_tag","embeddable":true,"href":"https:\/\/sim-usa.mobi\/fr\/wp-json\/wp\/v2\/product_tag?post=121714"},{"taxonomy":"attribute_description","embeddable":true,"href":"https:\/\/sim-usa.mobi\/fr\/wp-json\/wp\/v2\/attribute_description?post=121714"}],"curies":[{"name":"wp","href":"https:\/\/api.w.org\/{rel}","templated":true}]}}