{"id":123060,"date":"2021-08-08T17:21:30","date_gmt":"2021-08-08T15:21:30","guid":{"rendered":"https:\/\/sim-usa.mobi\/product\/esim\/"},"modified":"2025-10-30T10:10:52","modified_gmt":"2025-10-30T09:10:52","slug":"esim","status":"publish","type":"product","link":"https:\/\/sim-usa.mobi\/fr\/produit\/esim\/","title":{"rendered":"eSIM"},"content":{"rendered":"<ul>\n<li>Pour les <span style=\"text-decoration: underline;\"><a href=\"https:\/\/sim-usa.mobi\/fr\/esim-smartphones-compatible\/\">smartphones eSIM compatibles<\/a><\/span> uniquement.<\/li>\n<li>R\u00e9seau T-Mobile ou AT&amp;T. <span style=\"text-decoration: underline;\"><a href=\"https:\/\/sim-usa.mobi\/fr\/choix-du-reseau-t-mobile-att\/\">Comment choisir ?<\/a><\/span><\/li>\n<li>Appels &amp; sms illimit\u00e9s \u00e0 l&#8217;int\u00e9rieur des \u00c9tats-Unis, Canada et Mexique.<\/li>\n<li>Vos apps. WhatsApp, Facebook messenger, Skype, etc. comme d&#8217;habitude. Votre num\u00e9ro est conserv\u00e9. Vous obtenez en plus un vrai num\u00e9ro am\u00e9ricain pour les appels locaux importants et les sms de confirmation.<\/li>\n<li>Donn\u00e9es Internet illimit\u00e9es jusqu&#8217;\u00e0 la vitesse 5G aux \u00c9tats-Unis.<\/li>\n<li>Donn\u00e9es Internet illimit\u00e9es jusqu&#8217;\u00e0 la vitesse 5G au Canada et au Mexique. (vitesse r\u00e9duite apr\u00e8s 25 Go avec AT&amp;T et 5 Go avec T-Mobile).<\/li>\n<li>Partage de connexion autoris\u00e9 avec une vitesse plus lente pour les appareils connect\u00e9s.<\/li>\n<li>Le QR code est envoy\u00e9 par e-mail une fois l&#8217;eSIM activ\u00e9e. Si votre smartphone est compatible, l&#8217;eSIM sera envoy\u00e9e directement via une notification sur votre smartphone, aucun QR Code n\u00e9cessaire.<\/li>\n<li><a title=\"Recharges\" href=\"https:\/\/sim-usa.mobi\/fr\/categorie-produit\/recharges\/\"><span style=\"text-decoration: underline;\">Les recharges<\/span><\/a> sont disponibles pour prolonger la validit\u00e9.<\/li>\n<\/ul>\n<p><i class=\"fa-solid fa-triangle-exclamation\"><\/i> Assurez-vous d&#8217;avoir un <a href=\"https:\/\/sim-usa.mobi\/fr\/esim-smartphones-compatible\/\"><span style=\"text-decoration: underline;\">smartphone compatible<\/span><\/a>.<\/p>\n<p>*<span style=\"text-decoration: underline;\"><a href=\"#tm-intl-calling\">Appels internationaux directs<\/a><\/span>: Vous permet de passer des appels sms illimit\u00e9s directs dans le monde entier vers de vrais num\u00e9ros (aucune application sociale requise).<\/p>\n","protected":false},"excerpt":{"rendered":"<p>Voyagez en toute tranquillit\u00e9 avec notre eSIM pour les USA. La solution id\u00e9ale pour une connexion sans carte physique. Que vous visitiez New York, Miami ou Los Angeles, notre eSIM internationale vous assure une connexion fiable et rapide.<\/p>\n<p>Vous cherchez un forfait mobile haut d\u00e9bit sans carte physique, avec appels illimit\u00e9s vers les fixes et mobiles\u2009? Optez pour notre eSIM USA, compatible avec les meilleurs r\u00e9seaux tels que T-Mobile et ATT.<\/p>\n<p>Des restrictions s&#8217;appliquent. Veuillez lire l&#8217;onglet &#8220;Description&#8221;.<\/p>\n","protected":false},"featured_media":127951,"template":"","meta":{"site-sidebar-layout":"default","site-content-layout":"default","ast-site-content-layout":"default","site-content-style":"default","site-sidebar-style":"default","ast-global-header-display":"","ast-banner-title-visibility":"","ast-main-header-display":"","ast-hfb-above-header-display":"","ast-hfb-below-header-display":"","ast-hfb-mobile-header-display":"","site-post-title":"","ast-breadcrumbs-content":"","ast-featured-img":"","footer-sml-layout":"","ast-disable-related-posts":"","theme-transparent-header-meta":"default","adv-header-id-meta":"","stick-header-meta":"","header-above-stick-meta":"","header-main-stick-meta":"","header-below-stick-meta":"","astra-migrate-meta-layouts":"set","ast-page-background-enabled":"default","ast-page-background-meta":{"desktop":{"background-color":"","background-image":"","background-repeat":"repeat","background-position":"center center","background-size":"auto","background-attachment":"scroll","background-type":"","background-media":"","overlay-type":"","overlay-color":"","overlay-opacity":"","overlay-gradient":""},"tablet":{"background-color":"","background-image":"","background-repeat":"repeat","background-position":"center center","background-size":"auto","background-attachment":"scroll","background-type":"","background-media":"","overlay-type":"","overlay-color":"","overlay-opacity":"","overlay-gradient":""},"mobile":{"background-color":"","background-image":"","background-repeat":"repeat","background-position":"center center","background-size":"auto","background-attachment":"scroll","background-type":"","background-media":"","overlay-type":"","overlay-color":"","overlay-opacity":"","overlay-gradient":""}},"ast-content-background-meta":{"desktop":{"background-color":"var(--ast-global-color-5)","background-image":"","background-repeat":"repeat","background-position":"center center","background-size":"auto","background-attachment":"scroll","background-type":"","background-media":"","overlay-type":"","overlay-color":"","overlay-opacity":"","overlay-gradient":""},"tablet":{"background-color":"var(--ast-global-color-5)","background-image":"","background-repeat":"repeat","background-position":"center center","background-size":"auto","background-attachment":"scroll","background-type":"","background-media":"","overlay-type":"","overlay-color":"","overlay-opacity":"","overlay-gradient":""},"mobile":{"background-color":"var(--ast-global-color-5)","background-image":"","background-repeat":"repeat","background-position":"center center","background-size":"auto","background-attachment":"scroll","background-type":"","background-media":"","overlay-type":"","overlay-color":"","overlay-opacity":"","overlay-gradient":""}}},"product_brand":[],"product_cat":[77,180],"product_tag":[97,156],"attribute_description":[],"class_list":{"0":"post-123060","1":"product","2":"type-product","3":"status-publish","4":"has-post-thumbnail","6":"product_cat-esim-fr","7":"product_cat-illimite","8":"product_tag-esim-fr","9":"product_tag-esim-illimitee","10":"desktop-align-left","11":"tablet-align-left","12":"mobile-align-left","14":"first","15":"instock","16":"sold-individually","17":"taxable","18":"shipping-taxable","19":"purchasable","20":"product-type-variable","21":"has-default-attributes"},"group_of_quantity":0,"min_quantity":0,"max_quantity":"","exclude_order_quantity_value_rules":"no","exclude_category_quantity_rules":"no","combine_variations":"no","exclude_global_add_ons":[],"addons":[],"aioseo_notices":[],"_links":{"self":[{"href":"https:\/\/sim-usa.mobi\/fr\/wp-json\/wp\/v2\/product\/123060","targetHints":{"allow":["GET"]}}],"collection":[{"href":"https:\/\/sim-usa.mobi\/fr\/wp-json\/wp\/v2\/product"}],"about":[{"href":"https:\/\/sim-usa.mobi\/fr\/wp-json\/wp\/v2\/types\/product"}],"wp:featuredmedia":[{"embeddable":true,"href":"https:\/\/sim-usa.mobi\/fr\/wp-json\/wp\/v2\/media\/127951"}],"wp:attachment":[{"href":"https:\/\/sim-usa.mobi\/fr\/wp-json\/wp\/v2\/media?parent=123060"}],"wp:term":[{"taxonomy":"product_brand","embeddable":true,"href":"https:\/\/sim-usa.mobi\/fr\/wp-json\/wp\/v2\/product_brand?post=123060"},{"taxonomy":"product_cat","embeddable":true,"href":"https:\/\/sim-usa.mobi\/fr\/wp-json\/wp\/v2\/product_cat?post=123060"},{"taxonomy":"product_tag","embeddable":true,"href":"https:\/\/sim-usa.mobi\/fr\/wp-json\/wp\/v2\/product_tag?post=123060"},{"taxonomy":"attribute_description","embeddable":true,"href":"https:\/\/sim-usa.mobi\/fr\/wp-json\/wp\/v2\/attribute_description?post=123060"}],"curies":[{"name":"wp","href":"https:\/\/api.w.org\/{rel}","templated":true}]}}