{"id":130119,"date":"2024-10-06T11:27:47","date_gmt":"2024-10-06T15:04:24","guid":{"rendered":"https:\/\/sim-usa.mobi\/?post_type=product&#038;p=130119"},"modified":"2024-10-11T19:37:19","modified_gmt":"2024-10-11T17:37:19","slug":"esim-caraibes","status":"publish","type":"product","link":"https:\/\/sim-usa.mobi\/fr\/produit\/esim-caraibes\/","title":{"rendered":"eSIM Cara\u00efbes"},"content":{"rendered":"<ul>\n<li>eSIM pour smartphones compatibles uniquement.<\/li>\n<li>Donn\u00e9es uniquement de 3 Go \u00e0 20 Go jusqu&#8217;\u00e0 la vitesse 5G.<\/li>\n<li>Valable jusqu&#8217;\u00e0 30 jours \u00e0 compter de la premi\u00e8re connexion dans le pays de destination.<\/li>\n<li>9 pays dans les \u00eeles Cara\u00efbes (<a href=\"#caraibes-liste-pays\"><span style=\"text-decoration: underline;\">liste ci-dessous<\/span><\/a>).<\/li>\n<li>\u00c9tats-Unis, Canada et Mexique inclus.<\/li>\n<li>Conservez votre num\u00e9ro actuel dans vos applications sociales telles que WhatsApp.<\/li>\n<li>Partage de connexion autoris\u00e9.<\/li>\n<li>Peut \u00eatre recharg\u00e9e.<\/li>\n<\/ul>\n","protected":false},"excerpt":{"rendered":"<p>Internet dans les \u00eeles Cara\u00efbes dans 9 pays diff\u00e9rents jusqu&#8217;\u00e0 20 Go pendant 30 jours (option de votre choix). Internet \u00e9galement inclus aux \u00c9tats-Unis, Canada &amp; Mexique.<br \/>\nDes restrictions s&#8217;appliquent. Veuillez lire les onglets &#8220;Ce qui est inclus&#8221; et &#8220;Ce qui n&#8217;est pas inclus&#8221;.<\/p>\n","protected":false},"featured_media":130165,"template":"","meta":{"site-sidebar-layout":"default","site-content-layout":"default","ast-site-content-layout":"default","site-content-style":"default","site-sidebar-style":"default","ast-global-header-display":"","ast-banner-title-visibility":"","ast-main-header-display":"","ast-hfb-above-header-display":"","ast-hfb-below-header-display":"","ast-hfb-mobile-header-display":"","site-post-title":"","ast-breadcrumbs-content":"","ast-featured-img":"","footer-sml-layout":"","ast-disable-related-posts":"","theme-transparent-header-meta":"default","adv-header-id-meta":"","stick-header-meta":"","header-above-stick-meta":"","header-main-stick-meta":"","header-below-stick-meta":"","astra-migrate-meta-layouts":"set","ast-page-background-enabled":"default","ast-page-background-meta":{"desktop":{"background-color":"","background-image":"","background-repeat":"repeat","background-position":"center center","background-size":"auto","background-attachment":"scroll","background-type":"","background-media":"","overlay-type":"","overlay-color":"","overlay-opacity":"","overlay-gradient":""},"tablet":{"background-color":"","background-image":"","background-repeat":"repeat","background-position":"center center","background-size":"auto","background-attachment":"scroll","background-type":"","background-media":"","overlay-type":"","overlay-color":"","overlay-opacity":"","overlay-gradient":""},"mobile":{"background-color":"","background-image":"","background-repeat":"repeat","background-position":"center center","background-size":"auto","background-attachment":"scroll","background-type":"","background-media":"","overlay-type":"","overlay-color":"","overlay-opacity":"","overlay-gradient":""}},"ast-content-background-meta":{"desktop":{"background-color":"var(--ast-global-color-5)","background-image":"","background-repeat":"repeat","background-position":"center center","background-size":"auto","background-attachment":"scroll","background-type":"","background-media":"","overlay-type":"","overlay-color":"","overlay-opacity":"","overlay-gradient":""},"tablet":{"background-color":"var(--ast-global-color-5)","background-image":"","background-repeat":"repeat","background-position":"center center","background-size":"auto","background-attachment":"scroll","background-type":"","background-media":"","overlay-type":"","overlay-color":"","overlay-opacity":"","overlay-gradient":""},"mobile":{"background-color":"var(--ast-global-color-5)","background-image":"","background-repeat":"repeat","background-position":"center center","background-size":"auto","background-attachment":"scroll","background-type":"","background-media":"","overlay-type":"","overlay-color":"","overlay-opacity":"","overlay-gradient":""}}},"product_brand":[],"product_cat":[210,77],"product_tag":[101],"attribute_description":[],"class_list":{"0":"post-130119","1":"product","2":"type-product","3":"status-publish","4":"has-post-thumbnail","6":"product_cat-arl-fr","7":"product_cat-esim-fr","8":"product_tag-t-mobile-fr","9":"desktop-align-left","10":"tablet-align-left","11":"mobile-align-left","13":"first","14":"instock","15":"taxable","16":"shipping-taxable","17":"purchasable","18":"product-type-variable","19":"has-default-attributes"},"group_of_quantity":0,"min_quantity":0,"max_quantity":"","exclude_order_quantity_value_rules":"no","exclude_category_quantity_rules":"no","combine_variations":"no","exclude_global_add_ons":[],"addons":[],"aioseo_notices":[],"_links":{"self":[{"href":"https:\/\/sim-usa.mobi\/fr\/wp-json\/wp\/v2\/product\/130119","targetHints":{"allow":["GET"]}}],"collection":[{"href":"https:\/\/sim-usa.mobi\/fr\/wp-json\/wp\/v2\/product"}],"about":[{"href":"https:\/\/sim-usa.mobi\/fr\/wp-json\/wp\/v2\/types\/product"}],"wp:featuredmedia":[{"embeddable":true,"href":"https:\/\/sim-usa.mobi\/fr\/wp-json\/wp\/v2\/media\/130165"}],"wp:attachment":[{"href":"https:\/\/sim-usa.mobi\/fr\/wp-json\/wp\/v2\/media?parent=130119"}],"wp:term":[{"taxonomy":"product_brand","embeddable":true,"href":"https:\/\/sim-usa.mobi\/fr\/wp-json\/wp\/v2\/product_brand?post=130119"},{"taxonomy":"product_cat","embeddable":true,"href":"https:\/\/sim-usa.mobi\/fr\/wp-json\/wp\/v2\/product_cat?post=130119"},{"taxonomy":"product_tag","embeddable":true,"href":"https:\/\/sim-usa.mobi\/fr\/wp-json\/wp\/v2\/product_tag?post=130119"},{"taxonomy":"attribute_description","embeddable":true,"href":"https:\/\/sim-usa.mobi\/fr\/wp-json\/wp\/v2\/attribute_description?post=130119"}],"curies":[{"name":"wp","href":"https:\/\/api.w.org\/{rel}","templated":true}]}}