{"id":131805,"date":"2025-01-03T09:31:38","date_gmt":"2025-01-03T08:31:38","guid":{"rendered":"https:\/\/sim-usa.mobi\/product\/t-mobile-data-uniquement-30-jours\/"},"modified":"2025-08-28T17:23:58","modified_gmt":"2025-08-28T15:23:58","slug":"t-mobile-data-uniquement-30-jours","status":"publish","type":"product","link":"https:\/\/sim-usa.mobi\/fr\/produit\/t-mobile-data-uniquement-30-jours\/","title":{"rendered":"T-Mobile Data uniquement &#8211; 30 jours"},"content":{"rendered":"<ul>\n<li>R\u00e9seau T-Mobile<\/li>\n<li>Conservez votre num\u00e9ro actuel pour vos apps sociales comme WhatsApp.<\/li>\n<li>De 2 Go \u00e0 30 Go de donn\u00e9es jusqu&#8217;\u00e0 la vitesse 5G aux USA et jusqu&#8217;\u00e0 5 Go au Canada &amp; Mexique.<\/li>\n<li>Partage de connexion autoris\u00e9.<\/li>\n<li>Carte sim universelle \u00e0 triple coupe ou eSIM.<\/li>\n<li>Valide 30 jours apr\u00e8s l&#8217;activation. Vous pouvez programmer l\u2019activation \u00e0 r\u00e9ception de la carte sim.<\/li>\n<li><a title=\"Recharges\" href=\"https:\/\/sim-usa.mobi\/fr\/categorie-produit\/recharges\/\"><span style=\"text-decoration: underline;\">Les recharges<\/span><\/a> sont disponibles pour prolonger la validit\u00e9.<\/li>\n<\/ul>\n","protected":false},"excerpt":{"rendered":"<p>R\u00e9seau T-Mobile Conservez votre num\u00e9ro actuel pour vos apps sociales comme WhatsApp. De 2 Go \u00e0 30 Go de donn\u00e9es jusqu&#8217;\u00e0 la vitesse 5G aux USA et jusqu&#8217;\u00e0 5 Go au Canada &amp; Mexique. Partage de connexion autoris\u00e9. Carte sim universelle \u00e0 triple coupe ou eSIM. Valide 30 jours apr\u00e8s l&#8217;activation. Vous pouvez programmer l\u2019activation [&hellip;]<\/p>\n","protected":false},"featured_media":127955,"template":"","meta":{"site-sidebar-layout":"default","site-content-layout":"","ast-site-content-layout":"default","site-content-style":"default","site-sidebar-style":"default","ast-global-header-display":"","ast-banner-title-visibility":"","ast-main-header-display":"","ast-hfb-above-header-display":"","ast-hfb-below-header-display":"","ast-hfb-mobile-header-display":"","site-post-title":"","ast-breadcrumbs-content":"","ast-featured-img":"","footer-sml-layout":"","ast-disable-related-posts":"","theme-transparent-header-meta":"default","adv-header-id-meta":"","stick-header-meta":"","header-above-stick-meta":"","header-main-stick-meta":"","header-below-stick-meta":"","astra-migrate-meta-layouts":"set","ast-page-background-enabled":"default","ast-page-background-meta":{"desktop":{"background-color":"","background-image":"","background-repeat":"repeat","background-position":"center center","background-size":"auto","background-attachment":"scroll","background-type":"","background-media":"","overlay-type":"","overlay-color":"","overlay-opacity":"","overlay-gradient":""},"tablet":{"background-color":"","background-image":"","background-repeat":"repeat","background-position":"center center","background-size":"auto","background-attachment":"scroll","background-type":"","background-media":"","overlay-type":"","overlay-color":"","overlay-opacity":"","overlay-gradient":""},"mobile":{"background-color":"","background-image":"","background-repeat":"repeat","background-position":"center center","background-size":"auto","background-attachment":"scroll","background-type":"","background-media":"","overlay-type":"","overlay-color":"","overlay-opacity":"","overlay-gradient":""}},"ast-content-background-meta":{"desktop":{"background-color":"var(--ast-global-color-5)","background-image":"","background-repeat":"repeat","background-position":"center center","background-size":"auto","background-attachment":"scroll","background-type":"","background-media":"","overlay-type":"","overlay-color":"","overlay-opacity":"","overlay-gradient":""},"tablet":{"background-color":"var(--ast-global-color-5)","background-image":"","background-repeat":"repeat","background-position":"center center","background-size":"auto","background-attachment":"scroll","background-type":"","background-media":"","overlay-type":"","overlay-color":"","overlay-opacity":"","overlay-gradient":""},"mobile":{"background-color":"var(--ast-global-color-5)","background-image":"","background-repeat":"repeat","background-position":"center center","background-size":"auto","background-attachment":"scroll","background-type":"","background-media":"","overlay-type":"","overlay-color":"","overlay-opacity":"","overlay-gradient":""}}},"product_brand":[],"product_cat":[73],"product_tag":[],"attribute_description":[],"class_list":{"0":"post-131805","1":"product","2":"type-product","3":"status-publish","4":"has-post-thumbnail","6":"product_cat-forfaits","7":"desktop-align-left","8":"tablet-align-left","9":"mobile-align-left","11":"first","12":"instock","13":"taxable","14":"shipping-taxable","15":"purchasable","16":"product-type-variable"},"group_of_quantity":0,"min_quantity":0,"max_quantity":"","exclude_order_quantity_value_rules":"no","exclude_category_quantity_rules":"no","combine_variations":"no","exclude_global_add_ons":[],"addons":[],"aioseo_notices":[],"_links":{"self":[{"href":"https:\/\/sim-usa.mobi\/fr\/wp-json\/wp\/v2\/product\/131805","targetHints":{"allow":["GET"]}}],"collection":[{"href":"https:\/\/sim-usa.mobi\/fr\/wp-json\/wp\/v2\/product"}],"about":[{"href":"https:\/\/sim-usa.mobi\/fr\/wp-json\/wp\/v2\/types\/product"}],"wp:featuredmedia":[{"embeddable":true,"href":"https:\/\/sim-usa.mobi\/fr\/wp-json\/wp\/v2\/media\/127955"}],"wp:attachment":[{"href":"https:\/\/sim-usa.mobi\/fr\/wp-json\/wp\/v2\/media?parent=131805"}],"wp:term":[{"taxonomy":"product_brand","embeddable":true,"href":"https:\/\/sim-usa.mobi\/fr\/wp-json\/wp\/v2\/product_brand?post=131805"},{"taxonomy":"product_cat","embeddable":true,"href":"https:\/\/sim-usa.mobi\/fr\/wp-json\/wp\/v2\/product_cat?post=131805"},{"taxonomy":"product_tag","embeddable":true,"href":"https:\/\/sim-usa.mobi\/fr\/wp-json\/wp\/v2\/product_tag?post=131805"},{"taxonomy":"attribute_description","embeddable":true,"href":"https:\/\/sim-usa.mobi\/fr\/wp-json\/wp\/v2\/attribute_description?post=131805"}],"curies":[{"name":"wp","href":"https:\/\/api.w.org\/{rel}","templated":true}]}}