{"id":70207,"date":"2021-08-09T09:13:36","date_gmt":"2021-08-11T13:03:11","guid":{"rendered":"https:\/\/sim-usa.mobi\/product\/t-mobile-recharge\/"},"modified":"2022-05-14T08:00:25","modified_gmt":"2022-05-14T06:00:25","slug":"t-mobile-recharge","status":"publish","type":"product","link":"https:\/\/sim-usa.mobi\/fr\/produit\/t-mobile-recharge\/","title":{"rendered":"T-Mobile Recharge"},"content":{"rendered":"<p>Nous vous conseillons de commander la recharge au minimum 48 heures avant l\u2019expiration de votre forfait. Nous appliquons la recharge dans un d\u00e9lai de 24 heures maximum.<\/p>\n<p><i class=\"fa-solid fa-triangle-exclamation\"><\/i> Votre forfait ne doit pas avoir expir\u00e9.<\/p>\n","protected":false},"excerpt":{"rendered":"<ul>\n<li>Recharge. Vous pouvez renouveler votre forfait pour 7, 14 ou 30 jours.<\/li>\n<li>Votre forfait ne doit pas avoir expir\u00e9.<\/li>\n<\/ul>\n","protected":false},"featured_media":69905,"template":"","meta":{"site-sidebar-layout":"default","site-content-layout":"default","ast-site-content-layout":"default","site-content-style":"default","site-sidebar-style":"default","ast-global-header-display":"","ast-banner-title-visibility":"","ast-main-header-display":"","ast-hfb-above-header-display":"","ast-hfb-below-header-display":"","ast-hfb-mobile-header-display":"","site-post-title":"","ast-breadcrumbs-content":"","ast-featured-img":"","footer-sml-layout":"","ast-disable-related-posts":"","theme-transparent-header-meta":"default","adv-header-id-meta":"","stick-header-meta":"","header-above-stick-meta":"","header-main-stick-meta":"","header-below-stick-meta":"","astra-migrate-meta-layouts":"default","ast-page-background-enabled":"default","ast-page-background-meta":{"desktop":{"background-color":"","background-image":"","background-repeat":"repeat","background-position":"center center","background-size":"auto","background-attachment":"scroll","background-type":"","background-media":"","overlay-type":"","overlay-color":"","overlay-opacity":"","overlay-gradient":""},"tablet":{"background-color":"","background-image":"","background-repeat":"repeat","background-position":"center center","background-size":"auto","background-attachment":"scroll","background-type":"","background-media":"","overlay-type":"","overlay-color":"","overlay-opacity":"","overlay-gradient":""},"mobile":{"background-color":"","background-image":"","background-repeat":"repeat","background-position":"center center","background-size":"auto","background-attachment":"scroll","background-type":"","background-media":"","overlay-type":"","overlay-color":"","overlay-opacity":"","overlay-gradient":""}},"ast-content-background-meta":{"desktop":{"background-color":"var(--ast-global-color-5)","background-image":"","background-repeat":"repeat","background-position":"center center","background-size":"auto","background-attachment":"scroll","background-type":"","background-media":"","overlay-type":"","overlay-color":"","overlay-opacity":"","overlay-gradient":""},"tablet":{"background-color":"var(--ast-global-color-5)","background-image":"","background-repeat":"repeat","background-position":"center center","background-size":"auto","background-attachment":"scroll","background-type":"","background-media":"","overlay-type":"","overlay-color":"","overlay-opacity":"","overlay-gradient":""},"mobile":{"background-color":"var(--ast-global-color-5)","background-image":"","background-repeat":"repeat","background-position":"center center","background-size":"auto","background-attachment":"scroll","background-type":"","background-media":"","overlay-type":"","overlay-color":"","overlay-opacity":"","overlay-gradient":""}}},"product_brand":[],"product_cat":[67],"product_tag":[101],"attribute_description":[],"class_list":{"0":"post-70207","1":"product","2":"type-product","3":"status-publish","4":"has-post-thumbnail","6":"product_cat-recharges","7":"product_tag-t-mobile-fr","8":"desktop-align-left","9":"tablet-align-left","10":"mobile-align-left","12":"first","13":"instock","14":"taxable","15":"shipping-taxable","16":"purchasable","17":"product-type-variable"},"group_of_quantity":0,"min_quantity":0,"max_quantity":"","exclude_order_quantity_value_rules":"no","exclude_category_quantity_rules":"no","combine_variations":"no","exclude_global_add_ons":false,"addons":[{"name":"Num\u00e9ro de t\u00e9l\u00e9phone","type":"custom_text","position":0,"required":true,"title_format":"heading","default":"","description_enable":true,"description":"Indiquez votre num\u00e9ro de t\u00e9l\u00e9phone US. Exemple: 1234567891","placeholder_enable":false,"placeholder":"","display":"select","restrictions_type":"only_numbers","adjust_price":false,"price":"","price_type":"flat_fee","restrictions":false,"min":"0","max":"0","options":[]}],"aioseo_notices":[],"_links":{"self":[{"href":"https:\/\/sim-usa.mobi\/fr\/wp-json\/wp\/v2\/product\/70207","targetHints":{"allow":["GET"]}}],"collection":[{"href":"https:\/\/sim-usa.mobi\/fr\/wp-json\/wp\/v2\/product"}],"about":[{"href":"https:\/\/sim-usa.mobi\/fr\/wp-json\/wp\/v2\/types\/product"}],"wp:featuredmedia":[{"embeddable":true,"href":"https:\/\/sim-usa.mobi\/fr\/wp-json\/wp\/v2\/media\/69905"}],"wp:attachment":[{"href":"https:\/\/sim-usa.mobi\/fr\/wp-json\/wp\/v2\/media?parent=70207"}],"wp:term":[{"taxonomy":"product_brand","embeddable":true,"href":"https:\/\/sim-usa.mobi\/fr\/wp-json\/wp\/v2\/product_brand?post=70207"},{"taxonomy":"product_cat","embeddable":true,"href":"https:\/\/sim-usa.mobi\/fr\/wp-json\/wp\/v2\/product_cat?post=70207"},{"taxonomy":"product_tag","embeddable":true,"href":"https:\/\/sim-usa.mobi\/fr\/wp-json\/wp\/v2\/product_tag?post=70207"},{"taxonomy":"attribute_description","embeddable":true,"href":"https:\/\/sim-usa.mobi\/fr\/wp-json\/wp\/v2\/attribute_description?post=70207"}],"curies":[{"name":"wp","href":"https:\/\/api.w.org\/{rel}","templated":true}]}}