{"id":70234,"date":"2021-08-09T07:18:46","date_gmt":"2021-08-11T13:26:17","guid":{"rendered":"https:\/\/sim-usa.mobi\/product\/att-velocity\/"},"modified":"2023-05-07T17:14:38","modified_gmt":"2023-05-07T15:14:38","slug":"att-velocity","status":"publish","type":"product","link":"https:\/\/sim-usa.mobi\/fr\/produit\/att-velocity\/","title":{"rendered":"AT&amp;T Velocity\u00ae 2"},"content":{"rendered":"<p>Contenu de la boite:<\/p>\n<ul>\n<li>1 routeur \/ hotspot WiFi AT&amp;T Velocity\u00ae 2 (mod\u00e8le ZTE MF985) \u2013 reconditionn\u00e9 \u2013 \u00e9cran tactile (menu en anglais). Admin Web \u2013 Jusqu\u2019\u00e0 10 appareils connect\u00e9s simultan\u00e9ment.<\/li>\n<li>1 Batterie rempla\u00e7able Li-ion (3000 mAh)<\/li>\n<li>1 C\u00e2ble USB-C<\/li>\n<li>1 Guide de d\u00e9marrage rapide<\/li>\n<\/ul>\n<p>En option, \u00e0 coupler avec l\u2019offre: <span style=\"text-decoration: underline;\"><a href=\"https:\/\/sim-usa.mobi\/fr\/produit\/att-100-data\/\">AT&amp;T 100% Data<\/a><\/span><\/p>\n<p><i class=\"fa-solid fa-circle-info\"><\/i> Appareil d\u00e9simlock\u00e9. Assurez-vous de la compatibilit\u00e9 entre les bandes de fr\u00e9quences de l\u2019appareil et votre op\u00e9rateur local.<br \/>\n<i class=\"fa-solid fa-recycle\"><\/i> Afin de proposer les frais de port gratuit nous exp\u00e9dions ce produit hors de son emballage d\u2019origine.<\/p>\n<div id=\"gtx-trans\" style=\"position: absolute; left: 172px; top: 305px;\">\n<div class=\"gtx-trans-icon\"><\/div>\n<\/div>\n","protected":false},"excerpt":{"rendered":"<p>Garanti de fonctionner sur le r\u00e9seau AT&amp;T avec toutes les bandes 4G LTE possibles pour une compatibilit\u00e9 maximale.<br \/>\nLisez ci-dessous plus de d\u00e9tails sur le produit.<\/p>\n","protected":false},"featured_media":94863,"template":"","meta":{"site-sidebar-layout":"default","site-content-layout":"default","ast-site-content-layout":"default","site-content-style":"default","site-sidebar-style":"default","ast-global-header-display":"","ast-banner-title-visibility":"","ast-main-header-display":"","ast-hfb-above-header-display":"","ast-hfb-below-header-display":"","ast-hfb-mobile-header-display":"","site-post-title":"","ast-breadcrumbs-content":"","ast-featured-img":"","footer-sml-layout":"","ast-disable-related-posts":"","theme-transparent-header-meta":"default","adv-header-id-meta":"","stick-header-meta":"","header-above-stick-meta":"","header-main-stick-meta":"","header-below-stick-meta":"","astra-migrate-meta-layouts":"default","ast-page-background-enabled":"default","ast-page-background-meta":{"desktop":{"background-color":"","background-image":"","background-repeat":"repeat","background-position":"center center","background-size":"auto","background-attachment":"scroll","background-type":"","background-media":"","overlay-type":"","overlay-color":"","overlay-opacity":"","overlay-gradient":""},"tablet":{"background-color":"","background-image":"","background-repeat":"repeat","background-position":"center center","background-size":"auto","background-attachment":"scroll","background-type":"","background-media":"","overlay-type":"","overlay-color":"","overlay-opacity":"","overlay-gradient":""},"mobile":{"background-color":"","background-image":"","background-repeat":"repeat","background-position":"center center","background-size":"auto","background-attachment":"scroll","background-type":"","background-media":"","overlay-type":"","overlay-color":"","overlay-opacity":"","overlay-gradient":""}},"ast-content-background-meta":{"desktop":{"background-color":"var(--ast-global-color-5)","background-image":"","background-repeat":"repeat","background-position":"center center","background-size":"auto","background-attachment":"scroll","background-type":"","background-media":"","overlay-type":"","overlay-color":"","overlay-opacity":"","overlay-gradient":""},"tablet":{"background-color":"var(--ast-global-color-5)","background-image":"","background-repeat":"repeat","background-position":"center center","background-size":"auto","background-attachment":"scroll","background-type":"","background-media":"","overlay-type":"","overlay-color":"","overlay-opacity":"","overlay-gradient":""},"mobile":{"background-color":"var(--ast-global-color-5)","background-image":"","background-repeat":"repeat","background-position":"center center","background-size":"auto","background-attachment":"scroll","background-type":"","background-media":"","overlay-type":"","overlay-color":"","overlay-opacity":"","overlay-gradient":""}}},"product_brand":[],"product_cat":[76],"product_tag":[105],"attribute_description":[],"class_list":{"0":"post-70234","1":"product","2":"type-product","3":"status-publish","4":"has-post-thumbnail","6":"product_cat-routeurs","7":"product_tag-routeur","8":"desktop-align-left","9":"tablet-align-left","10":"mobile-align-left","12":"first","13":"instock","14":"taxable","15":"shipping-taxable","16":"purchasable","17":"product-type-simple"},"group_of_quantity":0,"min_quantity":0,"max_quantity":"","exclude_order_quantity_value_rules":"no","exclude_category_quantity_rules":"no","combine_variations":"no","exclude_global_add_ons":[],"addons":[],"aioseo_notices":[],"_links":{"self":[{"href":"https:\/\/sim-usa.mobi\/fr\/wp-json\/wp\/v2\/product\/70234","targetHints":{"allow":["GET"]}}],"collection":[{"href":"https:\/\/sim-usa.mobi\/fr\/wp-json\/wp\/v2\/product"}],"about":[{"href":"https:\/\/sim-usa.mobi\/fr\/wp-json\/wp\/v2\/types\/product"}],"wp:featuredmedia":[{"embeddable":true,"href":"https:\/\/sim-usa.mobi\/fr\/wp-json\/wp\/v2\/media\/94863"}],"wp:attachment":[{"href":"https:\/\/sim-usa.mobi\/fr\/wp-json\/wp\/v2\/media?parent=70234"}],"wp:term":[{"taxonomy":"product_brand","embeddable":true,"href":"https:\/\/sim-usa.mobi\/fr\/wp-json\/wp\/v2\/product_brand?post=70234"},{"taxonomy":"product_cat","embeddable":true,"href":"https:\/\/sim-usa.mobi\/fr\/wp-json\/wp\/v2\/product_cat?post=70234"},{"taxonomy":"product_tag","embeddable":true,"href":"https:\/\/sim-usa.mobi\/fr\/wp-json\/wp\/v2\/product_tag?post=70234"},{"taxonomy":"attribute_description","embeddable":true,"href":"https:\/\/sim-usa.mobi\/fr\/wp-json\/wp\/v2\/attribute_description?post=70234"}],"curies":[{"name":"wp","href":"https:\/\/api.w.org\/{rel}","templated":true}]}}