{"id":94523,"date":"2021-10-20T17:39:22","date_gmt":"2021-10-20T15:39:23","guid":{"rendered":"https:\/\/sim-usa.mobi\/?post_type=product&#038;p=94523"},"modified":"2023-07-31T10:15:25","modified_gmt":"2023-07-31T08:15:25","slug":"t-mobile-illimitee-avec-10go-hotspot","status":"publish","type":"product","link":"https:\/\/sim-usa.mobi\/fr\/produit\/t-mobile-illimitee-avec-10go-hotspot\/","title":{"rendered":"T-Mobile Illimit\u00e9e avec 10 Go Hotspot"},"content":{"rendered":"<ul>\n<li>R\u00e9seau T-Mobile<\/li>\n<li>Appels &amp; sms illimit\u00e9s \u00e0 l&#8217;int\u00e9rieur des \u00c9tats-Unis, Canada et Mexique.<\/li>\n<li>Vos apps. WhatsApp, Facebook messenger, Skype, etc. comme d&#8217;habitude. Votre num\u00e9ro est conserv\u00e9.<\/li>\n<li>Internet data illimit\u00e9 jusqu&#8217;\u00e0 la vitesse 5G aux \u00c9tats-Unis dont 5 Go au Canada et au Mexique.<\/li>\n<li>Partage de connexion autoris\u00e9 dont 10 Go jusqu&#8217;\u00e0 la vitesse 5G, puis la vitesse est r\u00e9duite pour les appareils connect\u00e9s.<\/li>\n<li>Carte sim universelle triple-d\u00e9coupe.<\/li>\n<li>Valable 30 jours apr\u00e8s l&#8217;activation.<\/li>\n<li>Des <a title=\"Recharges\" href=\"https:\/\/sim-usa.mobi\/product-category\/reload\/\"><span style=\"text-decoration: underline;\">recharges<\/span><\/a> sont disponibles pour prolonger la validit\u00e9.<\/li>\n<\/ul>\n<p><i class=\"fa-solid fa-triangle-exclamation\"><\/i> Fonctionnement garanti dans un smartphone uniquement. L\u2019insertion de le carte sim dans un routeur ou une tablette peut \u00eatre bloqu\u00e9e par l\u2019op\u00e9rateur.<\/p>\n","protected":false},"excerpt":{"rendered":"<p>Data illimit\u00e9e en 4G LTE pendant 30 jours apr\u00e8s l&#8217;activation.<br \/>\nDes restrictions s&#8217;appliquent. Lisez ci-dessous pour plus de d\u00e9tails.<\/p>\n","protected":false},"featured_media":69953,"template":"","meta":{"site-sidebar-layout":"default","site-content-layout":"default","ast-site-content-layout":"default","site-content-style":"default","site-sidebar-style":"default","ast-global-header-display":"","ast-banner-title-visibility":"","ast-main-header-display":"","ast-hfb-above-header-display":"","ast-hfb-below-header-display":"","ast-hfb-mobile-header-display":"","site-post-title":"","ast-breadcrumbs-content":"","ast-featured-img":"","footer-sml-layout":"","ast-disable-related-posts":"","theme-transparent-header-meta":"default","adv-header-id-meta":"","stick-header-meta":"","header-above-stick-meta":"","header-main-stick-meta":"","header-below-stick-meta":"","astra-migrate-meta-layouts":"default","ast-page-background-enabled":"default","ast-page-background-meta":{"desktop":{"background-color":"","background-image":"","background-repeat":"repeat","background-position":"center center","background-size":"auto","background-attachment":"scroll","background-type":"","background-media":"","overlay-type":"","overlay-color":"","overlay-opacity":"","overlay-gradient":""},"tablet":{"background-color":"","background-image":"","background-repeat":"repeat","background-position":"center center","background-size":"auto","background-attachment":"scroll","background-type":"","background-media":"","overlay-type":"","overlay-color":"","overlay-opacity":"","overlay-gradient":""},"mobile":{"background-color":"","background-image":"","background-repeat":"repeat","background-position":"center center","background-size":"auto","background-attachment":"scroll","background-type":"","background-media":"","overlay-type":"","overlay-color":"","overlay-opacity":"","overlay-gradient":""}},"ast-content-background-meta":{"desktop":{"background-color":"var(--ast-global-color-5)","background-image":"","background-repeat":"repeat","background-position":"center center","background-size":"auto","background-attachment":"scroll","background-type":"","background-media":"","overlay-type":"","overlay-color":"","overlay-opacity":"","overlay-gradient":""},"tablet":{"background-color":"var(--ast-global-color-5)","background-image":"","background-repeat":"repeat","background-position":"center center","background-size":"auto","background-attachment":"scroll","background-type":"","background-media":"","overlay-type":"","overlay-color":"","overlay-opacity":"","overlay-gradient":""},"mobile":{"background-color":"var(--ast-global-color-5)","background-image":"","background-repeat":"repeat","background-position":"center center","background-size":"auto","background-attachment":"scroll","background-type":"","background-media":"","overlay-type":"","overlay-color":"","overlay-opacity":"","overlay-gradient":""}}},"product_brand":[],"product_cat":[73],"product_tag":[],"attribute_description":[],"class_list":{"0":"post-94523","1":"product","2":"type-product","3":"status-publish","4":"has-post-thumbnail","6":"product_cat-forfaits","7":"desktop-align-left","8":"tablet-align-left","9":"mobile-align-left","11":"first","12":"instock","13":"taxable","14":"shipping-taxable","15":"purchasable","16":"product-type-simple"},"group_of_quantity":0,"min_quantity":0,"max_quantity":"","exclude_order_quantity_value_rules":"no","exclude_category_quantity_rules":"no","combine_variations":"no","exclude_global_add_ons":[],"addons":[],"aioseo_notices":[],"_links":{"self":[{"href":"https:\/\/sim-usa.mobi\/fr\/wp-json\/wp\/v2\/product\/94523","targetHints":{"allow":["GET"]}}],"collection":[{"href":"https:\/\/sim-usa.mobi\/fr\/wp-json\/wp\/v2\/product"}],"about":[{"href":"https:\/\/sim-usa.mobi\/fr\/wp-json\/wp\/v2\/types\/product"}],"wp:featuredmedia":[{"embeddable":true,"href":"https:\/\/sim-usa.mobi\/fr\/wp-json\/wp\/v2\/media\/69953"}],"wp:attachment":[{"href":"https:\/\/sim-usa.mobi\/fr\/wp-json\/wp\/v2\/media?parent=94523"}],"wp:term":[{"taxonomy":"product_brand","embeddable":true,"href":"https:\/\/sim-usa.mobi\/fr\/wp-json\/wp\/v2\/product_brand?post=94523"},{"taxonomy":"product_cat","embeddable":true,"href":"https:\/\/sim-usa.mobi\/fr\/wp-json\/wp\/v2\/product_cat?post=94523"},{"taxonomy":"product_tag","embeddable":true,"href":"https:\/\/sim-usa.mobi\/fr\/wp-json\/wp\/v2\/product_tag?post=94523"},{"taxonomy":"attribute_description","embeddable":true,"href":"https:\/\/sim-usa.mobi\/fr\/wp-json\/wp\/v2\/attribute_description?post=94523"}],"curies":[{"name":"wp","href":"https:\/\/api.w.org\/{rel}","templated":true}]}}