{"id":96210,"date":"2022-01-06T06:39:08","date_gmt":"2022-01-06T05:39:08","guid":{"rendered":"https:\/\/sim-usa.mobi\/?post_type=product&#038;p=96210"},"modified":"2023-09-02T17:45:26","modified_gmt":"2023-09-02T15:45:26","slug":"t-mobile-premium-forfait-mensuel","status":"publish","type":"product","link":"https:\/\/sim-usa.mobi\/fr\/produit\/t-mobile-premium-forfait-mensuel\/","title":{"rendered":"T-Mobile Premium &#8211; Mensuel"},"content":{"rendered":"<ul>\n<li>Vous restez plus de 30 jours ? Abonnez-vous maintenant.<\/li>\n<li><strong>Vous devez avoir un forfait actif. Nous identifierons votre num\u00e9ro de t\u00e9l\u00e9phone am\u00e9ricain \u00e0 partir de votre commande initiale sur notre boutique.<\/strong><\/li>\n<li>Vous pouvez annuler \u00e0 tout moment. Sans condition !<\/li>\n<li>Aucune action n&#8217;est requise apr\u00e8s la commande. Votre plan sera recharg\u00e9 automatiquement \u00e0 la date de renouvellement.<\/li>\n<\/ul>\n<div id=\"gtx-trans\" style=\"position: absolute; left: 49px; top: 46px;\">\n<div class=\"gtx-trans-icon\"><\/div>\n<\/div>\n","protected":false},"excerpt":{"rendered":"<p>Vous restez plus de 30 jours ? Abonnez-vous maintenant. Vous pouvez annuler \u00e0 tout moment. Sans condition ! Vous devez poss\u00e9der une carte SIM T-Mobile et un num\u00e9ro de t\u00e9l\u00e9phone US actif.<\/p>\n","protected":false},"featured_media":96699,"template":"","meta":{"site-sidebar-layout":"default","site-content-layout":"default","ast-site-content-layout":"default","site-content-style":"default","site-sidebar-style":"default","ast-global-header-display":"","ast-banner-title-visibility":"","ast-main-header-display":"","ast-hfb-above-header-display":"","ast-hfb-below-header-display":"","ast-hfb-mobile-header-display":"","site-post-title":"","ast-breadcrumbs-content":"","ast-featured-img":"","footer-sml-layout":"","ast-disable-related-posts":"","theme-transparent-header-meta":"default","adv-header-id-meta":"","stick-header-meta":"","header-above-stick-meta":"","header-main-stick-meta":"","header-below-stick-meta":"","astra-migrate-meta-layouts":"default","ast-page-background-enabled":"default","ast-page-background-meta":{"desktop":{"background-color":"","background-image":"","background-repeat":"repeat","background-position":"center center","background-size":"auto","background-attachment":"scroll","background-type":"","background-media":"","overlay-type":"","overlay-color":"","overlay-opacity":"","overlay-gradient":""},"tablet":{"background-color":"","background-image":"","background-repeat":"repeat","background-position":"center center","background-size":"auto","background-attachment":"scroll","background-type":"","background-media":"","overlay-type":"","overlay-color":"","overlay-opacity":"","overlay-gradient":""},"mobile":{"background-color":"","background-image":"","background-repeat":"repeat","background-position":"center center","background-size":"auto","background-attachment":"scroll","background-type":"","background-media":"","overlay-type":"","overlay-color":"","overlay-opacity":"","overlay-gradient":""}},"ast-content-background-meta":{"desktop":{"background-color":"var(--ast-global-color-5)","background-image":"","background-repeat":"repeat","background-position":"center center","background-size":"auto","background-attachment":"scroll","background-type":"","background-media":"","overlay-type":"","overlay-color":"","overlay-opacity":"","overlay-gradient":""},"tablet":{"background-color":"var(--ast-global-color-5)","background-image":"","background-repeat":"repeat","background-position":"center center","background-size":"auto","background-attachment":"scroll","background-type":"","background-media":"","overlay-type":"","overlay-color":"","overlay-opacity":"","overlay-gradient":""},"mobile":{"background-color":"var(--ast-global-color-5)","background-image":"","background-repeat":"repeat","background-position":"center center","background-size":"auto","background-attachment":"scroll","background-type":"","background-media":"","overlay-type":"","overlay-color":"","overlay-opacity":"","overlay-gradient":""}}},"product_brand":[],"product_cat":[116,67],"product_tag":[],"attribute_description":[],"class_list":{"0":"post-96210","1":"product","2":"type-product","3":"status-publish","4":"has-post-thumbnail","6":"product_cat-abonnements","7":"product_cat-recharges","8":"desktop-align-left","9":"tablet-align-left","10":"mobile-align-left","12":"first","13":"instock","14":"virtual","15":"taxable","16":"purchasable","17":"product-type-subscription"},"group_of_quantity":0,"min_quantity":0,"max_quantity":"","exclude_order_quantity_value_rules":"no","exclude_category_quantity_rules":"no","combine_variations":"no","exclude_global_add_ons":[],"addons":[],"aioseo_notices":[],"_links":{"self":[{"href":"https:\/\/sim-usa.mobi\/fr\/wp-json\/wp\/v2\/product\/96210","targetHints":{"allow":["GET"]}}],"collection":[{"href":"https:\/\/sim-usa.mobi\/fr\/wp-json\/wp\/v2\/product"}],"about":[{"href":"https:\/\/sim-usa.mobi\/fr\/wp-json\/wp\/v2\/types\/product"}],"wp:featuredmedia":[{"embeddable":true,"href":"https:\/\/sim-usa.mobi\/fr\/wp-json\/wp\/v2\/media\/96699"}],"wp:attachment":[{"href":"https:\/\/sim-usa.mobi\/fr\/wp-json\/wp\/v2\/media?parent=96210"}],"wp:term":[{"taxonomy":"product_brand","embeddable":true,"href":"https:\/\/sim-usa.mobi\/fr\/wp-json\/wp\/v2\/product_brand?post=96210"},{"taxonomy":"product_cat","embeddable":true,"href":"https:\/\/sim-usa.mobi\/fr\/wp-json\/wp\/v2\/product_cat?post=96210"},{"taxonomy":"product_tag","embeddable":true,"href":"https:\/\/sim-usa.mobi\/fr\/wp-json\/wp\/v2\/product_tag?post=96210"},{"taxonomy":"attribute_description","embeddable":true,"href":"https:\/\/sim-usa.mobi\/fr\/wp-json\/wp\/v2\/attribute_description?post=96210"}],"curies":[{"name":"wp","href":"https:\/\/api.w.org\/{rel}","templated":true}]}}