{"id":99009,"date":"2021-08-09T12:01:55","date_gmt":"2022-04-12T05:57:59","guid":{"rendered":"https:\/\/sim-usa.mobi\/product\/renvoi-appel\/"},"modified":"2022-04-19T11:12:32","modified_gmt":"2022-04-19T09:12:32","slug":"renvoi-appel","status":"publish","type":"product","link":"https:\/\/sim-usa.mobi\/fr\/produit\/renvoi-appel\/","title":{"rendered":"Renvoi d&#8217;appel"},"content":{"rendered":"<p>En plus de votre num\u00e9ro am\u00e9ricain, on vous attribue un num\u00e9ro fixe de votre pays d\u2019origine qui vous permet de mettre en place un renvoi d\u2019appel de votre num\u00e9ro mobile vers ce num\u00e9ro fixe. Ce m\u00eame num\u00e9ro redirigera automatiquement tous les appels re\u00e7us vers votre num\u00e9ro am\u00e9ricain.<br \/>\nVous ne perdez donc aucun appel et il n\u2019y a aucun surco\u00fbt pour vous ou l\u2019appelant.<br \/>\nVous devez vous renseigner aupr\u00e8s de votre op\u00e9rateur mobile actuel pour la mise en place et le co\u00fbt \u00e9ventuel de la fonction renvoi d\u2019appel. Cette option est valable pour les appels uniquement. Les SMS ne sont pas transf\u00e9r\u00e9s.<\/p>\n<p>Un num\u00e9ro de t\u00e9l\u00e9phone fixe fran\u00e7ais peut uniquement \u00eatre attribu\u00e9 \u00e0 ce jour. Il commencera par +331&#8230;<\/p>\n<p>Si votre carte SIM a d\u00e9j\u00e0 \u00e9t\u00e9 activ\u00e9e, votre num\u00e9ro de transfert d&#8217;appel vous sera envoy\u00e9 par e-mail dans les 24 heures maximum.<\/p>\n<p>Pour un service de plus de 30 jours, veuillez nous contacter pour un devis personnalis\u00e9.<\/p>\n<p><i class=\"fa-solid fa-circle-exclamation\"><\/i> Veuillez d&#8217;abord vous connecter via &#8220;Mon compte&#8221; avant de commander afin que nous puissions identifier votre commande d&#8217;origine.<\/p>\n","protected":false},"excerpt":{"rendered":"<p>Acheter l&#8217;option &#8220;Je reste joignable sur mon num\u00e9ro habituel&#8221;.<br \/>\nValable 30 jours. Service activ\u00e9 avec la carte sim ou sous 24h maximum.<\/p>\n","protected":false},"featured_media":59813,"template":"","meta":{"site-sidebar-layout":"default","site-content-layout":"default","ast-site-content-layout":"default","site-content-style":"default","site-sidebar-style":"default","ast-global-header-display":"","ast-banner-title-visibility":"","ast-main-header-display":"","ast-hfb-above-header-display":"","ast-hfb-below-header-display":"","ast-hfb-mobile-header-display":"","site-post-title":"","ast-breadcrumbs-content":"","ast-featured-img":"","footer-sml-layout":"","ast-disable-related-posts":"","theme-transparent-header-meta":"default","adv-header-id-meta":"","stick-header-meta":"","header-above-stick-meta":"","header-main-stick-meta":"","header-below-stick-meta":"","astra-migrate-meta-layouts":"default","ast-page-background-enabled":"default","ast-page-background-meta":{"desktop":{"background-color":"","background-image":"","background-repeat":"repeat","background-position":"center center","background-size":"auto","background-attachment":"scroll","background-type":"","background-media":"","overlay-type":"","overlay-color":"","overlay-opacity":"","overlay-gradient":""},"tablet":{"background-color":"","background-image":"","background-repeat":"repeat","background-position":"center center","background-size":"auto","background-attachment":"scroll","background-type":"","background-media":"","overlay-type":"","overlay-color":"","overlay-opacity":"","overlay-gradient":""},"mobile":{"background-color":"","background-image":"","background-repeat":"repeat","background-position":"center center","background-size":"auto","background-attachment":"scroll","background-type":"","background-media":"","overlay-type":"","overlay-color":"","overlay-opacity":"","overlay-gradient":""}},"ast-content-background-meta":{"desktop":{"background-color":"var(--ast-global-color-5)","background-image":"","background-repeat":"repeat","background-position":"center center","background-size":"auto","background-attachment":"scroll","background-type":"","background-media":"","overlay-type":"","overlay-color":"","overlay-opacity":"","overlay-gradient":""},"tablet":{"background-color":"var(--ast-global-color-5)","background-image":"","background-repeat":"repeat","background-position":"center center","background-size":"auto","background-attachment":"scroll","background-type":"","background-media":"","overlay-type":"","overlay-color":"","overlay-opacity":"","overlay-gradient":""},"mobile":{"background-color":"var(--ast-global-color-5)","background-image":"","background-repeat":"repeat","background-position":"center center","background-size":"auto","background-attachment":"scroll","background-type":"","background-media":"","overlay-type":"","overlay-color":"","overlay-opacity":"","overlay-gradient":""}}},"product_brand":[],"product_cat":[67],"product_tag":[],"attribute_description":[],"class_list":{"0":"post-99009","1":"product","2":"type-product","3":"status-publish","4":"has-post-thumbnail","6":"product_cat-recharges","7":"desktop-align-left","8":"tablet-align-left","9":"mobile-align-left","11":"first","12":"outofstock","13":"virtual","14":"taxable","15":"purchasable","16":"product-type-simple"},"group_of_quantity":0,"min_quantity":0,"max_quantity":"","exclude_order_quantity_value_rules":"no","exclude_category_quantity_rules":"no","combine_variations":"no","exclude_global_add_ons":[],"addons":[],"aioseo_notices":[],"_links":{"self":[{"href":"https:\/\/sim-usa.mobi\/fr\/wp-json\/wp\/v2\/product\/99009","targetHints":{"allow":["GET"]}}],"collection":[{"href":"https:\/\/sim-usa.mobi\/fr\/wp-json\/wp\/v2\/product"}],"about":[{"href":"https:\/\/sim-usa.mobi\/fr\/wp-json\/wp\/v2\/types\/product"}],"wp:featuredmedia":[{"embeddable":true,"href":"https:\/\/sim-usa.mobi\/fr\/wp-json\/wp\/v2\/media\/59813"}],"wp:attachment":[{"href":"https:\/\/sim-usa.mobi\/fr\/wp-json\/wp\/v2\/media?parent=99009"}],"wp:term":[{"taxonomy":"product_brand","embeddable":true,"href":"https:\/\/sim-usa.mobi\/fr\/wp-json\/wp\/v2\/product_brand?post=99009"},{"taxonomy":"product_cat","embeddable":true,"href":"https:\/\/sim-usa.mobi\/fr\/wp-json\/wp\/v2\/product_cat?post=99009"},{"taxonomy":"product_tag","embeddable":true,"href":"https:\/\/sim-usa.mobi\/fr\/wp-json\/wp\/v2\/product_tag?post=99009"},{"taxonomy":"attribute_description","embeddable":true,"href":"https:\/\/sim-usa.mobi\/fr\/wp-json\/wp\/v2\/attribute_description?post=99009"}],"curies":[{"name":"wp","href":"https:\/\/api.w.org\/{rel}","templated":true}]}}